{"id":1175,"date":"2025-05-14T13:12:21","date_gmt":"2025-05-14T11:12:21","guid":{"rendered":"https:\/\/immobi.co.za\/biuro\/?page_id=1175"},"modified":"2025-11-17T08:34:36","modified_gmt":"2025-11-17T07:34:36","slug":"sprzedaj-mieszkanie-ursynow","status":"publish","type":"page","link":"https:\/\/immobi.co.za\/biuro\/sprzedaj-mieszkanie-ursynow\/","title":{"rendered":"Sprzeda\u017c mieszka\u0144 Ursyn\u00f3w Warszawa \u2013 biuro nieruchomo\u015bci Immobi"},"content":{"rendered":"\n<p>Jako <strong>biuro nieruchomo\u015bci<\/strong> sprzedajemy mieszkania na Ursynowie i w innych dzielnicach Warszawy. Prowadzimy sprzeda\u017c lokali zr\u00f3\u017cnicowanych pod wzgl\u0119dem powierzchni, standardu i ceny. Jeste\u015bmy zespo\u0142em do\u015bwiadczonych agent\u00f3w, kt\u00f3rzy na pierwszym miejscu zawsze stawiaj\u0105 potrzeby Klienta. <\/p>\n\n\n\n<p>latego te\u017c wszystkie nasze dzia\u0142ania ukierunkowane s\u0105 na spe\u0142nienie jego indywidualnych oczekiwa\u0144.<br>Sprzedajemy <a href=\"https:\/\/immobi.co.za\/biuro\/rynek-wtorny-mieszkan-goclaw\/\">mieszkania z rynku wt\u00f3rnego<\/a> po\u0142o\u017cone w klimatycznych kamienicach, blokach z wielkiej p\u0142yty i nowoczesnych budynkach, ulokowane zar\u00f3wno w starym, jak i nowym budownictwie. Jeste\u015bmy ekspertami od znajdowania ofert idealnie dopasowanych do potrzeb konkretnego nabywcy, dlatego osi\u0105gamy bardzo wysokie wyniki sprzeda\u017cy.<\/p>\n\n\n\n<h2 class=\"wp-block-heading\">Nowoczesne narz\u0119dzia do sprzeda\u017cy mieszka\u0144<\/h2>\n\n\n\n<p>Sprzedaj\u0105c mieszkania, korzystamy z innowacyjnych narz\u0119dzi, kt\u00f3re znacznie usprawniaj\u0105 i przyspieszaj\u0105 ca\u0142y proces. Doskonale orientujemy si\u0119 nie tylko w bie\u017c\u0105cej sytuacji na rynku nieruchomo\u015bci, ale nieobce nam s\u0105 r\u00f3wnie\u017c nowoczesne technologie. Nasza specjalna <strong>aplikacja do sprzeda\u017cy mieszka\u0144<\/strong> daje Klientowi wgl\u0105d we wszystkie dzia\u0142ania podejmowane przez agenta i umo\u017cliwia r\u00f3wnie\u017c bezpo\u015brednie negocjacje ceny.<\/p>\n\n\n\n<p>Szybko i sprawnie sprzedajemy mieszkania w Warszawie, stoj\u0105c na stra\u017cy interes\u00f3w naszych Klient\u00f3w. Zapewniamy fachowe doradztwo, pilnujemy prawid\u0142owo\u015bci zapis\u00f3w um\u00f3w i pozosta\u0142ej dokumentacji. S\u0142u\u017cymy tak\u017ce pomoc\u0105 w znalezieniu eksperta ds. zdolno\u015bci kredytowej.<\/p>\n\n\n\n<h2 class=\"wp-block-heading\">Mieszkania na sprzeda\u017c dopasowane do Pa\u0144stwa potrzeb<\/h2>\n\n\n\n<p>Ka\u017cdy Klient ma swoje unikalne potrzeby. Z tego powodu dobieramy <strong>mieszkania na sprzeda\u017c<\/strong>, uwzgl\u0119dniaj\u0105c takie preferencje, jak metra\u017c, standard wyko\u0144czenia, lokalizacja czy dost\u0119pno\u015b\u0107 udogodnie\u0144 (blisko\u015b\u0107 komunikacji miejskiej, szk\u00f3\u0142 czy teren\u00f3w zielonych). Naszym celem jest znalezienie nieruchomo\u015bci, kt\u00f3ra spe\u0142ni wszystkie oczekiwania Klienta, zapewniaj\u0105c satysfakcj\u0119 z zakupu. Dzi\u0119ki temu proces wyboru mieszkania staje si\u0119 prostszy, bardziej efektywny i przyjemny.<\/p>\n\n\n\n<p>Przedstawiamy Klientom kilka opcji, kt\u00f3re najlepiej odpowiadaj\u0105 na zg\u0142oszone potrzeby. Organizujemy szczeg\u00f3\u0142owe prezentacje wybranych nieruchomo\u015bci, umo\u017cliwiaj\u0105c dok\u0142adne zapoznanie si\u0119 z ka\u017cd\u0105 propozycj\u0105. Podczas ogl\u0119dzin zwracamy uwag\u0119 na istotne szczeg\u00f3\u0142y techniczne i funkcjonalno\u015b\u0107 lokalu. Dzi\u0119ki temu Klient mo\u017ce podj\u0105\u0107 \u015bwiadom\u0105 decyzj\u0119 o zakupie, maj\u0105c pe\u0142en obraz opcji dost\u0119pnych na rynku.<\/p>\n\n\n\n<h2 class=\"wp-block-heading\">Dlaczego warto podj\u0105\u0107 wsp\u00f3\u0142prac\u0119 z agencj\u0105 nieruchomo\u015bci na Ursynowie?<\/h2>\n\n\n\n<p>Wsp\u00f3\u0142praca z nasz\u0105 <strong>agencj\u0105 nieruchomo\u015bci<\/strong> dzia\u0142aj\u0105c\u0105 na Ursynowie to gwarancja profesjonalizmu i dog\u0142\u0119bnej znajomo\u015bci rynku. Nasi pracownicy doskonale rozumiej\u0105 specyfik\u0119 lokalnych ofert, trendy cenowe oraz potrzeby mieszka\u0144c\u00f3w tej dzielnicy. Pozwala to na skuteczne dopasowanie ofert do oczekiwa\u0144 Klient\u00f3w, co przek\u0142ada si\u0119 na szybszy i bardziej satysfakcjonuj\u0105cy proces zakupu lub sprzeda\u017cy nieruchomo\u015bci.<\/p>\n\n\n\n<p>Nasza agencja oferuje kompleksowe wsparcie na ka\u017cdym etapie transakcji, od wst\u0119pnego wyszukiwania nieruchomo\u015bci, przez negocjacje cenowe, a\u017c po finalizacj\u0119 umowy. Dzi\u0119ki temu Klienci nie musz\u0105 martwi\u0107 si\u0119 o formalno\u015bci, takie jak weryfikacja stanu prawnego mieszkania czy przygotowanie dokument\u00f3w. Fachowe doradztwo i pomoc w negocjacjach zwi\u0119kszaj\u0105 szanse na uzyskanie korzystnych warunk\u00f3w zakupu lub sprzeda\u017cy. Dodatkowo nasi agenci dbaj\u0105 o to, by transakcja przebiega\u0142a w zgodzie z obowi\u0105zuj\u0105cymi przepisami i standardami.<\/p>\n\n\n\n<p>Zar\u00f3wno dla kupuj\u0105cych, jak i sprzedaj\u0105cych, wsp\u00f3\u0142praca z agencj\u0105 nieruchomo\u015bci oznacza oszcz\u0119dno\u015b\u0107 czasu, pewno\u015b\u0107 co do przejrzysto\u015bci transakcji oraz dost\u0119p do profesjonalnej wiedzy i do\u015bwiadczenia. Dzi\u0119ki indywidualnemu podej\u015bciu mo\u017cemy spe\u0142ni\u0107 nawet najbardziej wymagaj\u0105ce oczekiwania Klient\u00f3w, co sprawia, \u017ce ca\u0142y proces staje si\u0119 mniej stresuj\u0105cy. Wybieraj\u0105c lokalne biuro nieruchomo\u015bci, mog\u0105 Pa\u0144stwo liczy\u0107 na zaanga\u017cowanie i skuteczno\u015b\u0107 w realizacji swoich cel\u00f3w.<\/p>\n\n\n\n<h2 class=\"wp-block-heading\">Sprzedam mieszkanie \u2013 oferta dla w\u0142a\u015bcicieli nieruchomo\u015bci na Ursynowie<\/h2>\n\n\n\n<p>W\u0142a\u015bciciele nieruchomo\u015bci na Ursynowie, kt\u00f3rzy zdecyduj\u0105 si\u0119 na wsp\u00f3\u0142prac\u0119 z nasz\u0105 agencj\u0105, mog\u0105 liczy\u0107 na kompleksowe wsparcie w procesie sprzeda\u017cy. Obejmuje ono <strong>przygotowanie atrakcyjnej oferty, w tym profesjonalne sesje zdj\u0119ciowe, opisy nieruchomo\u015bci oraz szerok\u0105 promocj\u0119 na portalach bran\u017cowych<\/strong> i w\u015br\u00f3d potencjalnych nabywc\u00f3w. Nasza agencja zajmuje si\u0119 r\u00f3wnie\u017c koordynacj\u0105 prezentacji nieruchomo\u015bci oraz negocjacjami z zainteresowanymi osobami, co pozwala w\u0142a\u015bcicielom oszcz\u0119dzi\u0107 czas i zwi\u0119ksza szanse na szybk\u0105 sprzeda\u017c po atrakcyjnej cenie.<\/p>\n\n\n\n<p>Je\u015bli chc\u0105 Pa\u0144stwo sprzeda\u0107 mieszkanie na Ursynowie lub szukaj\u0105 Pa\u0144stwo wymarzonego lokalu dla siebie, zapraszamy do kontaktu z naszymi specjalistami. Zach\u0119camy te\u017c do sprawdzenia og\u0142osze\u0144 na naszej stronie.<\/p>\n","protected":false},"excerpt":{"rendered":"<p>Jako biuro nieruchomo\u015bci sprzedajemy mieszkania na Ursynowie i w innych dzielnicach Warszawy. Prowadzimy sprzeda\u017c lokali zr\u00f3\u017cnicowanych pod wzgl\u0119dem powierzchni, standardu i ceny. Jeste\u015bmy zespo\u0142em do\u015bwiadczonych agent\u00f3w, kt\u00f3rzy na pierwszym miejscu zawsze stawiaj\u0105 potrzeby Klienta. latego te\u017c wszystkie nasze dzia\u0142ania ukierunkowane s\u0105 na spe\u0142nienie jego indywidualnych oczekiwa\u0144.Sprzedajemy mieszkania z rynku wt\u00f3rnego po\u0142o\u017cone w klimatycznych kamienicach, blokach [&hellip;]<\/p>\n","protected":false},"author":1,"featured_media":0,"parent":0,"menu_order":0,"comment_status":"closed","ping_status":"closed","template":"","meta":{"_acf_changed":false,"inline_featured_image":false,"footnotes":""},"class_list":["post-1175","page","type-page","status-publish","hentry"],"acf":[],"yoast_head":"<!-- This site is optimized with the Yoast SEO plugin v27.1.1 - https:\/\/yoast.com\/product\/yoast-seo-wordpress\/ -->\n<title>Sprzeda\u017c mieszka\u0144 Ursyn\u00f3w Warszawa \u2013 agencja nieruchomo\u015bci Immobi<\/title>\n<meta name=\"description\" content=\"Sprzedajemy mieszkania na Ursynowie zr\u00f3\u017cnicowane pod wzgl\u0119dem cen, metra\u017cu i standardu. Szybka i sprawna realizacja procesu sprzeda\u017cy. Przeczytaj wi\u0119cej!\" \/>\n<meta name=\"robots\" content=\"index, follow, max-snippet:-1, max-image-preview:large, max-video-preview:-1\" \/>\n<link rel=\"canonical\" href=\"https:\/\/immobi.co.za\/biuro\/sprzedaj-mieszkanie-ursynow\/\" \/>\n<meta property=\"og:locale\" content=\"pl_PL\" \/>\n<meta property=\"og:type\" content=\"article\" \/>\n<meta property=\"og:title\" content=\"Sprzeda\u017c mieszka\u0144 Ursyn\u00f3w Warszawa \u2013 agencja nieruchomo\u015bci Immobi\" \/>\n<meta property=\"og:description\" content=\"Sprzedajemy mieszkania na Ursynowie zr\u00f3\u017cnicowane pod wzgl\u0119dem cen, metra\u017cu i standardu. Szybka i sprawna realizacja procesu sprzeda\u017cy. Przeczytaj wi\u0119cej!\" \/>\n<meta property=\"og:url\" content=\"https:\/\/immobi.co.za\/biuro\/sprzedaj-mieszkanie-ursynow\/\" \/>\n<meta property=\"og:site_name\" content=\"Immobi\" \/>\n<meta property=\"article:publisher\" content=\"https:\/\/www.facebook.com\/immobi.co.za\" \/>\n<meta property=\"article:modified_time\" content=\"2025-11-17T07:34:36+00:00\" \/>\n<meta name=\"twitter:card\" content=\"summary_large_image\" \/>\n<meta name=\"twitter:label1\" content=\"Szacowany czas czytania\" \/>\n\t<meta name=\"twitter:data1\" content=\"4 minuty\" \/>\n<script type=\"application\/ld+json\" class=\"yoast-schema-graph\">{\"@context\":\"https:\/\/schema.org\",\"@graph\":[{\"@type\":\"WebPage\",\"@id\":\"https:\/\/immobi.co.za\/biuro\/sprzedaj-mieszkanie-ursynow\/\",\"url\":\"https:\/\/immobi.co.za\/biuro\/sprzedaj-mieszkanie-ursynow\/\",\"name\":\"Sprzeda\u017c mieszka\u0144 Ursyn\u00f3w Warszawa \u2013 agencja nieruchomo\u015bci Immobi\",\"isPartOf\":{\"@id\":\"https:\/\/immobi.co.za\/biuro\/#website\"},\"datePublished\":\"2025-05-14T11:12:21+00:00\",\"dateModified\":\"2025-11-17T07:34:36+00:00\",\"description\":\"Sprzedajemy mieszkania na Ursynowie zr\u00f3\u017cnicowane pod wzgl\u0119dem cen, metra\u017cu i standardu. Szybka i sprawna realizacja procesu sprzeda\u017cy. Przeczytaj wi\u0119cej!\",\"breadcrumb\":{\"@id\":\"https:\/\/immobi.co.za\/biuro\/sprzedaj-mieszkanie-ursynow\/#breadcrumb\"},\"inLanguage\":\"pl-PL\",\"potentialAction\":[{\"@type\":\"ReadAction\",\"target\":[\"https:\/\/immobi.co.za\/biuro\/sprzedaj-mieszkanie-ursynow\/\"]}]},{\"@type\":\"BreadcrumbList\",\"@id\":\"https:\/\/immobi.co.za\/biuro\/sprzedaj-mieszkanie-ursynow\/#breadcrumb\",\"itemListElement\":[{\"@type\":\"ListItem\",\"position\":1,\"name\":\"Home\",\"item\":\"https:\/\/immobi.co.za\/biuro\/\"},{\"@type\":\"ListItem\",\"position\":2,\"name\":\"Sprzeda\u017c mieszka\u0144 Ursyn\u00f3w Warszawa \u2013 biuro nieruchomo\u015bci Immobi\"}]},{\"@type\":\"WebSite\",\"@id\":\"https:\/\/immobi.co.za\/biuro\/#website\",\"url\":\"https:\/\/immobi.co.za\/biuro\/\",\"name\":\"Immobi\",\"description\":\"Ruchliwe Nieruchomo\u015bci\",\"potentialAction\":[{\"@type\":\"SearchAction\",\"target\":{\"@type\":\"EntryPoint\",\"urlTemplate\":\"https:\/\/immobi.co.za\/biuro\/?s={search_term_string}\"},\"query-input\":{\"@type\":\"PropertyValueSpecification\",\"valueRequired\":true,\"valueName\":\"search_term_string\"}}],\"inLanguage\":\"pl-PL\"}]}<\/script>\n<!-- \/ Yoast SEO plugin. -->","yoast_head_json":{"title":"Sprzeda\u017c mieszka\u0144 Ursyn\u00f3w Warszawa \u2013 agencja nieruchomo\u015bci Immobi","description":"Sprzedajemy mieszkania na Ursynowie zr\u00f3\u017cnicowane pod wzgl\u0119dem cen, metra\u017cu i standardu. Szybka i sprawna realizacja procesu sprzeda\u017cy. Przeczytaj wi\u0119cej!","robots":{"index":"index","follow":"follow","max-snippet":"max-snippet:-1","max-image-preview":"max-image-preview:large","max-video-preview":"max-video-preview:-1"},"canonical":"https:\/\/immobi.co.za\/biuro\/sprzedaj-mieszkanie-ursynow\/","og_locale":"pl_PL","og_type":"article","og_title":"Sprzeda\u017c mieszka\u0144 Ursyn\u00f3w Warszawa \u2013 agencja nieruchomo\u015bci Immobi","og_description":"Sprzedajemy mieszkania na Ursynowie zr\u00f3\u017cnicowane pod wzgl\u0119dem cen, metra\u017cu i standardu. Szybka i sprawna realizacja procesu sprzeda\u017cy. Przeczytaj wi\u0119cej!","og_url":"https:\/\/immobi.co.za\/biuro\/sprzedaj-mieszkanie-ursynow\/","og_site_name":"Immobi","article_publisher":"https:\/\/www.facebook.com\/immobi.co.za","article_modified_time":"2025-11-17T07:34:36+00:00","twitter_card":"summary_large_image","twitter_misc":{"Szacowany czas czytania":"4 minuty"},"schema":{"@context":"https:\/\/schema.org","@graph":[{"@type":"WebPage","@id":"https:\/\/immobi.co.za\/biuro\/sprzedaj-mieszkanie-ursynow\/","url":"https:\/\/immobi.co.za\/biuro\/sprzedaj-mieszkanie-ursynow\/","name":"Sprzeda\u017c mieszka\u0144 Ursyn\u00f3w Warszawa \u2013 agencja nieruchomo\u015bci Immobi","isPartOf":{"@id":"https:\/\/immobi.co.za\/biuro\/#website"},"datePublished":"2025-05-14T11:12:21+00:00","dateModified":"2025-11-17T07:34:36+00:00","description":"Sprzedajemy mieszkania na Ursynowie zr\u00f3\u017cnicowane pod wzgl\u0119dem cen, metra\u017cu i standardu. Szybka i sprawna realizacja procesu sprzeda\u017cy. Przeczytaj wi\u0119cej!","breadcrumb":{"@id":"https:\/\/immobi.co.za\/biuro\/sprzedaj-mieszkanie-ursynow\/#breadcrumb"},"inLanguage":"pl-PL","potentialAction":[{"@type":"ReadAction","target":["https:\/\/immobi.co.za\/biuro\/sprzedaj-mieszkanie-ursynow\/"]}]},{"@type":"BreadcrumbList","@id":"https:\/\/immobi.co.za\/biuro\/sprzedaj-mieszkanie-ursynow\/#breadcrumb","itemListElement":[{"@type":"ListItem","position":1,"name":"Home","item":"https:\/\/immobi.co.za\/biuro\/"},{"@type":"ListItem","position":2,"name":"Sprzeda\u017c mieszka\u0144 Ursyn\u00f3w Warszawa \u2013 biuro nieruchomo\u015bci Immobi"}]},{"@type":"WebSite","@id":"https:\/\/immobi.co.za\/biuro\/#website","url":"https:\/\/immobi.co.za\/biuro\/","name":"Immobi","description":"Ruchliwe Nieruchomo\u015bci","potentialAction":[{"@type":"SearchAction","target":{"@type":"EntryPoint","urlTemplate":"https:\/\/immobi.co.za\/biuro\/?s={search_term_string}"},"query-input":{"@type":"PropertyValueSpecification","valueRequired":true,"valueName":"search_term_string"}}],"inLanguage":"pl-PL"}]}},"_links":{"self":[{"href":"https:\/\/immobi.co.za\/biuro\/wp-json\/wp\/v2\/pages\/1175","targetHints":{"allow":["GET"]}}],"collection":[{"href":"https:\/\/immobi.co.za\/biuro\/wp-json\/wp\/v2\/pages"}],"about":[{"href":"https:\/\/immobi.co.za\/biuro\/wp-json\/wp\/v2\/types\/page"}],"author":[{"embeddable":true,"href":"https:\/\/immobi.co.za\/biuro\/wp-json\/wp\/v2\/users\/1"}],"replies":[{"embeddable":true,"href":"https:\/\/immobi.co.za\/biuro\/wp-json\/wp\/v2\/comments?post=1175"}],"version-history":[{"count":3,"href":"https:\/\/immobi.co.za\/biuro\/wp-json\/wp\/v2\/pages\/1175\/revisions"}],"predecessor-version":[{"id":1357,"href":"https:\/\/immobi.co.za\/biuro\/wp-json\/wp\/v2\/pages\/1175\/revisions\/1357"}],"wp:attachment":[{"href":"https:\/\/immobi.co.za\/biuro\/wp-json\/wp\/v2\/media?parent=1175"}],"curies":[{"name":"wp","href":"https:\/\/api.w.org\/{rel}","templated":true}]}}