{"id":1183,"date":"2025-05-14T13:19:11","date_gmt":"2025-05-14T11:19:11","guid":{"rendered":"https:\/\/immobi.co.za\/biuro\/?page_id=1183"},"modified":"2025-05-14T13:19:37","modified_gmt":"2025-05-14T11:19:37","slug":"mieszkania-na-sprzedaz-tarchomin","status":"publish","type":"page","link":"https:\/\/immobi.co.za\/biuro\/mieszkania-na-sprzedaz-tarchomin\/","title":{"rendered":"Mieszkanie na sprzeda\u017c Tarchomin \u2013 oferta agencji nieruchomo\u015bci"},"content":{"rendered":"\n<p>Tarchomin to jedna z najdynamiczniej rozwijaj\u0105cych si\u0119 dzielnic Warszawy, kt\u00f3ra z roku na rok zyskuje coraz wi\u0119ksz\u0105 popularno\u015b\u0107 w\u015br\u00f3d os\u00f3b poszukuj\u0105cych nowego miejsca do \u017cycia. Dzi\u0119ki swojej lokalizacji oraz intensywnemu rozwojowi infrastruktury staje si\u0119 ona idealnym miejscem zar\u00f3wno dla singli, jak i rodzin z dzie\u0107mi. Dzielnica ta oferuje nie tylko coraz lepsze po\u0142\u0105czenia komunikacyjne z reszt\u0105 miasta, ale tak\u017ce blisko\u015b\u0107 teren\u00f3w zielonych, szk\u00f3\u0142, przedszkoli oraz innych punkt\u00f3w us\u0142ugowych, kt\u00f3re zapewniaj\u0105 wygod\u0119 codziennego \u017cycia. Je\u015bli szukaj\u0105 Pa\u0144stwo mieszkania na sprzeda\u017c w tej okolicy, zapraszamy do kontaktu.<\/p>\n\n\n\n<h2 class=\"wp-block-heading\">Szeroki wyb\u00f3r nieruchomo\u015bci na sprzeda\u017c<\/h2>\n\n\n\n<p>Dzi\u0119ki wsp\u00f3\u0142pracy z wieloma w\u0142a\u015bcicielami nieruchomo\u015bci mo\u017cemy zaproponowa\u0107 Pa\u0144stwu <strong>szeroki wyb\u00f3r mieszka\u0144 na sprzeda\u017c<\/strong>, kt\u00f3re r\u00f3\u017cni\u0105 si\u0119 metra\u017cem, standardem wyko\u0144czenia oraz lokalizacj\u0105. W ofercie znajduj\u0105 si\u0119 zar\u00f3wno mieszkania w nowoczesnych budynkach deweloperskich, jak i nieruchomo\u015bci z rynku wt\u00f3rnego, kt\u00f3re wymagaj\u0105 od\u015bwie\u017cenia lub remontu. Dzi\u0119ki temu, niezale\u017cnie od Pa\u0144stwa preferencji i bud\u017cetu, jeste\u015bmy w stanie znale\u017a\u0107 mieszkanie, kt\u00f3ra spe\u0142ni wszystkie postawione wymagania.<\/p>\n\n\n\n<h2 class=\"wp-block-heading\">Kompleksowe wsparcie specjalist\u00f3w z bran\u017cy nieruchomo\u015bci<\/h2>\n\n\n\n<p>W naszej pracy korzystamy z nowoczesnych narz\u0119dzi, kt\u00f3re znacznie usprawniaj\u0105 ca\u0142y proces sprzeda\u017cy. Jednym z nich jest aplikacja mobilna, kt\u00f3ra pozwala na szybkie i efektywne dotarcie do szerokiego kr\u0119gu potencjalnych nabywc\u00f3w. Dzi\u0119ki temu proces sprzeda\u017cy mieszkania staje si\u0119 prostszy, bardziej przejrzysty i mniej czasoch\u0142onny. Nasz zesp\u00f3\u0142 ekspert\u00f3w pomo\u017ce Pa\u0144stwu w przygotowaniu oferty, a tak\u017ce w negocjacjach z kupcami.<\/p>\n\n\n\n<p><strong>Kompleksowa obs\u0142uga nieruchomo\u015bci to nasza specjalno\u015b\u0107<\/strong>. Oferujemy pe\u0142ne wsparcie na ka\u017cdym etapie. Zajmujemy si\u0119 nie tylko przygotowaniem nieruchomo\u015bci do sprzeda\u017cy, ale tak\u017ce dbamy o wszystkie detale zwi\u0105zane z procesem. Nasi eksperci wykonaj\u0105 profesjonalne sesje zdj\u0119ciowe, kt\u00f3re pozwol\u0105 na odpowiednie zaprezentowanie mieszkania w og\u0142oszeniach. Ponadto tworzymy atrakcyjne i dobrze sformu\u0142owane opisy ofert, kt\u00f3re szybko przyci\u0105gaj\u0105 uwag\u0119 potencjalnych kupc\u00f3w. Organizujemy r\u00f3wnie\u017c prezentacje mieszka\u0144, dbaj\u0105c o to, aby ka\u017cdy zainteresowany m\u00f3g\u0142 obejrze\u0107 nieruchomo\u015b\u0107 w dogodnym terminie.<\/p>\n\n\n\n<p>Je\u015bli maj\u0105 Pa\u0144stwo <strong>mieszkanie na sprzeda\u017c na Tarchominie<\/strong>, zapraszamy do wsp\u00f3\u0142pracy. Wyr\u0119czymy Pa\u0144stwa w wielu obowi\u0105zkach.<\/p>\n\n\n\n<h2 class=\"wp-block-heading\">Skuteczna promocja nieruchomo\u015bci<\/h2>\n\n\n\n<p>Aby dotrze\u0107 do jak najszerszego grona odbiorc\u00f3w, promujemy oferty na popularnych portalach nieruchomo\u015bciowych oraz w mediach spo\u0142eczno\u015bciowych. Dzi\u0119ki tym dzia\u0142aniom og\u0142oszenie staje si\u0119 widoczne dla os\u00f3b poszukuj\u0105cych mieszka\u0144 na Tarchominie, a tak\u017ce w innych cz\u0119\u015bciach Warszawy. Mamy do\u015bwiadczenie w tworzeniu kampanii marketingowych, kt\u00f3re maksymalizuj\u0105 zasi\u0119g og\u0142osze\u0144, co przek\u0142ada si\u0119 na szybsze znalezienie odpowiedniego nabywcy.<\/p>\n\n\n\n<p>Promujemy <a href=\"https:\/\/immobi.co.za\/biuro\/mieszkania-na-sprzedaz-wola\">mieszkania na sprzeda\u017c na Woli<\/a>, Tarchominie i w wielu innych dzielnicach stolicy.<\/p>\n\n\n\n<h2 class=\"wp-block-heading\">Dlaczego warto podj\u0105\u0107 wsp\u00f3\u0142prac\u0119 z naszym biurem nieruchomo\u015bci na Tarchominie?<\/h2>\n\n\n\n<p>Wsp\u00f3\u0142praca z naszym biurem nieruchomo\u015bci to gwarancja profesjonalizmu i indywidualnego podej\u015bcia do ka\u017cdego Klienta. Nasz zesp\u00f3\u0142 sk\u0142ada si\u0119 z do\u015bwiadczonych agent\u00f3w, kt\u00f3rzy doskonale znaj\u0105 lokalny rynek i potrafi\u0105 skutecznie doradzi\u0107 w kwestiach zwi\u0105zanych ze sprzeda\u017c\u0105 mieszka\u0144. Dzia\u0142amy w bran\u017cy od wielu lat, co daje nam nie tylko praktyczn\u0105 wiedz\u0119, ale r\u00f3wnie\u017c umiej\u0119tno\u015b\u0107 rozwi\u0105zywania wszelkich problem\u00f3w, kt\u00f3re mog\u0105 pojawi\u0107 si\u0119 podczas transakcji.<\/p>\n","protected":false},"excerpt":{"rendered":"<p>Tarchomin to jedna z najdynamiczniej rozwijaj\u0105cych si\u0119 dzielnic Warszawy, kt\u00f3ra z roku na rok zyskuje coraz wi\u0119ksz\u0105 popularno\u015b\u0107 w\u015br\u00f3d os\u00f3b poszukuj\u0105cych nowego miejsca do \u017cycia. Dzi\u0119ki swojej lokalizacji oraz intensywnemu rozwojowi infrastruktury staje si\u0119 ona idealnym miejscem zar\u00f3wno dla singli, jak i rodzin z dzie\u0107mi. Dzielnica ta oferuje nie tylko coraz lepsze po\u0142\u0105czenia komunikacyjne z [&hellip;]<\/p>\n","protected":false},"author":1,"featured_media":0,"parent":0,"menu_order":0,"comment_status":"closed","ping_status":"closed","template":"","meta":{"_acf_changed":false,"inline_featured_image":false,"footnotes":""},"class_list":["post-1183","page","type-page","status-publish","hentry"],"acf":[],"yoast_head":"<!-- This site is optimized with the Yoast SEO plugin v27.1.1 - https:\/\/yoast.com\/product\/yoast-seo-wordpress\/ -->\n<title>Mieszkanie na sprzeda\u017c Tarchomin \u2013 oferta agencji nieruchomo\u015bci | Immobi<\/title>\n<meta name=\"robots\" content=\"index, follow, max-snippet:-1, max-image-preview:large, max-video-preview:-1\" \/>\n<link rel=\"canonical\" href=\"https:\/\/immobi.co.za\/biuro\/mieszkania-na-sprzedaz-tarchomin\/\" \/>\n<meta property=\"og:locale\" content=\"pl_PL\" \/>\n<meta property=\"og:type\" content=\"article\" \/>\n<meta property=\"og:title\" content=\"Mieszkanie na sprzeda\u017c Tarchomin \u2013 oferta agencji nieruchomo\u015bci | Immobi\" \/>\n<meta property=\"og:description\" content=\"Tarchomin to jedna z najdynamiczniej rozwijaj\u0105cych si\u0119 dzielnic Warszawy, kt\u00f3ra z roku na rok zyskuje coraz wi\u0119ksz\u0105 popularno\u015b\u0107 w\u015br\u00f3d os\u00f3b poszukuj\u0105cych nowego miejsca do \u017cycia. Dzi\u0119ki swojej lokalizacji oraz intensywnemu rozwojowi infrastruktury staje si\u0119 ona idealnym miejscem zar\u00f3wno dla singli, jak i rodzin z dzie\u0107mi. Dzielnica ta oferuje nie tylko coraz lepsze po\u0142\u0105czenia komunikacyjne z [&hellip;]\" \/>\n<meta property=\"og:url\" content=\"https:\/\/immobi.co.za\/biuro\/mieszkania-na-sprzedaz-tarchomin\/\" \/>\n<meta property=\"og:site_name\" content=\"Immobi\" \/>\n<meta property=\"article:publisher\" content=\"https:\/\/www.facebook.com\/immobi.co.za\" \/>\n<meta property=\"article:modified_time\" content=\"2025-05-14T11:19:37+00:00\" \/>\n<meta name=\"twitter:card\" content=\"summary_large_image\" \/>\n<meta name=\"twitter:label1\" content=\"Szacowany czas czytania\" \/>\n\t<meta name=\"twitter:data1\" content=\"3 minuty\" \/>\n<script type=\"application\/ld+json\" class=\"yoast-schema-graph\">{\"@context\":\"https:\/\/schema.org\",\"@graph\":[{\"@type\":\"WebPage\",\"@id\":\"https:\/\/immobi.co.za\/biuro\/mieszkania-na-sprzedaz-tarchomin\/\",\"url\":\"https:\/\/immobi.co.za\/biuro\/mieszkania-na-sprzedaz-tarchomin\/\",\"name\":\"Mieszkanie na sprzeda\u017c Tarchomin \u2013 oferta agencji nieruchomo\u015bci | Immobi\",\"isPartOf\":{\"@id\":\"https:\/\/immobi.co.za\/biuro\/#website\"},\"datePublished\":\"2025-05-14T11:19:11+00:00\",\"dateModified\":\"2025-05-14T11:19:37+00:00\",\"breadcrumb\":{\"@id\":\"https:\/\/immobi.co.za\/biuro\/mieszkania-na-sprzedaz-tarchomin\/#breadcrumb\"},\"inLanguage\":\"pl-PL\",\"potentialAction\":[{\"@type\":\"ReadAction\",\"target\":[\"https:\/\/immobi.co.za\/biuro\/mieszkania-na-sprzedaz-tarchomin\/\"]}]},{\"@type\":\"BreadcrumbList\",\"@id\":\"https:\/\/immobi.co.za\/biuro\/mieszkania-na-sprzedaz-tarchomin\/#breadcrumb\",\"itemListElement\":[{\"@type\":\"ListItem\",\"position\":1,\"name\":\"Home\",\"item\":\"https:\/\/immobi.co.za\/biuro\/\"},{\"@type\":\"ListItem\",\"position\":2,\"name\":\"Mieszkanie na sprzeda\u017c Tarchomin \u2013 oferta agencji nieruchomo\u015bci\"}]},{\"@type\":\"WebSite\",\"@id\":\"https:\/\/immobi.co.za\/biuro\/#website\",\"url\":\"https:\/\/immobi.co.za\/biuro\/\",\"name\":\"Immobi\",\"description\":\"Ruchliwe Nieruchomo\u015bci\",\"potentialAction\":[{\"@type\":\"SearchAction\",\"target\":{\"@type\":\"EntryPoint\",\"urlTemplate\":\"https:\/\/immobi.co.za\/biuro\/?s={search_term_string}\"},\"query-input\":{\"@type\":\"PropertyValueSpecification\",\"valueRequired\":true,\"valueName\":\"search_term_string\"}}],\"inLanguage\":\"pl-PL\"}]}<\/script>\n<!-- \/ Yoast SEO plugin. -->","yoast_head_json":{"title":"Mieszkanie na sprzeda\u017c Tarchomin \u2013 oferta agencji nieruchomo\u015bci | Immobi","robots":{"index":"index","follow":"follow","max-snippet":"max-snippet:-1","max-image-preview":"max-image-preview:large","max-video-preview":"max-video-preview:-1"},"canonical":"https:\/\/immobi.co.za\/biuro\/mieszkania-na-sprzedaz-tarchomin\/","og_locale":"pl_PL","og_type":"article","og_title":"Mieszkanie na sprzeda\u017c Tarchomin \u2013 oferta agencji nieruchomo\u015bci | Immobi","og_description":"Tarchomin to jedna z najdynamiczniej rozwijaj\u0105cych si\u0119 dzielnic Warszawy, kt\u00f3ra z roku na rok zyskuje coraz wi\u0119ksz\u0105 popularno\u015b\u0107 w\u015br\u00f3d os\u00f3b poszukuj\u0105cych nowego miejsca do \u017cycia. Dzi\u0119ki swojej lokalizacji oraz intensywnemu rozwojowi infrastruktury staje si\u0119 ona idealnym miejscem zar\u00f3wno dla singli, jak i rodzin z dzie\u0107mi. Dzielnica ta oferuje nie tylko coraz lepsze po\u0142\u0105czenia komunikacyjne z [&hellip;]","og_url":"https:\/\/immobi.co.za\/biuro\/mieszkania-na-sprzedaz-tarchomin\/","og_site_name":"Immobi","article_publisher":"https:\/\/www.facebook.com\/immobi.co.za","article_modified_time":"2025-05-14T11:19:37+00:00","twitter_card":"summary_large_image","twitter_misc":{"Szacowany czas czytania":"3 minuty"},"schema":{"@context":"https:\/\/schema.org","@graph":[{"@type":"WebPage","@id":"https:\/\/immobi.co.za\/biuro\/mieszkania-na-sprzedaz-tarchomin\/","url":"https:\/\/immobi.co.za\/biuro\/mieszkania-na-sprzedaz-tarchomin\/","name":"Mieszkanie na sprzeda\u017c Tarchomin \u2013 oferta agencji nieruchomo\u015bci | Immobi","isPartOf":{"@id":"https:\/\/immobi.co.za\/biuro\/#website"},"datePublished":"2025-05-14T11:19:11+00:00","dateModified":"2025-05-14T11:19:37+00:00","breadcrumb":{"@id":"https:\/\/immobi.co.za\/biuro\/mieszkania-na-sprzedaz-tarchomin\/#breadcrumb"},"inLanguage":"pl-PL","potentialAction":[{"@type":"ReadAction","target":["https:\/\/immobi.co.za\/biuro\/mieszkania-na-sprzedaz-tarchomin\/"]}]},{"@type":"BreadcrumbList","@id":"https:\/\/immobi.co.za\/biuro\/mieszkania-na-sprzedaz-tarchomin\/#breadcrumb","itemListElement":[{"@type":"ListItem","position":1,"name":"Home","item":"https:\/\/immobi.co.za\/biuro\/"},{"@type":"ListItem","position":2,"name":"Mieszkanie na sprzeda\u017c Tarchomin \u2013 oferta agencji nieruchomo\u015bci"}]},{"@type":"WebSite","@id":"https:\/\/immobi.co.za\/biuro\/#website","url":"https:\/\/immobi.co.za\/biuro\/","name":"Immobi","description":"Ruchliwe Nieruchomo\u015bci","potentialAction":[{"@type":"SearchAction","target":{"@type":"EntryPoint","urlTemplate":"https:\/\/immobi.co.za\/biuro\/?s={search_term_string}"},"query-input":{"@type":"PropertyValueSpecification","valueRequired":true,"valueName":"search_term_string"}}],"inLanguage":"pl-PL"}]}},"_links":{"self":[{"href":"https:\/\/immobi.co.za\/biuro\/wp-json\/wp\/v2\/pages\/1183","targetHints":{"allow":["GET"]}}],"collection":[{"href":"https:\/\/immobi.co.za\/biuro\/wp-json\/wp\/v2\/pages"}],"about":[{"href":"https:\/\/immobi.co.za\/biuro\/wp-json\/wp\/v2\/types\/page"}],"author":[{"embeddable":true,"href":"https:\/\/immobi.co.za\/biuro\/wp-json\/wp\/v2\/users\/1"}],"replies":[{"embeddable":true,"href":"https:\/\/immobi.co.za\/biuro\/wp-json\/wp\/v2\/comments?post=1183"}],"version-history":[{"count":1,"href":"https:\/\/immobi.co.za\/biuro\/wp-json\/wp\/v2\/pages\/1183\/revisions"}],"predecessor-version":[{"id":1185,"href":"https:\/\/immobi.co.za\/biuro\/wp-json\/wp\/v2\/pages\/1183\/revisions\/1185"}],"wp:attachment":[{"href":"https:\/\/immobi.co.za\/biuro\/wp-json\/wp\/v2\/media?parent=1183"}],"curies":[{"name":"wp","href":"https:\/\/api.w.org\/{rel}","templated":true}]}}