{"id":1186,"date":"2025-05-14T13:25:55","date_gmt":"2025-05-14T11:25:55","guid":{"rendered":"https:\/\/immobi.co.za\/biuro\/?page_id=1186"},"modified":"2025-05-14T13:50:53","modified_gmt":"2025-05-14T11:50:53","slug":"rynek-wtorny-mieszkan-goclaw","status":"publish","type":"page","link":"https:\/\/immobi.co.za\/biuro\/rynek-wtorny-mieszkan-goclaw\/","title":{"rendered":"Rynek wt\u00f3rny mieszka\u0144 \u2013 Goc\u0142aw, Warszawa"},"content":{"rendered":"\n<p>Zapewniamy kompleksow\u0105 obs\u0142ug\u0119 w zakresie sprzeda\u017cy nieruchomo\u015bci z <strong>rynku wt\u00f3rnego<\/strong> w Warszawie. Stosujemy innowacyjne narz\u0119dzia, kt\u00f3re znacznie przyspieszaj\u0105 przebieg ca\u0142ego procesu. Nasza aplikacja mobilna usprawnia komunikacj\u0119 mi\u0119dzy Klientem a agentem i u\u0142atwia prowadzenie negocjacji.<\/p>\n\n\n\n<p>Je\u015bli planuj\u0105 Pa\u0144stwo zakup lub sprzeda\u017c <strong>mieszkania z rynku wt\u00f3rnego po\u0142o\u017conego na Goc\u0142awiu<\/strong> lub w innej cz\u0119\u015bci stolicy, zapraszamy do kontaktu. Nasi <a href=\"https:\/\/immobi.co.za\/biuro\/\">agenci nieruchomo\u015bci<\/a> ka\u017cdemu zapewniaj\u0105 indywidualne podej\u015bcie i specjalistyczne doradztwo. Zajm\u0105 si\u0119 przygotowaniem umowy, dbaj\u0105c o nale\u017cyte zabezpieczenie interes\u00f3w obu stron.<\/p>\n\n\n\n<h2 class=\"wp-block-heading\">Zalety zakupu nieruchomo\u015bci z rynku wt\u00f3rnego<\/h2>\n\n\n\n<p>Jedn\u0105 z najwi\u0119kszych <strong>zalet rynku wt\u00f3rnego<\/strong> jest szeroko\u015b\u0107 wyboru nieruchomo\u015bci po\u0142o\u017conych niekiedy w bardzo atrakcyjnych lokalizacjach \u2013 np. w centrum miasta czy przy star\u00f3wce albo blisko parku. Rynek wt\u00f3rny cechuje si\u0119 ogromn\u0105 r\u00f3\u017cnorodno\u015bci\u0105 \u2013 w\u015br\u00f3d ofert nie brakuje mieszka\u0144 w kamienicach, nowoczesnych apartamentowcach, jak i blokach z wielkiej p\u0142yty. Na zakup mieszkania z drugiej r\u0119ki du\u017co os\u00f3b decyduje si\u0119 r\u00f3wnie\u017c ze wzgl\u0119du na ni\u017csze ceny.<\/p>\n\n\n\n<p>Dobrze wiemy, w jaki spos\u00f3b skonstruowa\u0107 <strong>ofert\u0119 sprzeda\u017cow\u0105 nieruchomo\u015bci z rynku wt\u00f3rnego<\/strong>, aby wskaza\u0107 jej najwi\u0119ksze atuty, a tym samym zach\u0119ci\u0107 do zakupu. Sporz\u0105dzamy profesjonaln\u0105 dokumentacj\u0119 fotograficzn\u0105 i kontaktujemy si\u0119 z potencjalnymi kupcami. Mog\u0105 Pa\u0144stwo na nas liczy\u0107 \u2013 pokonamy wszelkie przeszkody stoj\u0105ce na drodze do sprzeda\u017cy lub zakupu nieruchomo\u015bci i pomo\u017cemy w uzyskaniu najkorzystniejszych warunk\u00f3w transakcji.<\/p>\n\n\n\n<h2 class=\"wp-block-heading\">Mieszkania z rynku wt\u00f3rnego \u2013 oferta dla w\u0142a\u015bcicieli i potencjalnych nabywc\u00f3w<\/h2>\n\n\n\n<p>Oferujemy szeroki wyb\u00f3r nieruchomo\u015bci z rynku wt\u00f3rnego na Goc\u0142awiu, kt\u00f3re mog\u0105 spe\u0142ni\u0107 oczekiwania nawet najbardziej wymagaj\u0105cych Klient\u00f3w. Wsp\u00f3\u0142pracujemy zar\u00f3wno z w\u0142a\u015bcicielami mieszka\u0144, jak i osobami poszukuj\u0105cymi swojego wymarzonego lokum, co pozwala nam na efektywne \u0142\u0105czenie obu stron transakcji.<\/p>\n\n\n\n<p>Dzi\u0119ki naszej <a href=\"https:\/\/immobi.co.za\/biuro\/aplikacja\/\">aplikacji do sprzedawania<\/a> nieruchomo\u015bci Immobi proces ten staje si\u0119 jeszcze prostszy i bardziej przejrzysty, umo\u017cliwiaj\u0105c szybkie znalezienie odpowiednich ofert oraz negocjowanie warunk\u00f3w zakupu. Nasza platforma zapewnia dost\u0119p do aktualnych informacji o dost\u0119pnych mieszkaniach, co jest kluczowe w dynamicznie zmieniaj\u0105cym si\u0119 rynku nieruchomo\u015bci. U\u017cytkownicy mog\u0105 liczy\u0107 na powiadomienia o nowych ofertach oraz mo\u017cliwo\u015b\u0107 bezpo\u015bredniego kontaktu z w\u0142a\u015bcicielami, co znacznie przyspiesza ca\u0142y proces. Dodatkowo, dzi\u0119ki intuicyjnemu interfejsowi aplikacji, ka\u017cdy mo\u017ce \u0142atwo zarz\u0105dza\u0107 swoimi preferencjami i dostosowa\u0107 wyszukiwanie do indywidualnych potrzeb.<\/p>\n\n\n\n<p><\/p>\n\n\n\n<p><\/p>\n","protected":false},"excerpt":{"rendered":"<p>Zapewniamy kompleksow\u0105 obs\u0142ug\u0119 w zakresie sprzeda\u017cy nieruchomo\u015bci z rynku wt\u00f3rnego w Warszawie. Stosujemy innowacyjne narz\u0119dzia, kt\u00f3re znacznie przyspieszaj\u0105 przebieg ca\u0142ego procesu. Nasza aplikacja mobilna usprawnia komunikacj\u0119 mi\u0119dzy Klientem a agentem i u\u0142atwia prowadzenie negocjacji. Je\u015bli planuj\u0105 Pa\u0144stwo zakup lub sprzeda\u017c mieszkania z rynku wt\u00f3rnego po\u0142o\u017conego na Goc\u0142awiu lub w innej cz\u0119\u015bci stolicy, zapraszamy do kontaktu. [&hellip;]<\/p>\n","protected":false},"author":1,"featured_media":0,"parent":0,"menu_order":0,"comment_status":"closed","ping_status":"closed","template":"","meta":{"_acf_changed":false,"inline_featured_image":false,"footnotes":""},"class_list":["post-1186","page","type-page","status-publish","hentry"],"acf":[],"yoast_head":"<!-- This site is optimized with the Yoast SEO plugin v27.1.1 - https:\/\/yoast.com\/product\/yoast-seo-wordpress\/ -->\n<title>Rynek wt\u00f3rny mieszka\u0144 \u2013 Goc\u0142aw, Warszawa | Immobi<\/title>\n<meta name=\"robots\" content=\"index, follow, max-snippet:-1, max-image-preview:large, max-video-preview:-1\" \/>\n<link rel=\"canonical\" href=\"https:\/\/immobi.co.za\/biuro\/rynek-wtorny-mieszkan-goclaw\/\" \/>\n<meta property=\"og:locale\" content=\"pl_PL\" \/>\n<meta property=\"og:type\" content=\"article\" \/>\n<meta property=\"og:title\" content=\"Rynek wt\u00f3rny mieszka\u0144 \u2013 Goc\u0142aw, Warszawa | Immobi\" \/>\n<meta property=\"og:description\" content=\"Zapewniamy kompleksow\u0105 obs\u0142ug\u0119 w zakresie sprzeda\u017cy nieruchomo\u015bci z rynku wt\u00f3rnego w Warszawie. Stosujemy innowacyjne narz\u0119dzia, kt\u00f3re znacznie przyspieszaj\u0105 przebieg ca\u0142ego procesu. Nasza aplikacja mobilna usprawnia komunikacj\u0119 mi\u0119dzy Klientem a agentem i u\u0142atwia prowadzenie negocjacji. Je\u015bli planuj\u0105 Pa\u0144stwo zakup lub sprzeda\u017c mieszkania z rynku wt\u00f3rnego po\u0142o\u017conego na Goc\u0142awiu lub w innej cz\u0119\u015bci stolicy, zapraszamy do kontaktu. [&hellip;]\" \/>\n<meta property=\"og:url\" content=\"https:\/\/immobi.co.za\/biuro\/rynek-wtorny-mieszkan-goclaw\/\" \/>\n<meta property=\"og:site_name\" content=\"Immobi\" \/>\n<meta property=\"article:publisher\" content=\"https:\/\/www.facebook.com\/immobi.co.za\" \/>\n<meta property=\"article:modified_time\" content=\"2025-05-14T11:50:53+00:00\" \/>\n<meta name=\"twitter:card\" content=\"summary_large_image\" \/>\n<script type=\"application\/ld+json\" class=\"yoast-schema-graph\">{\"@context\":\"https:\/\/schema.org\",\"@graph\":[{\"@type\":\"WebPage\",\"@id\":\"https:\/\/immobi.co.za\/biuro\/rynek-wtorny-mieszkan-goclaw\/\",\"url\":\"https:\/\/immobi.co.za\/biuro\/rynek-wtorny-mieszkan-goclaw\/\",\"name\":\"Rynek wt\u00f3rny mieszka\u0144 \u2013 Goc\u0142aw, Warszawa | Immobi\",\"isPartOf\":{\"@id\":\"https:\/\/immobi.co.za\/biuro\/#website\"},\"datePublished\":\"2025-05-14T11:25:55+00:00\",\"dateModified\":\"2025-05-14T11:50:53+00:00\",\"breadcrumb\":{\"@id\":\"https:\/\/immobi.co.za\/biuro\/rynek-wtorny-mieszkan-goclaw\/#breadcrumb\"},\"inLanguage\":\"pl-PL\",\"potentialAction\":[{\"@type\":\"ReadAction\",\"target\":[\"https:\/\/immobi.co.za\/biuro\/rynek-wtorny-mieszkan-goclaw\/\"]}]},{\"@type\":\"BreadcrumbList\",\"@id\":\"https:\/\/immobi.co.za\/biuro\/rynek-wtorny-mieszkan-goclaw\/#breadcrumb\",\"itemListElement\":[{\"@type\":\"ListItem\",\"position\":1,\"name\":\"Home\",\"item\":\"https:\/\/immobi.co.za\/biuro\/\"},{\"@type\":\"ListItem\",\"position\":2,\"name\":\"Rynek wt\u00f3rny mieszka\u0144 \u2013 Goc\u0142aw, Warszawa\"}]},{\"@type\":\"WebSite\",\"@id\":\"https:\/\/immobi.co.za\/biuro\/#website\",\"url\":\"https:\/\/immobi.co.za\/biuro\/\",\"name\":\"Immobi\",\"description\":\"Ruchliwe Nieruchomo\u015bci\",\"potentialAction\":[{\"@type\":\"SearchAction\",\"target\":{\"@type\":\"EntryPoint\",\"urlTemplate\":\"https:\/\/immobi.co.za\/biuro\/?s={search_term_string}\"},\"query-input\":{\"@type\":\"PropertyValueSpecification\",\"valueRequired\":true,\"valueName\":\"search_term_string\"}}],\"inLanguage\":\"pl-PL\"}]}<\/script>\n<!-- \/ Yoast SEO plugin. -->","yoast_head_json":{"title":"Rynek wt\u00f3rny mieszka\u0144 \u2013 Goc\u0142aw, Warszawa | Immobi","robots":{"index":"index","follow":"follow","max-snippet":"max-snippet:-1","max-image-preview":"max-image-preview:large","max-video-preview":"max-video-preview:-1"},"canonical":"https:\/\/immobi.co.za\/biuro\/rynek-wtorny-mieszkan-goclaw\/","og_locale":"pl_PL","og_type":"article","og_title":"Rynek wt\u00f3rny mieszka\u0144 \u2013 Goc\u0142aw, Warszawa | Immobi","og_description":"Zapewniamy kompleksow\u0105 obs\u0142ug\u0119 w zakresie sprzeda\u017cy nieruchomo\u015bci z rynku wt\u00f3rnego w Warszawie. Stosujemy innowacyjne narz\u0119dzia, kt\u00f3re znacznie przyspieszaj\u0105 przebieg ca\u0142ego procesu. Nasza aplikacja mobilna usprawnia komunikacj\u0119 mi\u0119dzy Klientem a agentem i u\u0142atwia prowadzenie negocjacji. Je\u015bli planuj\u0105 Pa\u0144stwo zakup lub sprzeda\u017c mieszkania z rynku wt\u00f3rnego po\u0142o\u017conego na Goc\u0142awiu lub w innej cz\u0119\u015bci stolicy, zapraszamy do kontaktu. [&hellip;]","og_url":"https:\/\/immobi.co.za\/biuro\/rynek-wtorny-mieszkan-goclaw\/","og_site_name":"Immobi","article_publisher":"https:\/\/www.facebook.com\/immobi.co.za","article_modified_time":"2025-05-14T11:50:53+00:00","twitter_card":"summary_large_image","schema":{"@context":"https:\/\/schema.org","@graph":[{"@type":"WebPage","@id":"https:\/\/immobi.co.za\/biuro\/rynek-wtorny-mieszkan-goclaw\/","url":"https:\/\/immobi.co.za\/biuro\/rynek-wtorny-mieszkan-goclaw\/","name":"Rynek wt\u00f3rny mieszka\u0144 \u2013 Goc\u0142aw, Warszawa | Immobi","isPartOf":{"@id":"https:\/\/immobi.co.za\/biuro\/#website"},"datePublished":"2025-05-14T11:25:55+00:00","dateModified":"2025-05-14T11:50:53+00:00","breadcrumb":{"@id":"https:\/\/immobi.co.za\/biuro\/rynek-wtorny-mieszkan-goclaw\/#breadcrumb"},"inLanguage":"pl-PL","potentialAction":[{"@type":"ReadAction","target":["https:\/\/immobi.co.za\/biuro\/rynek-wtorny-mieszkan-goclaw\/"]}]},{"@type":"BreadcrumbList","@id":"https:\/\/immobi.co.za\/biuro\/rynek-wtorny-mieszkan-goclaw\/#breadcrumb","itemListElement":[{"@type":"ListItem","position":1,"name":"Home","item":"https:\/\/immobi.co.za\/biuro\/"},{"@type":"ListItem","position":2,"name":"Rynek wt\u00f3rny mieszka\u0144 \u2013 Goc\u0142aw, Warszawa"}]},{"@type":"WebSite","@id":"https:\/\/immobi.co.za\/biuro\/#website","url":"https:\/\/immobi.co.za\/biuro\/","name":"Immobi","description":"Ruchliwe Nieruchomo\u015bci","potentialAction":[{"@type":"SearchAction","target":{"@type":"EntryPoint","urlTemplate":"https:\/\/immobi.co.za\/biuro\/?s={search_term_string}"},"query-input":{"@type":"PropertyValueSpecification","valueRequired":true,"valueName":"search_term_string"}}],"inLanguage":"pl-PL"}]}},"_links":{"self":[{"href":"https:\/\/immobi.co.za\/biuro\/wp-json\/wp\/v2\/pages\/1186","targetHints":{"allow":["GET"]}}],"collection":[{"href":"https:\/\/immobi.co.za\/biuro\/wp-json\/wp\/v2\/pages"}],"about":[{"href":"https:\/\/immobi.co.za\/biuro\/wp-json\/wp\/v2\/types\/page"}],"author":[{"embeddable":true,"href":"https:\/\/immobi.co.za\/biuro\/wp-json\/wp\/v2\/users\/1"}],"replies":[{"embeddable":true,"href":"https:\/\/immobi.co.za\/biuro\/wp-json\/wp\/v2\/comments?post=1186"}],"version-history":[{"count":2,"href":"https:\/\/immobi.co.za\/biuro\/wp-json\/wp\/v2\/pages\/1186\/revisions"}],"predecessor-version":[{"id":1194,"href":"https:\/\/immobi.co.za\/biuro\/wp-json\/wp\/v2\/pages\/1186\/revisions\/1194"}],"wp:attachment":[{"href":"https:\/\/immobi.co.za\/biuro\/wp-json\/wp\/v2\/media?parent=1186"}],"curies":[{"name":"wp","href":"https:\/\/api.w.org\/{rel}","templated":true}]}}