{"id":857,"date":"2023-01-23T07:33:14","date_gmt":"2023-01-23T06:33:14","guid":{"rendered":"https:\/\/immobi.co.za\/biuro\/?page_id=857"},"modified":"2025-05-14T13:45:42","modified_gmt":"2025-05-14T11:45:42","slug":"agencja-nieruchomosci-wawer","status":"publish","type":"page","link":"https:\/\/immobi.co.za\/biuro\/agencja-nieruchomosci-wawer\/","title":{"rendered":"Mieszkania na sprzeda\u017c Warszawa Wawer \u2013 agencja nieruchomo\u015bci Immobi"},"content":{"rendered":"\n<p>Jeste\u015bmy <strong>agencj\u0105 nieruchomo\u015bci dzia\u0142aj\u0105c\u0105 w Wawrze<\/strong> i pozosta\u0142ych dzielnicach Warszawy. Pomagamy w sprzeda\u017cy, wynajmie oraz zakupie mieszka\u0144 i dom\u00f3w. Stawiamy na przejrzysto\u015b\u0107 zasad wsp\u00f3\u0142pracy i kompleksow\u0105 obs\u0142ug\u0119. Wyszukanie nieruchomo\u015bci dopasowanej do potrzeb konkretnej osoby to nie lada wyzwanie, ale w\u0142a\u015bnie takie zadania lubimy najbardziej.<\/p>\n\n\n\n<p>Dbamy o to, by proces <strong>sprzeda\u017cy czy wynajmu nieruchomo\u015bci<\/strong> przebiega\u0142 sprawnie i w spos\u00f3b najmniej obci\u0105\u017caj\u0105cy dla obu stron transakcji. Pilnujemy prawid\u0142owo\u015bci um\u00f3w pod wzgl\u0119dem formalnoprawnym i na ka\u017cdym etapie wsp\u00f3\u0142pracy zapewniamy fachowe doradztwo. Jeste\u015bmy zespo\u0142em m\u0142odych <a href=\"https:\/\/immobi.co.za\/biuro\/agent-nieruchomosci-bialoleka\/\">agent\u00f3w nieruchomo\u015bci<\/a>, kt\u00f3rzy mog\u0105 pochwali\u0107 si\u0119 bogatym do\u015bwiadczeniem i doskona\u0142\u0105 znajomo\u015bci\u0105 bran\u017cy. Na przestrzeni lat zyskali\u015bmy grono zaufanych Klient\u00f3w \u2013 nie zwalniamy jednak tempa i stale podnosimy standard naszych us\u0142ug.<\/p>\n\n\n\n<h2 class=\"wp-block-heading\">Dlaczego warto skorzysta\u0107 z us\u0142ug naszej agencji nieruchomo\u015bci?<\/h2>\n\n\n\n<p>Je\u015bli maj\u0105 Pa\u0144stwo trudno\u015bci ze sprzeda\u017c\u0105 czy znalezieniem odpowiedniego mieszkania, zapraszamy do skorzystania z us\u0142ug naszej <strong>profesjonalnej agencji nieruchomo\u015bci<\/strong>. Nie spoczniemy, p\u00f3ki nie doprowadzimy do zawarcia korzystnej dla Pa\u0144stwa umowy. Ogromne zaanga\u017cowanie, indywidualne podej\u015bcie, wysoka skuteczno\u015b\u0107 \u2013 to wszystko i jeszcze wi\u0119cej zapewniamy naszym Klientom.<\/p>\n\n\n\n<p>Warto doda\u0107, \u017ce korzystamy z nowoczesnych narz\u0119dzi, znacznie <strong>usprawniaj\u0105cych sprzeda\u017c nieruchomo\u015bci<\/strong>. Nasza specjalna aplikacja mobilna umo\u017cliwia Klientowi bie\u017c\u0105c\u0105 kontrol\u0119 nad ca\u0142ym procesem, u\u0142atwia negocjacje i skraca czas realizacji us\u0142ugi. Serdecznie zapraszamy do wsp\u00f3\u0142pracy z nasz\u0105 agencj\u0105 nieruchomo\u015bci wszystkie osoby, kt\u00f3rym zale\u017cy na rzetelno\u015bci i profesjonalizmie.<\/p>\n\n\n\n<h2 class=\"wp-block-heading\">Mieszkanie na sprzeda\u017c \u2013 kompleksowa obs\u0142uga<\/h2>\n\n\n\n<p>Sprzeda\u017c mieszkania mo\u017ce by\u0107 skomplikowanym procesem, ale z odpowiednim wsparciem staje si\u0119 znacznie prostsza. Nasza agencja nieruchomo\u015bci w Wawrze specjalizuje si\u0119 w znajdowaniu odpowiednich nabywc\u00f3w dla Pa\u0144stwa nieruchomo\u015bci, zapewniaj\u0105c profesjonalne doradztwo na ka\u017cdym etapie transakcji. Dzi\u0119ki naszemu do\u015bwiadczeniu i znajomo\u015bci lokalnego rynku jeste\u015bmy w stanie szybko i skutecznie znale\u017a\u0107 kupca, kt\u00f3ry spe\u0142ni Pa\u0144stwa oczekiwania.<\/p>\n\n\n\n<p>W\u0142a\u015bciciele mog\u0105 liczy\u0107 na kompleksow\u0105 obs\u0142ug\u0119, kt\u00f3ra obejmuje przygotowanie mieszkania do sprzeda\u017cy, profesjonalne sesje zdj\u0119ciowe oraz skuteczn\u0105 promocj\u0119 oferty. Nasz zesp\u00f3\u0142 zadba o to, aby Pa\u0144stwa nieruchomo\u015b\u0107 by\u0142a prezentowana w najlepszym \u015bwietle, co zwi\u0119ksza szanse na szybk\u0105 sprzeda\u017c. Dodatkowo oferujemy wsparcie w negocjacjach cenowych oraz pomoc w organizacji prezentacji dla potencjalnych nabywc\u00f3w.<\/p>\n\n\n\n<p>Je\u015bli maj\u0105 Pa\u0144stwo <strong>mieszkanie na sprzeda\u017c na Wawrze<\/strong>, zapraszamy do kontaktu z naszymi specjalistami.<\/p>\n\n\n\n<h2 class=\"wp-block-heading\">Pomoc w dope\u0142nieniu formalno\u015bci przy sprzeda\u017cy nieruchomo\u015bci<\/h2>\n\n\n\n<p>Zajmujemy si\u0119 wszystkimi formalno\u015bciami zwi\u0105zanymi ze sprzeda\u017c\u0105 nieruchomo\u015bci, co pozwala unikn\u0105\u0107 niepotrzebnego stresu i komplikacji. Nasz zesp\u00f3\u0142 ekspert\u00f3w zadba o prawid\u0142owe przygotowanie dokumentacji oraz dopilnuje, aby wszystkie procedury by\u0142y zgodne z obowi\u0105zuj\u0105cymi przepisami. Dzi\u0119ki temu mog\u0105 Pa\u0144stwo skupi\u0107 si\u0119 na innych aspektach sprzeda\u017cy, maj\u0105c pewno\u015b\u0107, \u017ce wszystko przebiega zgodnie z planem.<\/p>\n\n\n\n<p><strong>Nasza agencja dzia\u0142a na terenie ca\u0142ej Warszawy<\/strong>, co pozwala nam dotrze\u0107 do szerokiego grona klient\u00f3w zainteresowanych zakupem nieruchomo\u015bci. Dzi\u0119ki temu mo\u017cemy zaoferowa\u0107 Pa\u0144stwu dost\u0119p do bogatej bazy potencjalnych nabywc\u00f3w oraz zapewni\u0107 skuteczn\u0105 promocj\u0119 oferty na rynku lokalnym. Niezale\u017cnie od lokalizacji Pa\u0144stwa mieszkania, jeste\u015bmy gotowi pom\u00f3c w jego sprzeda\u017cy. Od lat dzia\u0142amy jako <a href=\"\/biuro\/sprzedaj-mieszkanie-ursynow\/\">biuro nieruchomo\u015bci na Ursynowie<\/a>, <strong>Wawrze i w innych dzielnicach<\/strong>, po obu stronach Wis\u0142y.<\/p>\n\n\n\n<p>W razie jakichkolwiek pyta\u0144 zapraszamy do kontaktu. Zach\u0119camy te\u017c do sprawdzenia aktualnych og\u0142osze\u0144 na naszej stronie.<\/p>\n","protected":false},"excerpt":{"rendered":"<p>Jeste\u015bmy agencj\u0105 nieruchomo\u015bci dzia\u0142aj\u0105c\u0105 w Wawrze i pozosta\u0142ych dzielnicach Warszawy. Pomagamy w sprzeda\u017cy, wynajmie oraz zakupie mieszka\u0144 i dom\u00f3w. Stawiamy na przejrzysto\u015b\u0107 zasad wsp\u00f3\u0142pracy i kompleksow\u0105 obs\u0142ug\u0119. Wyszukanie nieruchomo\u015bci dopasowanej do potrzeb konkretnej osoby to nie lada wyzwanie, ale w\u0142a\u015bnie takie zadania lubimy najbardziej. Dbamy o to, by proces sprzeda\u017cy czy wynajmu nieruchomo\u015bci przebiega\u0142 sprawnie [&hellip;]<\/p>\n","protected":false},"author":1,"featured_media":0,"parent":0,"menu_order":0,"comment_status":"closed","ping_status":"closed","template":"","meta":{"_acf_changed":false,"inline_featured_image":false,"footnotes":""},"class_list":["post-857","page","type-page","status-publish","hentry"],"acf":[],"yoast_head":"<!-- This site is optimized with the Yoast SEO plugin v27.1.1 - https:\/\/yoast.com\/product\/yoast-seo-wordpress\/ -->\n<title>Mieszkanie na sprzeda\u017c i wynajem Warszawa Wawer - Agencja nieruchomo\u015bci Immobi<\/title>\n<meta name=\"description\" content=\"Mieszkanie na sprzeda\u017c Wawer \u2013 skorzystaj z lokalnej agencji nieruchomo\u015bci i znajd\u017a idealne lokum w zielonej cz\u0119\u015bci Warszawy. Sprawd\u017a aktualne oferty!\" \/>\n<meta name=\"robots\" content=\"index, follow, max-snippet:-1, max-image-preview:large, max-video-preview:-1\" \/>\n<link rel=\"canonical\" href=\"https:\/\/immobi.co.za\/biuro\/agencja-nieruchomosci-wawer\/\" \/>\n<meta property=\"og:locale\" content=\"pl_PL\" \/>\n<meta property=\"og:type\" content=\"article\" \/>\n<meta property=\"og:title\" content=\"Mieszkanie na sprzeda\u017c i wynajem Warszawa Wawer - Agencja nieruchomo\u015bci Immobi\" \/>\n<meta property=\"og:description\" content=\"Mieszkanie na sprzeda\u017c Wawer \u2013 skorzystaj z lokalnej agencji nieruchomo\u015bci i znajd\u017a idealne lokum w zielonej cz\u0119\u015bci Warszawy. Sprawd\u017a aktualne oferty!\" \/>\n<meta property=\"og:url\" content=\"https:\/\/immobi.co.za\/biuro\/agencja-nieruchomosci-wawer\/\" \/>\n<meta property=\"og:site_name\" content=\"Immobi\" \/>\n<meta property=\"article:publisher\" content=\"https:\/\/www.facebook.com\/immobi.co.za\" \/>\n<meta property=\"article:modified_time\" content=\"2025-05-14T11:45:42+00:00\" \/>\n<meta name=\"twitter:card\" content=\"summary_large_image\" \/>\n<meta name=\"twitter:label1\" content=\"Szacowany czas czytania\" \/>\n\t<meta name=\"twitter:data1\" content=\"3 minuty\" \/>\n<script type=\"application\/ld+json\" class=\"yoast-schema-graph\">{\"@context\":\"https:\/\/schema.org\",\"@graph\":[{\"@type\":\"WebPage\",\"@id\":\"https:\/\/immobi.co.za\/biuro\/agencja-nieruchomosci-wawer\/\",\"url\":\"https:\/\/immobi.co.za\/biuro\/agencja-nieruchomosci-wawer\/\",\"name\":\"Mieszkanie na sprzeda\u017c i wynajem Warszawa Wawer - Agencja nieruchomo\u015bci Immobi\",\"isPartOf\":{\"@id\":\"https:\/\/immobi.co.za\/biuro\/#website\"},\"datePublished\":\"2023-01-23T06:33:14+00:00\",\"dateModified\":\"2025-05-14T11:45:42+00:00\",\"description\":\"Mieszkanie na sprzeda\u017c Wawer \u2013 skorzystaj z lokalnej agencji nieruchomo\u015bci i znajd\u017a idealne lokum w zielonej cz\u0119\u015bci Warszawy. Sprawd\u017a aktualne oferty!\",\"breadcrumb\":{\"@id\":\"https:\/\/immobi.co.za\/biuro\/agencja-nieruchomosci-wawer\/#breadcrumb\"},\"inLanguage\":\"pl-PL\",\"potentialAction\":[{\"@type\":\"ReadAction\",\"target\":[\"https:\/\/immobi.co.za\/biuro\/agencja-nieruchomosci-wawer\/\"]}]},{\"@type\":\"BreadcrumbList\",\"@id\":\"https:\/\/immobi.co.za\/biuro\/agencja-nieruchomosci-wawer\/#breadcrumb\",\"itemListElement\":[{\"@type\":\"ListItem\",\"position\":1,\"name\":\"Home\",\"item\":\"https:\/\/immobi.co.za\/biuro\/\"},{\"@type\":\"ListItem\",\"position\":2,\"name\":\"Mieszkania na sprzeda\u017c Warszawa Wawer \u2013 agencja nieruchomo\u015bci Immobi\"}]},{\"@type\":\"WebSite\",\"@id\":\"https:\/\/immobi.co.za\/biuro\/#website\",\"url\":\"https:\/\/immobi.co.za\/biuro\/\",\"name\":\"Immobi\",\"description\":\"Ruchliwe Nieruchomo\u015bci\",\"potentialAction\":[{\"@type\":\"SearchAction\",\"target\":{\"@type\":\"EntryPoint\",\"urlTemplate\":\"https:\/\/immobi.co.za\/biuro\/?s={search_term_string}\"},\"query-input\":{\"@type\":\"PropertyValueSpecification\",\"valueRequired\":true,\"valueName\":\"search_term_string\"}}],\"inLanguage\":\"pl-PL\"}]}<\/script>\n<!-- \/ Yoast SEO plugin. -->","yoast_head_json":{"title":"Mieszkanie na sprzeda\u017c i wynajem Warszawa Wawer - Agencja nieruchomo\u015bci Immobi","description":"Mieszkanie na sprzeda\u017c Wawer \u2013 skorzystaj z lokalnej agencji nieruchomo\u015bci i znajd\u017a idealne lokum w zielonej cz\u0119\u015bci Warszawy. Sprawd\u017a aktualne oferty!","robots":{"index":"index","follow":"follow","max-snippet":"max-snippet:-1","max-image-preview":"max-image-preview:large","max-video-preview":"max-video-preview:-1"},"canonical":"https:\/\/immobi.co.za\/biuro\/agencja-nieruchomosci-wawer\/","og_locale":"pl_PL","og_type":"article","og_title":"Mieszkanie na sprzeda\u017c i wynajem Warszawa Wawer - Agencja nieruchomo\u015bci Immobi","og_description":"Mieszkanie na sprzeda\u017c Wawer \u2013 skorzystaj z lokalnej agencji nieruchomo\u015bci i znajd\u017a idealne lokum w zielonej cz\u0119\u015bci Warszawy. Sprawd\u017a aktualne oferty!","og_url":"https:\/\/immobi.co.za\/biuro\/agencja-nieruchomosci-wawer\/","og_site_name":"Immobi","article_publisher":"https:\/\/www.facebook.com\/immobi.co.za","article_modified_time":"2025-05-14T11:45:42+00:00","twitter_card":"summary_large_image","twitter_misc":{"Szacowany czas czytania":"3 minuty"},"schema":{"@context":"https:\/\/schema.org","@graph":[{"@type":"WebPage","@id":"https:\/\/immobi.co.za\/biuro\/agencja-nieruchomosci-wawer\/","url":"https:\/\/immobi.co.za\/biuro\/agencja-nieruchomosci-wawer\/","name":"Mieszkanie na sprzeda\u017c i wynajem Warszawa Wawer - Agencja nieruchomo\u015bci Immobi","isPartOf":{"@id":"https:\/\/immobi.co.za\/biuro\/#website"},"datePublished":"2023-01-23T06:33:14+00:00","dateModified":"2025-05-14T11:45:42+00:00","description":"Mieszkanie na sprzeda\u017c Wawer \u2013 skorzystaj z lokalnej agencji nieruchomo\u015bci i znajd\u017a idealne lokum w zielonej cz\u0119\u015bci Warszawy. Sprawd\u017a aktualne oferty!","breadcrumb":{"@id":"https:\/\/immobi.co.za\/biuro\/agencja-nieruchomosci-wawer\/#breadcrumb"},"inLanguage":"pl-PL","potentialAction":[{"@type":"ReadAction","target":["https:\/\/immobi.co.za\/biuro\/agencja-nieruchomosci-wawer\/"]}]},{"@type":"BreadcrumbList","@id":"https:\/\/immobi.co.za\/biuro\/agencja-nieruchomosci-wawer\/#breadcrumb","itemListElement":[{"@type":"ListItem","position":1,"name":"Home","item":"https:\/\/immobi.co.za\/biuro\/"},{"@type":"ListItem","position":2,"name":"Mieszkania na sprzeda\u017c Warszawa Wawer \u2013 agencja nieruchomo\u015bci Immobi"}]},{"@type":"WebSite","@id":"https:\/\/immobi.co.za\/biuro\/#website","url":"https:\/\/immobi.co.za\/biuro\/","name":"Immobi","description":"Ruchliwe Nieruchomo\u015bci","potentialAction":[{"@type":"SearchAction","target":{"@type":"EntryPoint","urlTemplate":"https:\/\/immobi.co.za\/biuro\/?s={search_term_string}"},"query-input":{"@type":"PropertyValueSpecification","valueRequired":true,"valueName":"search_term_string"}}],"inLanguage":"pl-PL"}]}},"_links":{"self":[{"href":"https:\/\/immobi.co.za\/biuro\/wp-json\/wp\/v2\/pages\/857","targetHints":{"allow":["GET"]}}],"collection":[{"href":"https:\/\/immobi.co.za\/biuro\/wp-json\/wp\/v2\/pages"}],"about":[{"href":"https:\/\/immobi.co.za\/biuro\/wp-json\/wp\/v2\/types\/page"}],"author":[{"embeddable":true,"href":"https:\/\/immobi.co.za\/biuro\/wp-json\/wp\/v2\/users\/1"}],"replies":[{"embeddable":true,"href":"https:\/\/immobi.co.za\/biuro\/wp-json\/wp\/v2\/comments?post=857"}],"version-history":[{"count":11,"href":"https:\/\/immobi.co.za\/biuro\/wp-json\/wp\/v2\/pages\/857\/revisions"}],"predecessor-version":[{"id":1182,"href":"https:\/\/immobi.co.za\/biuro\/wp-json\/wp\/v2\/pages\/857\/revisions\/1182"}],"wp:attachment":[{"href":"https:\/\/immobi.co.za\/biuro\/wp-json\/wp\/v2\/media?parent=857"}],"curies":[{"name":"wp","href":"https:\/\/api.w.org\/{rel}","templated":true}]}}