{"id":863,"date":"2023-01-23T07:36:37","date_gmt":"2023-01-23T06:36:37","guid":{"rendered":"https:\/\/immobi.co.za\/biuro\/?page_id=863"},"modified":"2025-05-14T13:44:42","modified_gmt":"2025-05-14T11:44:42","slug":"agent-nieruchomosci-bialoleka","status":"publish","type":"page","link":"https:\/\/immobi.co.za\/biuro\/agent-nieruchomosci-bialoleka\/","title":{"rendered":"Mieszkania na sprzeda\u017c Warszawa Bia\u0142o\u0142\u0119ka &#8211; Biuro nieruchomo\u015bci | Rynek wt\u00f3rny"},"content":{"rendered":"\n<p>Od <strong>biura<\/strong> <strong>nieruchomo\u015bci<\/strong> oczekuje si\u0119 przede wszystkim wysokiej skuteczno\u015bci id\u0105cej w parze z rzetelno\u015bci\u0105. Znalezienie mieszkania skrojonego na miar\u0119 potrzeb konkretnej osoby wymaga nie tylko znajomo\u015bci rynku, ale r\u00f3wnie\u017c odpowiednich kompetencji. To samo tyczy si\u0119 r\u00f3wnie\u017c sprzeda\u017cy domu czy lokalu.<\/p>\n\n\n\n<p>Je\u017celi szukaj\u0105 Pa\u0144stwo <strong>profesjonalnego agenta nieruchomo\u015bci w Warszawie \u2013 na Bia\u0142o\u0142\u0119ce <\/strong>i w innych dzielnicach \u2013 zapraszamy do kontaktu. Uczciwo\u015b\u0107, transparentno\u015b\u0107 i sumienno\u015b\u0107 \u2013 to filary, na kt\u00f3rych opieramy nasz\u0105 dzia\u0142alno\u015b\u0107. Nigdy nie obiecujemy Klientom czego\u015b, czego nie byliby\u015bmy w stanie zrealizowa\u0107, a jednak statystyki m\u00f3wi\u0105 same za siebie \u2013 jeste\u015bmy niezwykle skuteczni. Nasz \u015bredni czas sprzeda\u017cy nieruchomo\u015bci to 2 miesi\u0105ce. Doskonale wiemy, <a href=\"\/biuro\/sprzedaj-mieszkanie-ursynow\/\">jak sprzedawa\u0107 mieszkania<\/a> i jeste\u015bmy w tym naprawd\u0119 dobrzy. Jednocze\u015bnie stoimy na stra\u017cy interes\u00f3w Klient\u00f3w \u2013 dbamy o prawid\u0142owo\u015b\u0107 formalnoprawn\u0105 zawieranych um\u00f3w przedwst\u0119pnych i pomagamy w skompletowaniu dokument\u00f3w niezb\u0119dnych do podpisania umowy w\u0142a\u015bciwej u notariusza. Robimy wszystko, by uzyska\u0107 dla Pa\u0144stwa jak najkorzystniejsze warunki sprzeda\u017cy czy najmu.<\/p>\n\n\n\n<h2 class=\"wp-block-heading\">Czym zajmuje si\u0119 agent nieruchomo\u015bci?<\/h2>\n\n\n\n<p>Jednym z <strong>podstawowych zada\u0144 agenta nieruchomo\u015bci<\/strong> jest pomoc osobom szukaj\u0105cym mieszkania lub domu do wynajmu czy zakupu. Agent najpierw zapoznaje si\u0119 z mo\u017cliwo\u015bciami finansowymi oraz oczekiwaniami Klienta dotycz\u0105cymi takich kwestii jak np. lokalizacja, metra\u017c czy liczba pokoi. Nast\u0119pnie wyszukuje oferty zgodne z przedstawionymi kryteriami. Pomaga r\u00f3wnie\u017c w zawarciu umowy, pilnuj\u0105c, by by\u0142a zgodna z obowi\u0105zuj\u0105cymi przepisami.<\/p>\n\n\n\n<p>Kolejnym <strong>obszarem dzia\u0142alno\u015bci agenta nieruchomo\u015bci<\/strong> jest pomoc w sprzeda\u017cy lub wynajmie. W zakres tej us\u0142ugi wchodzi m.in.:<\/p>\n\n\n\n<ul class=\"wp-block-list\">\n<li>przygotowanie oferty sprzeda\u017cy lub najmu wraz z dokumentacj\u0105 fotograficzn\u0105 oraz zamieszczenie jej w odpowiednich portalach,<\/li>\n\n\n\n<li>kontaktowanie si\u0119 z potencjalnymi nabywcami\/najemcami, oprowadzanie ich po nieruchomo\u015bci,<\/li>\n\n\n\n<li>sporz\u0105dzenie umowy przedwst\u0119pnej gwarantuj\u0105cej ochron\u0119 interes\u00f3w obu stron,<\/li>\n\n\n\n<li>um\u00f3wienie wizyty u notariusza celem podpisania umowy w\u0142a\u015bciwej.<\/li>\n<\/ul>\n\n\n\n<h2 class=\"wp-block-heading\">Dlaczego warto podj\u0105\u0107 wsp\u00f3\u0142prac\u0119 z naszym biurem na Bia\u0142o\u0142\u0119ce?<\/h2>\n\n\n\n<p>Wsp\u00f3\u0142praca z biurem nieruchomo\u015bci na Bia\u0142o\u0142\u0119ce to gwarancja profesjonalizmu i skuteczno\u015bci. Dzi\u0119ki wieloletniemu do\u015bwiadczeniu oraz doskona\u0142ej znajomo\u015bci lokalnego rynku nasi agenci s\u0105 w stanie szybko i efektywnie znale\u017a\u0107 odpowiednich nabywc\u00f3w lub najemc\u00f3w dla Pa\u0144stwa nieruchomo\u015bci. Oferujemy kompleksow\u0105 obs\u0142ug\u0119, obejmuj\u0105c\u0105 ka\u017cdy etap transakcji \u2013 od rzetelnej wyceny nieruchomo\u015bci, przez przygotowanie profesjonalnej oferty, a\u017c po finalizacj\u0119 umowy. Dbamy o to, aby ca\u0142y proces przebiega\u0142 sprawnie i bezproblemowo, zapewniaj\u0105c Pa\u0144stwu pe\u0142ne wsparcie oraz komfort wsp\u00f3\u0142pracy.<\/p>\n\n\n\n<p>Dzi\u0119ki nowoczesnym narz\u0119dziom oraz technologii, jak\u0105 dysponujemy, proces sprzeda\u017cy lub wynajmu nieruchomo\u015bci jest szybki i skuteczny. <strong>Wykorzystujemy szerokie kana\u0142y promocji, takie jak og\u00f3lnopolskie portale, media spo\u0142eczno\u015bciowe oraz nasz\u0105 baz\u0119 aktywnych Klient\u00f3w poszukuj\u0105cych lokali<\/strong> dla siebie. Dbamy o wysokiej jako\u015bci materia\u0142y promocyjne \u2013 profesjonalne zdj\u0119cia, rzetelne opisy oraz wirtualne spacery, kt\u00f3re zwi\u0119kszaj\u0105 zainteresowanie ofert\u0105 i przyspieszaj\u0105 proces sprzeda\u017cy.<\/p>\n\n\n\n<p>Nasi agenci s\u0105 dost\u0119pni na ka\u017cdym etapie wsp\u00f3\u0142pracy, oferuj\u0105c pe\u0142ne doradztwo. Pomagamy w negocjacjach cenowych, analizie rynku oraz sprawach formalnych, co sprawia, \u017ce Klienci mog\u0105 czu\u0107 si\u0119 bezpiecznie i komfortowo. Naszym priorytetem jest zapewnienie najwy\u017cszego poziomu satysfakcji z przeprowadzonej transakcji.<\/p>\n\n\n\n<h2 class=\"wp-block-heading\">Sprzedam mieszkanie na Bia\u0142o\u0142\u0119ce \u2013 oferta dla w\u0142a\u015bcicieli<\/h2>\n\n\n\n<p>W\u0142a\u015bciciele mieszka\u0144 na Bia\u0142o\u0142\u0119ce mog\u0105 liczy\u0107 na nasze pe\u0142ne wsparcie w procesie sprzeda\u017cy. Nasze biuro zajmuje si\u0119 nie tylko promocj\u0105 oferty, ale r\u00f3wnie\u017c organizacj\u0105 prezentacji nieruchomo\u015bci oraz profesjonalnym przeprowadzeniem negocjacji cenowych. Dzi\u0119ki szerokiej bazie Klient\u00f3w oraz skutecznym strategiom marketingowym jeste\u015bmy w stanie szybko znale\u017a\u0107 odpowiedniego nabywc\u0119.<\/p>\n\n\n\n<p>Wsp\u00f3\u0142pracuj\u0105c z nami, otrzymuj\u0105 Pa\u0144stwo <strong>pe\u0142ne doradztwo w zakresie ustalenia optymalnej ceny, przygotowania nieruchomo\u015bci do sprzeda\u017cy oraz strategii negocjacyjnych<\/strong>. Zajmujemy si\u0119 r\u00f3wnie\u017c wszystkimi formalno\u015bciami, co oszcz\u0119dza czas i minimalizuje stres zwi\u0105zany z procesem sprzeda\u017cy. Je\u015bli maj\u0105 Pa\u0144stwo mieszkanie na sprzeda\u017c na Bia\u0142o\u0142\u0119ce, zapraszamy do kontaktu.<\/p>\n\n\n\n<p>Dzia\u0142amy jako <a href=\"https:\/\/immobi.co.za\/biuro\/posrednik-nieruchomosci-mokotow\/\">agencja nieruchomo\u015bci na Mokotowie<\/a>, Bia\u0142o\u0142\u0119ce i w wielu innych dzielnicach. Obs\u0142ugujemy mieszkania w ca\u0142ej Warszawie \u2013 zapraszamy do kontaktu bez wzgl\u0119du na lokalizacj\u0119. W razie jakichkolwiek pyta\u0144 s\u0142u\u017cymy wsparciem.<\/p>\n","protected":false},"excerpt":{"rendered":"<p>Od biura nieruchomo\u015bci oczekuje si\u0119 przede wszystkim wysokiej skuteczno\u015bci id\u0105cej w parze z rzetelno\u015bci\u0105. Znalezienie mieszkania skrojonego na miar\u0119 potrzeb konkretnej osoby wymaga nie tylko znajomo\u015bci rynku, ale r\u00f3wnie\u017c odpowiednich kompetencji. To samo tyczy si\u0119 r\u00f3wnie\u017c sprzeda\u017cy domu czy lokalu. Je\u017celi szukaj\u0105 Pa\u0144stwo profesjonalnego agenta nieruchomo\u015bci w Warszawie \u2013 na Bia\u0142o\u0142\u0119ce i w innych dzielnicach [&hellip;]<\/p>\n","protected":false},"author":1,"featured_media":0,"parent":0,"menu_order":0,"comment_status":"closed","ping_status":"closed","template":"","meta":{"_acf_changed":false,"inline_featured_image":false,"footnotes":""},"class_list":["post-863","page","type-page","status-publish","hentry"],"acf":[],"yoast_head":"<!-- This site is optimized with the Yoast SEO plugin v27.1.1 - https:\/\/yoast.com\/product\/yoast-seo-wordpress\/ -->\n<title>Mieszkanie na sprzeda\u017c Warszawa Bia\u0142o\u0142\u0119ka \u2013 Biuro nieruchomo\u015bci, agencja Immobi<\/title>\n<meta name=\"description\" content=\"Jako agenci nieruchomo\u015bci zapewniamy kompleksow\u0105 pomoc w sprzeda\u017cy, zakupie oraz wynajmie mieszka\u0144. Pomagamy w przygotowaniu ofert i um\u00f3w. Sprawd\u017a szczeg\u00f3\u0142y!\" \/>\n<meta name=\"robots\" content=\"index, follow, max-snippet:-1, max-image-preview:large, max-video-preview:-1\" \/>\n<link rel=\"canonical\" href=\"https:\/\/immobi.co.za\/biuro\/agent-nieruchomosci-bialoleka\/\" \/>\n<meta property=\"og:locale\" content=\"pl_PL\" \/>\n<meta property=\"og:type\" content=\"article\" \/>\n<meta property=\"og:title\" content=\"Mieszkanie na sprzeda\u017c Warszawa Bia\u0142o\u0142\u0119ka \u2013 Biuro nieruchomo\u015bci, agencja Immobi\" \/>\n<meta property=\"og:description\" content=\"Jako agenci nieruchomo\u015bci zapewniamy kompleksow\u0105 pomoc w sprzeda\u017cy, zakupie oraz wynajmie mieszka\u0144. Pomagamy w przygotowaniu ofert i um\u00f3w. Sprawd\u017a szczeg\u00f3\u0142y!\" \/>\n<meta property=\"og:url\" content=\"https:\/\/immobi.co.za\/biuro\/agent-nieruchomosci-bialoleka\/\" \/>\n<meta property=\"og:site_name\" content=\"Immobi\" \/>\n<meta property=\"article:publisher\" content=\"https:\/\/www.facebook.com\/immobi.co.za\" \/>\n<meta property=\"article:modified_time\" content=\"2025-05-14T11:44:42+00:00\" \/>\n<meta name=\"twitter:card\" content=\"summary_large_image\" \/>\n<meta name=\"twitter:label1\" content=\"Szacowany czas czytania\" \/>\n\t<meta name=\"twitter:data1\" content=\"4 minuty\" \/>\n<script type=\"application\/ld+json\" class=\"yoast-schema-graph\">{\"@context\":\"https:\/\/schema.org\",\"@graph\":[{\"@type\":\"WebPage\",\"@id\":\"https:\/\/immobi.co.za\/biuro\/agent-nieruchomosci-bialoleka\/\",\"url\":\"https:\/\/immobi.co.za\/biuro\/agent-nieruchomosci-bialoleka\/\",\"name\":\"Mieszkanie na sprzeda\u017c Warszawa Bia\u0142o\u0142\u0119ka \u2013 Biuro nieruchomo\u015bci, agencja Immobi\",\"isPartOf\":{\"@id\":\"https:\/\/immobi.co.za\/biuro\/#website\"},\"datePublished\":\"2023-01-23T06:36:37+00:00\",\"dateModified\":\"2025-05-14T11:44:42+00:00\",\"description\":\"Jako agenci nieruchomo\u015bci zapewniamy kompleksow\u0105 pomoc w sprzeda\u017cy, zakupie oraz wynajmie mieszka\u0144. Pomagamy w przygotowaniu ofert i um\u00f3w. Sprawd\u017a szczeg\u00f3\u0142y!\",\"breadcrumb\":{\"@id\":\"https:\/\/immobi.co.za\/biuro\/agent-nieruchomosci-bialoleka\/#breadcrumb\"},\"inLanguage\":\"pl-PL\",\"potentialAction\":[{\"@type\":\"ReadAction\",\"target\":[\"https:\/\/immobi.co.za\/biuro\/agent-nieruchomosci-bialoleka\/\"]}]},{\"@type\":\"BreadcrumbList\",\"@id\":\"https:\/\/immobi.co.za\/biuro\/agent-nieruchomosci-bialoleka\/#breadcrumb\",\"itemListElement\":[{\"@type\":\"ListItem\",\"position\":1,\"name\":\"Home\",\"item\":\"https:\/\/immobi.co.za\/biuro\/\"},{\"@type\":\"ListItem\",\"position\":2,\"name\":\"Mieszkania na sprzeda\u017c Warszawa Bia\u0142o\u0142\u0119ka &#8211; Biuro nieruchomo\u015bci | Rynek wt\u00f3rny\"}]},{\"@type\":\"WebSite\",\"@id\":\"https:\/\/immobi.co.za\/biuro\/#website\",\"url\":\"https:\/\/immobi.co.za\/biuro\/\",\"name\":\"Immobi\",\"description\":\"Ruchliwe Nieruchomo\u015bci\",\"potentialAction\":[{\"@type\":\"SearchAction\",\"target\":{\"@type\":\"EntryPoint\",\"urlTemplate\":\"https:\/\/immobi.co.za\/biuro\/?s={search_term_string}\"},\"query-input\":{\"@type\":\"PropertyValueSpecification\",\"valueRequired\":true,\"valueName\":\"search_term_string\"}}],\"inLanguage\":\"pl-PL\"}]}<\/script>\n<!-- \/ Yoast SEO plugin. -->","yoast_head_json":{"title":"Mieszkanie na sprzeda\u017c Warszawa Bia\u0142o\u0142\u0119ka \u2013 Biuro nieruchomo\u015bci, agencja Immobi","description":"Jako agenci nieruchomo\u015bci zapewniamy kompleksow\u0105 pomoc w sprzeda\u017cy, zakupie oraz wynajmie mieszka\u0144. Pomagamy w przygotowaniu ofert i um\u00f3w. Sprawd\u017a szczeg\u00f3\u0142y!","robots":{"index":"index","follow":"follow","max-snippet":"max-snippet:-1","max-image-preview":"max-image-preview:large","max-video-preview":"max-video-preview:-1"},"canonical":"https:\/\/immobi.co.za\/biuro\/agent-nieruchomosci-bialoleka\/","og_locale":"pl_PL","og_type":"article","og_title":"Mieszkanie na sprzeda\u017c Warszawa Bia\u0142o\u0142\u0119ka \u2013 Biuro nieruchomo\u015bci, agencja Immobi","og_description":"Jako agenci nieruchomo\u015bci zapewniamy kompleksow\u0105 pomoc w sprzeda\u017cy, zakupie oraz wynajmie mieszka\u0144. Pomagamy w przygotowaniu ofert i um\u00f3w. Sprawd\u017a szczeg\u00f3\u0142y!","og_url":"https:\/\/immobi.co.za\/biuro\/agent-nieruchomosci-bialoleka\/","og_site_name":"Immobi","article_publisher":"https:\/\/www.facebook.com\/immobi.co.za","article_modified_time":"2025-05-14T11:44:42+00:00","twitter_card":"summary_large_image","twitter_misc":{"Szacowany czas czytania":"4 minuty"},"schema":{"@context":"https:\/\/schema.org","@graph":[{"@type":"WebPage","@id":"https:\/\/immobi.co.za\/biuro\/agent-nieruchomosci-bialoleka\/","url":"https:\/\/immobi.co.za\/biuro\/agent-nieruchomosci-bialoleka\/","name":"Mieszkanie na sprzeda\u017c Warszawa Bia\u0142o\u0142\u0119ka \u2013 Biuro nieruchomo\u015bci, agencja Immobi","isPartOf":{"@id":"https:\/\/immobi.co.za\/biuro\/#website"},"datePublished":"2023-01-23T06:36:37+00:00","dateModified":"2025-05-14T11:44:42+00:00","description":"Jako agenci nieruchomo\u015bci zapewniamy kompleksow\u0105 pomoc w sprzeda\u017cy, zakupie oraz wynajmie mieszka\u0144. Pomagamy w przygotowaniu ofert i um\u00f3w. Sprawd\u017a szczeg\u00f3\u0142y!","breadcrumb":{"@id":"https:\/\/immobi.co.za\/biuro\/agent-nieruchomosci-bialoleka\/#breadcrumb"},"inLanguage":"pl-PL","potentialAction":[{"@type":"ReadAction","target":["https:\/\/immobi.co.za\/biuro\/agent-nieruchomosci-bialoleka\/"]}]},{"@type":"BreadcrumbList","@id":"https:\/\/immobi.co.za\/biuro\/agent-nieruchomosci-bialoleka\/#breadcrumb","itemListElement":[{"@type":"ListItem","position":1,"name":"Home","item":"https:\/\/immobi.co.za\/biuro\/"},{"@type":"ListItem","position":2,"name":"Mieszkania na sprzeda\u017c Warszawa Bia\u0142o\u0142\u0119ka &#8211; Biuro nieruchomo\u015bci | Rynek wt\u00f3rny"}]},{"@type":"WebSite","@id":"https:\/\/immobi.co.za\/biuro\/#website","url":"https:\/\/immobi.co.za\/biuro\/","name":"Immobi","description":"Ruchliwe Nieruchomo\u015bci","potentialAction":[{"@type":"SearchAction","target":{"@type":"EntryPoint","urlTemplate":"https:\/\/immobi.co.za\/biuro\/?s={search_term_string}"},"query-input":{"@type":"PropertyValueSpecification","valueRequired":true,"valueName":"search_term_string"}}],"inLanguage":"pl-PL"}]}},"_links":{"self":[{"href":"https:\/\/immobi.co.za\/biuro\/wp-json\/wp\/v2\/pages\/863","targetHints":{"allow":["GET"]}}],"collection":[{"href":"https:\/\/immobi.co.za\/biuro\/wp-json\/wp\/v2\/pages"}],"about":[{"href":"https:\/\/immobi.co.za\/biuro\/wp-json\/wp\/v2\/types\/page"}],"author":[{"embeddable":true,"href":"https:\/\/immobi.co.za\/biuro\/wp-json\/wp\/v2\/users\/1"}],"replies":[{"embeddable":true,"href":"https:\/\/immobi.co.za\/biuro\/wp-json\/wp\/v2\/comments?post=863"}],"version-history":[{"count":8,"href":"https:\/\/immobi.co.za\/biuro\/wp-json\/wp\/v2\/pages\/863\/revisions"}],"predecessor-version":[{"id":1191,"href":"https:\/\/immobi.co.za\/biuro\/wp-json\/wp\/v2\/pages\/863\/revisions\/1191"}],"wp:attachment":[{"href":"https:\/\/immobi.co.za\/biuro\/wp-json\/wp\/v2\/media?parent=863"}],"curies":[{"name":"wp","href":"https:\/\/api.w.org\/{rel}","templated":true}]}}