{"id":866,"date":"2023-01-23T07:37:53","date_gmt":"2023-01-23T06:37:53","guid":{"rendered":"https:\/\/immobi.co.za\/biuro\/?page_id=866"},"modified":"2025-05-14T13:51:31","modified_gmt":"2025-05-14T11:51:31","slug":"biuro-nieruchomosci-praga-poludnie","status":"publish","type":"page","link":"https:\/\/immobi.co.za\/biuro\/biuro-nieruchomosci-praga-poludnie\/","title":{"rendered":"Mieszkania na sprzeda\u017c Warszawa Praga-Po\u0142udnie | Biuro nieruchomo\u015bci Immobi | Rynek wt\u00f3rny"},"content":{"rendered":"\n<p>Prowadzimy <strong>biuro nieruchomo\u015bci w Warszawie<\/strong>. O naszej skuteczno\u015bci w sprzeda\u017cy nieruchomo\u015bci najlepiej \u015bwiadczy zadowolenie szerokiego grona Klient\u00f3w, a tak\u017ce statystyki \u2013 ju\u017c dwa lata z rz\u0119du osi\u0105gamy najlepsze oceny spo\u015br\u00f3d biur na Pradze-Po\u0142udnie (zestawienie Or\u0142\u00f3w Nieruchomo\u015bci). Jeste\u015bmy r\u00f3wnie\u017c specjalistami od wyszukiwania ofert dostosowanych do indywidualnych potrzeb i oczekiwa\u0144.<\/p>\n\n\n\n<p>W naszym biurze pracuje zesp\u00f3\u0142 do\u015bwiadczonych <a href=\"https:\/\/immobi.co.za\/biuro\/\">po\u015brednik\u00f3w, kt\u00f3rzy<\/a> do ka\u017cdego zlecenia podchodz\u0105 z ogromnym zaanga\u017cowaniem i entuzjazmem. Jeste\u015bmy nieust\u0119pliwi w d\u0105\u017ceniu do celu \u2013 znajdziemy dla Pa\u0144stwa najlepsz\u0105 z mo\u017cliwych ofert albo krok po kroku przeprowadzimy przez proces sprzeda\u017cy nieruchomo\u015bci.<\/p>\n\n\n\n<h2 class=\"wp-block-heading\">Dlaczego warto podj\u0105\u0107 wsp\u00f3\u0142prac\u0119 z biurem nieruchomo\u015bci?<\/h2>\n\n\n\n<p><strong>Korzy\u015bci ze wsp\u00f3\u0142pracy z biurem nieruchomo\u015bci<\/strong> jest naprawd\u0119 wiele \u2013 zar\u00f3wno dla os\u00f3b planuj\u0105cych sprzeda\u017c mieszkania, jak i zainteresowanych jego zakupem lub wynajmem. Po pierwsze, decyduj\u0105c si\u0119 na skorzystanie z naszych us\u0142ug, zyskuj\u0105 Pa\u0144stwo pewno\u015b\u0107, \u017ce sprawa znajdzie si\u0119 w r\u0119kach do\u015bwiadczonych agent\u00f3w. Doskonale orientujemy si\u0119 w bie\u017c\u0105cej sytuacji na rynku i regulacjach prawnych z zakresu nieruchomo\u015bci. Dlatego te\u017c nie musz\u0105 Pa\u0144stwo martwi\u0107 si\u0119 o prawid\u0142owo\u015b\u0107 zapis\u00f3w umowy. Ponadto dok\u0142adnie sprawdzamy stan prawny nieruchomo\u015bci b\u0119d\u0105cej przedmiotem transakcji i wiemy r\u00f3wnie\u017c, gdzie wyszuka\u0107 najatrakcyjniejsze oferty.<\/p>\n\n\n\n<p>Wsp\u00f3\u0142praca z biurem nieruchomo\u015bci oznacza ogromn\u0105 wygod\u0119 dla osoby sprzedaj\u0105cej czy szukaj\u0105cej mieszkania. Klient nie musi traci\u0107 czasu na przygotowanie oferty sprzeda\u017cowej albo kontakty z potencjalnymi nabywcami. Wszystko to bierzemy na siebie.<\/p>\n\n\n\n<h2 class=\"wp-block-heading\">Sprzedam mieszkanie \u2013 Praga Po\u0142udnie<\/h2>\n\n\n\n<p>Sprzeda\u017c mieszkania na Pradze Po\u0142udnie to proces, kt\u00f3ry mo\u017ce by\u0107 szybki i bezproblemowy, zw\u0142aszcza gdy zdecyduj\u0105 si\u0119 Pa\u0144stwo na wsp\u00f3\u0142prac\u0119 z naszym biurem nieruchomo\u015bci. Specjalizujemy si\u0119 w obrocie nieruchomo\u015bciami w tej dynamicznie rozwijaj\u0105cej si\u0119 dzielnicy Warszawy, co daje nam unikaln\u0105 przewag\u0119 na rynku. Nasze wieloletnie do\u015bwiadczenie oraz dog\u0142\u0119bna znajomo\u015b\u0107 lokalnego rynku pozwalaj\u0105 na skuteczne przeprowadzenie ca\u0142ego procesu sprzeda\u017cy, pocz\u0105wszy od przygotowania mieszkania do wystawienia oferty, a\u017c po finalizacj\u0119 transakcji.<\/p>\n\n\n\n<p>Zajmujemy si\u0119 kompleksow\u0105 organizacj\u0105 prezentacji mieszka\u0144, co pozwala w\u0142a\u015bcicielom zaoszcz\u0119dzi\u0107 cenny czas i energi\u0119. Nasi profesjonalni doradcy dbaj\u0105 o ka\u017cdy szczeg\u00f3\u0142 zwi\u0105zany z przygotowaniem nieruchomo\u015bci do sprzeda\u017cy, przeprowadzaj\u0105 sesje zdj\u0119ciowe, a tak\u017ce organizuj\u0105 spotkania z potencjalnymi nabywcami. To wszystko po to, aby ka\u017cdy etap procesu by\u0142 maksymalnie efektywny, a mieszkanie zosta\u0142o pokazane z jak najlepszej strony. Dzi\u0119ki naszej pomocy mog\u0105 Pa\u0144stwo skoncentrowa\u0107 si\u0119 na innych sprawach, a my zajmiemy si\u0119 reszt\u0105, w tym r\u00f3wnie\u017c negocjacjami z potencjalnymi kupcami.<br>Je\u015bli maj\u0105 Pa\u0144stwo <strong>mieszkanie na sprzeda\u017c na Pradze Po\u0142udnie<\/strong>, zapraszamy do kontaktu.<\/p>\n\n\n\n<h2 class=\"wp-block-heading\">Mieszkanie na sprzeda\u017c dostosowane do Pa\u0144stwa potrzeb<\/h2>\n\n\n\n<p>W ofercie naszego biura nieruchomo\u015bci znajd\u0105 Pa\u0144stwo szerok\u0105 gam\u0119 mieszka\u0144 na sprzeda\u017c na Pradze Po\u0142udnie, kt\u00f3re <strong>r\u00f3\u017cni\u0105 si\u0119 mi\u0119dzy sob\u0105 metra\u017cem, standardem wyko\u0144czenia oraz lokalizacj\u0105<\/strong>. Zdajemy sobie spraw\u0119, jak wa\u017cne jest dla naszych Klient\u00f3w znalezienie nieruchomo\u015bci, kt\u00f3ra spe\u0142ni ich oczekiwania, dlatego starannie sprawdzamy ka\u017cd\u0105 ofert\u0119.<\/p>\n\n\n\n<p>Warto pami\u0119ta\u0107, \u017ce Praga Po\u0142udnie to dzielnica o bogatej historii, ale tak\u017ce pe\u0142na nowych inwestycji. Ju\u017c od co najmniej kilku lat rejon ten przyci\u0105ga osoby szukaj\u0105ce zar\u00f3wno mieszka\u0144 w dobrym stanie, jak i tych, kt\u00f3re wymagaj\u0105 remontu.<\/p>\n\n\n\n<h2 class=\"wp-block-heading\">Biuro nieruchomo\u015bci nie tylko na Pradze Po\u0142udnie<\/h2>\n\n\n\n<p>Nasze biuro nieruchomo\u015bci dzia\u0142a na terenie ca\u0142ej Warszawy, co pozwala nam na obs\u0142ug\u0119 Klient\u00f3w z r\u00f3\u017cnych dzielnic stolicy. Dzi\u0119ki tak szerokiemu zasi\u0119gowi jeste\u015bmy w stanie pom\u00f3c nie tylko przy sprzeda\u017cy i wynajmie nieruchomo\u015bci na Pradze Po\u0142udnie, ale tak\u017ce w innych cz\u0119\u015bciach miasta. Nasza wiedza o lokalnym rynku nieruchomo\u015bci i jego specyfice jest kluczowa dla efektywno\u015bci naszych dzia\u0142a\u0144. Dzi\u0119ki temu jeste\u015bmy w stanie szybko i skutecznie reagowa\u0107 na zmieniaj\u0105ce si\u0119 potrzeby rynku, zapewniaj\u0105c Pa\u0144stwu kompleksow\u0105 obs\u0142ug\u0119 na ka\u017cdym etapie sprzeda\u017cy.<\/p>\n\n\n\n<p>Zach\u0119camy do wsp\u00f3\u0142pracy z naszym <a href=\"https:\/\/immobi.co.za\/biuro\/sprzedaj-mieszkanie-ursynow\/\">biurem nieruchomo\u015bci na Ursynowie<\/a>, Pradze Po\u0142udnie i w ca\u0142ej stolicy.<\/p>\n","protected":false},"excerpt":{"rendered":"<p>Prowadzimy biuro nieruchomo\u015bci w Warszawie. O naszej skuteczno\u015bci w sprzeda\u017cy nieruchomo\u015bci najlepiej \u015bwiadczy zadowolenie szerokiego grona Klient\u00f3w, a tak\u017ce statystyki \u2013 ju\u017c dwa lata z rz\u0119du osi\u0105gamy najlepsze oceny spo\u015br\u00f3d biur na Pradze-Po\u0142udnie (zestawienie Or\u0142\u00f3w Nieruchomo\u015bci). Jeste\u015bmy r\u00f3wnie\u017c specjalistami od wyszukiwania ofert dostosowanych do indywidualnych potrzeb i oczekiwa\u0144. W naszym biurze pracuje zesp\u00f3\u0142 do\u015bwiadczonych po\u015brednik\u00f3w, [&hellip;]<\/p>\n","protected":false},"author":1,"featured_media":0,"parent":0,"menu_order":0,"comment_status":"closed","ping_status":"closed","template":"","meta":{"_acf_changed":false,"inline_featured_image":false,"footnotes":""},"class_list":["post-866","page","type-page","status-publish","hentry"],"acf":[],"yoast_head":"<!-- This site is optimized with the Yoast SEO plugin v27.1.1 - https:\/\/yoast.com\/product\/yoast-seo-wordpress\/ -->\n<title>Sprzeda\u017c mieszka\u0144 Praga-Po\u0142udnie Warszawa \u2013 biuro nieruchomo\u015bci Immobi<\/title>\n<meta name=\"description\" content=\"Mieszkanie na sprzeda\u017c Praga Po\u0142udnie \u2013 sprawd\u017a aktualne oferty i skorzystaj z pomocy do\u015bwiadczonej agencji nieruchomo\u015bci. Dzia\u0142amy szybko i bezproblemowo.\" \/>\n<meta name=\"robots\" content=\"index, follow, max-snippet:-1, max-image-preview:large, max-video-preview:-1\" \/>\n<link rel=\"canonical\" href=\"https:\/\/immobi.co.za\/biuro\/biuro-nieruchomosci-praga-poludnie\/\" \/>\n<meta property=\"og:locale\" content=\"pl_PL\" \/>\n<meta property=\"og:type\" content=\"article\" \/>\n<meta property=\"og:title\" content=\"Sprzeda\u017c mieszka\u0144 Praga-Po\u0142udnie Warszawa \u2013 biuro nieruchomo\u015bci Immobi\" \/>\n<meta property=\"og:description\" content=\"Mieszkanie na sprzeda\u017c Praga Po\u0142udnie \u2013 sprawd\u017a aktualne oferty i skorzystaj z pomocy do\u015bwiadczonej agencji nieruchomo\u015bci. Dzia\u0142amy szybko i bezproblemowo.\" \/>\n<meta property=\"og:url\" content=\"https:\/\/immobi.co.za\/biuro\/biuro-nieruchomosci-praga-poludnie\/\" \/>\n<meta property=\"og:site_name\" content=\"Immobi\" \/>\n<meta property=\"article:publisher\" content=\"https:\/\/www.facebook.com\/immobi.co.za\" \/>\n<meta property=\"article:modified_time\" content=\"2025-05-14T11:51:31+00:00\" \/>\n<meta name=\"twitter:card\" content=\"summary_large_image\" \/>\n<meta name=\"twitter:label1\" content=\"Szacowany czas czytania\" \/>\n\t<meta name=\"twitter:data1\" content=\"4 minuty\" \/>\n<script type=\"application\/ld+json\" class=\"yoast-schema-graph\">{\"@context\":\"https:\/\/schema.org\",\"@graph\":[{\"@type\":\"WebPage\",\"@id\":\"https:\/\/immobi.co.za\/biuro\/biuro-nieruchomosci-praga-poludnie\/\",\"url\":\"https:\/\/immobi.co.za\/biuro\/biuro-nieruchomosci-praga-poludnie\/\",\"name\":\"Sprzeda\u017c mieszka\u0144 Praga-Po\u0142udnie Warszawa \u2013 biuro nieruchomo\u015bci Immobi\",\"isPartOf\":{\"@id\":\"https:\/\/immobi.co.za\/biuro\/#website\"},\"datePublished\":\"2023-01-23T06:37:53+00:00\",\"dateModified\":\"2025-05-14T11:51:31+00:00\",\"description\":\"Mieszkanie na sprzeda\u017c Praga Po\u0142udnie \u2013 sprawd\u017a aktualne oferty i skorzystaj z pomocy do\u015bwiadczonej agencji nieruchomo\u015bci. Dzia\u0142amy szybko i bezproblemowo.\",\"breadcrumb\":{\"@id\":\"https:\/\/immobi.co.za\/biuro\/biuro-nieruchomosci-praga-poludnie\/#breadcrumb\"},\"inLanguage\":\"pl-PL\",\"potentialAction\":[{\"@type\":\"ReadAction\",\"target\":[\"https:\/\/immobi.co.za\/biuro\/biuro-nieruchomosci-praga-poludnie\/\"]}]},{\"@type\":\"BreadcrumbList\",\"@id\":\"https:\/\/immobi.co.za\/biuro\/biuro-nieruchomosci-praga-poludnie\/#breadcrumb\",\"itemListElement\":[{\"@type\":\"ListItem\",\"position\":1,\"name\":\"Home\",\"item\":\"https:\/\/immobi.co.za\/biuro\/\"},{\"@type\":\"ListItem\",\"position\":2,\"name\":\"Mieszkania na sprzeda\u017c Warszawa Praga-Po\u0142udnie | Biuro nieruchomo\u015bci Immobi | Rynek wt\u00f3rny\"}]},{\"@type\":\"WebSite\",\"@id\":\"https:\/\/immobi.co.za\/biuro\/#website\",\"url\":\"https:\/\/immobi.co.za\/biuro\/\",\"name\":\"Immobi\",\"description\":\"Ruchliwe Nieruchomo\u015bci\",\"potentialAction\":[{\"@type\":\"SearchAction\",\"target\":{\"@type\":\"EntryPoint\",\"urlTemplate\":\"https:\/\/immobi.co.za\/biuro\/?s={search_term_string}\"},\"query-input\":{\"@type\":\"PropertyValueSpecification\",\"valueRequired\":true,\"valueName\":\"search_term_string\"}}],\"inLanguage\":\"pl-PL\"}]}<\/script>\n<!-- \/ Yoast SEO plugin. -->","yoast_head_json":{"title":"Sprzeda\u017c mieszka\u0144 Praga-Po\u0142udnie Warszawa \u2013 biuro nieruchomo\u015bci Immobi","description":"Mieszkanie na sprzeda\u017c Praga Po\u0142udnie \u2013 sprawd\u017a aktualne oferty i skorzystaj z pomocy do\u015bwiadczonej agencji nieruchomo\u015bci. Dzia\u0142amy szybko i bezproblemowo.","robots":{"index":"index","follow":"follow","max-snippet":"max-snippet:-1","max-image-preview":"max-image-preview:large","max-video-preview":"max-video-preview:-1"},"canonical":"https:\/\/immobi.co.za\/biuro\/biuro-nieruchomosci-praga-poludnie\/","og_locale":"pl_PL","og_type":"article","og_title":"Sprzeda\u017c mieszka\u0144 Praga-Po\u0142udnie Warszawa \u2013 biuro nieruchomo\u015bci Immobi","og_description":"Mieszkanie na sprzeda\u017c Praga Po\u0142udnie \u2013 sprawd\u017a aktualne oferty i skorzystaj z pomocy do\u015bwiadczonej agencji nieruchomo\u015bci. Dzia\u0142amy szybko i bezproblemowo.","og_url":"https:\/\/immobi.co.za\/biuro\/biuro-nieruchomosci-praga-poludnie\/","og_site_name":"Immobi","article_publisher":"https:\/\/www.facebook.com\/immobi.co.za","article_modified_time":"2025-05-14T11:51:31+00:00","twitter_card":"summary_large_image","twitter_misc":{"Szacowany czas czytania":"4 minuty"},"schema":{"@context":"https:\/\/schema.org","@graph":[{"@type":"WebPage","@id":"https:\/\/immobi.co.za\/biuro\/biuro-nieruchomosci-praga-poludnie\/","url":"https:\/\/immobi.co.za\/biuro\/biuro-nieruchomosci-praga-poludnie\/","name":"Sprzeda\u017c mieszka\u0144 Praga-Po\u0142udnie Warszawa \u2013 biuro nieruchomo\u015bci Immobi","isPartOf":{"@id":"https:\/\/immobi.co.za\/biuro\/#website"},"datePublished":"2023-01-23T06:37:53+00:00","dateModified":"2025-05-14T11:51:31+00:00","description":"Mieszkanie na sprzeda\u017c Praga Po\u0142udnie \u2013 sprawd\u017a aktualne oferty i skorzystaj z pomocy do\u015bwiadczonej agencji nieruchomo\u015bci. Dzia\u0142amy szybko i bezproblemowo.","breadcrumb":{"@id":"https:\/\/immobi.co.za\/biuro\/biuro-nieruchomosci-praga-poludnie\/#breadcrumb"},"inLanguage":"pl-PL","potentialAction":[{"@type":"ReadAction","target":["https:\/\/immobi.co.za\/biuro\/biuro-nieruchomosci-praga-poludnie\/"]}]},{"@type":"BreadcrumbList","@id":"https:\/\/immobi.co.za\/biuro\/biuro-nieruchomosci-praga-poludnie\/#breadcrumb","itemListElement":[{"@type":"ListItem","position":1,"name":"Home","item":"https:\/\/immobi.co.za\/biuro\/"},{"@type":"ListItem","position":2,"name":"Mieszkania na sprzeda\u017c Warszawa Praga-Po\u0142udnie | Biuro nieruchomo\u015bci Immobi | Rynek wt\u00f3rny"}]},{"@type":"WebSite","@id":"https:\/\/immobi.co.za\/biuro\/#website","url":"https:\/\/immobi.co.za\/biuro\/","name":"Immobi","description":"Ruchliwe Nieruchomo\u015bci","potentialAction":[{"@type":"SearchAction","target":{"@type":"EntryPoint","urlTemplate":"https:\/\/immobi.co.za\/biuro\/?s={search_term_string}"},"query-input":{"@type":"PropertyValueSpecification","valueRequired":true,"valueName":"search_term_string"}}],"inLanguage":"pl-PL"}]}},"_links":{"self":[{"href":"https:\/\/immobi.co.za\/biuro\/wp-json\/wp\/v2\/pages\/866","targetHints":{"allow":["GET"]}}],"collection":[{"href":"https:\/\/immobi.co.za\/biuro\/wp-json\/wp\/v2\/pages"}],"about":[{"href":"https:\/\/immobi.co.za\/biuro\/wp-json\/wp\/v2\/types\/page"}],"author":[{"embeddable":true,"href":"https:\/\/immobi.co.za\/biuro\/wp-json\/wp\/v2\/users\/1"}],"replies":[{"embeddable":true,"href":"https:\/\/immobi.co.za\/biuro\/wp-json\/wp\/v2\/comments?post=866"}],"version-history":[{"count":8,"href":"https:\/\/immobi.co.za\/biuro\/wp-json\/wp\/v2\/pages\/866\/revisions"}],"predecessor-version":[{"id":1195,"href":"https:\/\/immobi.co.za\/biuro\/wp-json\/wp\/v2\/pages\/866\/revisions\/1195"}],"wp:attachment":[{"href":"https:\/\/immobi.co.za\/biuro\/wp-json\/wp\/v2\/media?parent=866"}],"curies":[{"name":"wp","href":"https:\/\/api.w.org\/{rel}","templated":true}]}}