{"id":869,"date":"2023-01-23T07:38:42","date_gmt":"2023-01-23T06:38:42","guid":{"rendered":"https:\/\/immobi.co.za\/biuro\/?page_id=869"},"modified":"2025-05-14T13:52:17","modified_gmt":"2025-05-14T11:52:17","slug":"posrednictwo-nieruchomosci-wilanow","status":"publish","type":"page","link":"https:\/\/immobi.co.za\/biuro\/posrednictwo-nieruchomosci-wilanow\/","title":{"rendered":"Po\u015brednictwo nieruchomo\u015bci | Warszawa Wilan\u00f3w"},"content":{"rendered":"\n<p>Zajmujemy si\u0119 <strong>po\u015brednictwem nieruchomo\u015bci w dzielnicy Wilan\u00f3w<\/strong> oraz pozosta\u0142ych cz\u0119\u015bciach Warszawy. Nasz\u0105 specjalno\u015bci\u0105 s\u0105 przede wszystkim sprzeda\u017ce, w kt\u00f3rych osi\u0105gamy bardzo wysokie wyniki. Zapewniamy przejrzyste warunki wsp\u00f3\u0142pracy, kompleksow\u0105 obs\u0142ug\u0119 i indywidualne podej\u015bcie. Zdajemy sobie spraw\u0119 z r\u00f3\u017cnorodno\u015bci potrzeb naszych Klient\u00f3w i zawsze si\u0119 do nich dostosowujemy. Zale\u017cy Pa\u0144stwu na jak najszybszej sprzeda\u017cy nieruchomo\u015bci, a mo\u017ce raczej na jak najwy\u017cszej cenie? Szukaj\u0105 Pa\u0144stwo mieszkania w konkretnej lokalizacji albo urz\u0105dzonego w danym stylu? Na pewno uda nam si\u0119 spe\u0142ni\u0107 te oczekiwania.<\/p>\n\n\n\n<p>Na uwag\u0119 zas\u0142uguje nasza aplikacja mobilna do sprzeda\u017cy \u2013 znacznie u\u0142atwia i usprawnia ca\u0142y proces. Klient ma dost\u0119p do statystyk og\u0142oszenia i sta\u0142y podgl\u0105d dzia\u0142a\u0144 agenta nieruchomo\u015bci. Je\u017celi maj\u0105 Pa\u0144stwo <strong>mieszkanie do sprzeda\u017cy<\/strong>, zapraszamy do wsp\u00f3\u0142pracy.<\/p>\n\n\n\n<h2 class=\"wp-block-heading\">Na czym polega po\u015brednictwo nieruchomo\u015bci?<\/h2>\n\n\n\n<p>W zakres po\u015brednictwa nieruchomo\u015bci wchodzi przede wszystkim kojarzenie stron transakcji \u2013 a wi\u0119c w\u0142a\u015bciciela mieszkania czy te\u017c domu z kupuj\u0105cym lub najemc\u0105. Jedn\u0105 z najwi\u0119kszych <strong>zalet wsp\u00f3\u0142pracy z po\u015brednictwem nieruchomo\u015bci<\/strong> jest oszcz\u0119dno\u015b\u0107 czasu i wygoda \u2013 to my zajmujemy si\u0119 za Klient\u00f3w takimi sprawami jak:<\/p>\n\n\n\n<ul class=\"wp-block-list\">\n<li>przygotowanie oferty sprzeda\u017cowej \u2013 wraz z opisem i dokumentacj\u0105 fotograficzn\u0105,<\/li>\n\n\n\n<li>zamieszczanie ofert w portalach,<\/li>\n\n\n\n<li>odpowiadanie na pytania os\u00f3b zainteresowanych ofert\u0105,<\/li>\n\n\n\n<li>oprowadzanie potencjalnych nabywc\u00f3w\/najemc\u00f3w po lokalu,<\/li>\n\n\n\n<li>sporz\u0105dzenie umowy najmu\/rezerwacyjnej i innych um\u00f3w cywilnoprawnych.<\/li>\n<\/ul>\n\n\n\n<p>W przypadku Klient\u00f3w szukaj\u0105cych nieruchomo\u015bci do zakupu czy najmu zajmujemy si\u0119 wyszukiwaniem ofert najlepiej odpowiadaj\u0105cych na ich potrzeby oraz kontaktujemy si\u0119 z w\u0142a\u015bcicielami nieruchomo\u015bci w celu ustalenia szczeg\u00f3\u0142\u00f3w.<\/p>\n","protected":false},"excerpt":{"rendered":"<p>Zajmujemy si\u0119 po\u015brednictwem nieruchomo\u015bci w dzielnicy Wilan\u00f3w oraz pozosta\u0142ych cz\u0119\u015bciach Warszawy. Nasz\u0105 specjalno\u015bci\u0105 s\u0105 przede wszystkim sprzeda\u017ce, w kt\u00f3rych osi\u0105gamy bardzo wysokie wyniki. Zapewniamy przejrzyste warunki wsp\u00f3\u0142pracy, kompleksow\u0105 obs\u0142ug\u0119 i indywidualne podej\u015bcie. Zdajemy sobie spraw\u0119 z r\u00f3\u017cnorodno\u015bci potrzeb naszych Klient\u00f3w i zawsze si\u0119 do nich dostosowujemy. Zale\u017cy Pa\u0144stwu na jak najszybszej sprzeda\u017cy nieruchomo\u015bci, a mo\u017ce [&hellip;]<\/p>\n","protected":false},"author":1,"featured_media":0,"parent":0,"menu_order":0,"comment_status":"closed","ping_status":"closed","template":"","meta":{"_acf_changed":false,"inline_featured_image":false,"footnotes":""},"class_list":["post-869","page","type-page","status-publish","hentry"],"acf":[],"yoast_head":"<!-- This site is optimized with the Yoast SEO plugin v27.1.1 - https:\/\/yoast.com\/product\/yoast-seo-wordpress\/ -->\n<title>Po\u015brednictwo nieruchomo\u015bci Warszawa Wilan\u00f3w - szybka sprzeda\u017c<\/title>\n<meta name=\"description\" content=\"Zajmujemy si\u0119 po\u015brednictwem nieruchomo\u015bci w Wilanowie. Posiadamy specjaln\u0105 aplikacj\u0119 do sprzeda\u017cy \u2013 znaczne usprawnienie ca\u0142ego procesu. Sprawd\u017a szczeg\u00f3\u0142y!\" \/>\n<meta name=\"robots\" content=\"index, follow, max-snippet:-1, max-image-preview:large, max-video-preview:-1\" \/>\n<link rel=\"canonical\" href=\"https:\/\/immobi.co.za\/biuro\/posrednictwo-nieruchomosci-wilanow\/\" \/>\n<meta property=\"og:locale\" content=\"pl_PL\" \/>\n<meta property=\"og:type\" content=\"article\" \/>\n<meta property=\"og:title\" content=\"Po\u015brednictwo nieruchomo\u015bci Warszawa Wilan\u00f3w - szybka sprzeda\u017c\" \/>\n<meta property=\"og:description\" content=\"Zajmujemy si\u0119 po\u015brednictwem nieruchomo\u015bci w Wilanowie. Posiadamy specjaln\u0105 aplikacj\u0119 do sprzeda\u017cy \u2013 znaczne usprawnienie ca\u0142ego procesu. Sprawd\u017a szczeg\u00f3\u0142y!\" \/>\n<meta property=\"og:url\" content=\"https:\/\/immobi.co.za\/biuro\/posrednictwo-nieruchomosci-wilanow\/\" \/>\n<meta property=\"og:site_name\" content=\"Immobi\" \/>\n<meta property=\"article:publisher\" content=\"https:\/\/www.facebook.com\/immobi.co.za\" \/>\n<meta property=\"article:modified_time\" content=\"2025-05-14T11:52:17+00:00\" \/>\n<meta name=\"twitter:card\" content=\"summary_large_image\" \/>\n<script type=\"application\/ld+json\" class=\"yoast-schema-graph\">{\"@context\":\"https:\/\/schema.org\",\"@graph\":[{\"@type\":\"WebPage\",\"@id\":\"https:\/\/immobi.co.za\/biuro\/posrednictwo-nieruchomosci-wilanow\/\",\"url\":\"https:\/\/immobi.co.za\/biuro\/posrednictwo-nieruchomosci-wilanow\/\",\"name\":\"Po\u015brednictwo nieruchomo\u015bci Warszawa Wilan\u00f3w - szybka sprzeda\u017c\",\"isPartOf\":{\"@id\":\"https:\/\/immobi.co.za\/biuro\/#website\"},\"datePublished\":\"2023-01-23T06:38:42+00:00\",\"dateModified\":\"2025-05-14T11:52:17+00:00\",\"description\":\"Zajmujemy si\u0119 po\u015brednictwem nieruchomo\u015bci w Wilanowie. Posiadamy specjaln\u0105 aplikacj\u0119 do sprzeda\u017cy \u2013 znaczne usprawnienie ca\u0142ego procesu. Sprawd\u017a szczeg\u00f3\u0142y!\",\"breadcrumb\":{\"@id\":\"https:\/\/immobi.co.za\/biuro\/posrednictwo-nieruchomosci-wilanow\/#breadcrumb\"},\"inLanguage\":\"pl-PL\",\"potentialAction\":[{\"@type\":\"ReadAction\",\"target\":[\"https:\/\/immobi.co.za\/biuro\/posrednictwo-nieruchomosci-wilanow\/\"]}]},{\"@type\":\"BreadcrumbList\",\"@id\":\"https:\/\/immobi.co.za\/biuro\/posrednictwo-nieruchomosci-wilanow\/#breadcrumb\",\"itemListElement\":[{\"@type\":\"ListItem\",\"position\":1,\"name\":\"Home\",\"item\":\"https:\/\/immobi.co.za\/biuro\/\"},{\"@type\":\"ListItem\",\"position\":2,\"name\":\"Po\u015brednictwo nieruchomo\u015bci | Warszawa Wilan\u00f3w\"}]},{\"@type\":\"WebSite\",\"@id\":\"https:\/\/immobi.co.za\/biuro\/#website\",\"url\":\"https:\/\/immobi.co.za\/biuro\/\",\"name\":\"Immobi\",\"description\":\"Ruchliwe Nieruchomo\u015bci\",\"potentialAction\":[{\"@type\":\"SearchAction\",\"target\":{\"@type\":\"EntryPoint\",\"urlTemplate\":\"https:\/\/immobi.co.za\/biuro\/?s={search_term_string}\"},\"query-input\":{\"@type\":\"PropertyValueSpecification\",\"valueRequired\":true,\"valueName\":\"search_term_string\"}}],\"inLanguage\":\"pl-PL\"}]}<\/script>\n<!-- \/ Yoast SEO plugin. -->","yoast_head_json":{"title":"Po\u015brednictwo nieruchomo\u015bci Warszawa Wilan\u00f3w - szybka sprzeda\u017c","description":"Zajmujemy si\u0119 po\u015brednictwem nieruchomo\u015bci w Wilanowie. Posiadamy specjaln\u0105 aplikacj\u0119 do sprzeda\u017cy \u2013 znaczne usprawnienie ca\u0142ego procesu. Sprawd\u017a szczeg\u00f3\u0142y!","robots":{"index":"index","follow":"follow","max-snippet":"max-snippet:-1","max-image-preview":"max-image-preview:large","max-video-preview":"max-video-preview:-1"},"canonical":"https:\/\/immobi.co.za\/biuro\/posrednictwo-nieruchomosci-wilanow\/","og_locale":"pl_PL","og_type":"article","og_title":"Po\u015brednictwo nieruchomo\u015bci Warszawa Wilan\u00f3w - szybka sprzeda\u017c","og_description":"Zajmujemy si\u0119 po\u015brednictwem nieruchomo\u015bci w Wilanowie. Posiadamy specjaln\u0105 aplikacj\u0119 do sprzeda\u017cy \u2013 znaczne usprawnienie ca\u0142ego procesu. Sprawd\u017a szczeg\u00f3\u0142y!","og_url":"https:\/\/immobi.co.za\/biuro\/posrednictwo-nieruchomosci-wilanow\/","og_site_name":"Immobi","article_publisher":"https:\/\/www.facebook.com\/immobi.co.za","article_modified_time":"2025-05-14T11:52:17+00:00","twitter_card":"summary_large_image","schema":{"@context":"https:\/\/schema.org","@graph":[{"@type":"WebPage","@id":"https:\/\/immobi.co.za\/biuro\/posrednictwo-nieruchomosci-wilanow\/","url":"https:\/\/immobi.co.za\/biuro\/posrednictwo-nieruchomosci-wilanow\/","name":"Po\u015brednictwo nieruchomo\u015bci Warszawa Wilan\u00f3w - szybka sprzeda\u017c","isPartOf":{"@id":"https:\/\/immobi.co.za\/biuro\/#website"},"datePublished":"2023-01-23T06:38:42+00:00","dateModified":"2025-05-14T11:52:17+00:00","description":"Zajmujemy si\u0119 po\u015brednictwem nieruchomo\u015bci w Wilanowie. Posiadamy specjaln\u0105 aplikacj\u0119 do sprzeda\u017cy \u2013 znaczne usprawnienie ca\u0142ego procesu. Sprawd\u017a szczeg\u00f3\u0142y!","breadcrumb":{"@id":"https:\/\/immobi.co.za\/biuro\/posrednictwo-nieruchomosci-wilanow\/#breadcrumb"},"inLanguage":"pl-PL","potentialAction":[{"@type":"ReadAction","target":["https:\/\/immobi.co.za\/biuro\/posrednictwo-nieruchomosci-wilanow\/"]}]},{"@type":"BreadcrumbList","@id":"https:\/\/immobi.co.za\/biuro\/posrednictwo-nieruchomosci-wilanow\/#breadcrumb","itemListElement":[{"@type":"ListItem","position":1,"name":"Home","item":"https:\/\/immobi.co.za\/biuro\/"},{"@type":"ListItem","position":2,"name":"Po\u015brednictwo nieruchomo\u015bci | Warszawa Wilan\u00f3w"}]},{"@type":"WebSite","@id":"https:\/\/immobi.co.za\/biuro\/#website","url":"https:\/\/immobi.co.za\/biuro\/","name":"Immobi","description":"Ruchliwe Nieruchomo\u015bci","potentialAction":[{"@type":"SearchAction","target":{"@type":"EntryPoint","urlTemplate":"https:\/\/immobi.co.za\/biuro\/?s={search_term_string}"},"query-input":{"@type":"PropertyValueSpecification","valueRequired":true,"valueName":"search_term_string"}}],"inLanguage":"pl-PL"}]}},"_links":{"self":[{"href":"https:\/\/immobi.co.za\/biuro\/wp-json\/wp\/v2\/pages\/869","targetHints":{"allow":["GET"]}}],"collection":[{"href":"https:\/\/immobi.co.za\/biuro\/wp-json\/wp\/v2\/pages"}],"about":[{"href":"https:\/\/immobi.co.za\/biuro\/wp-json\/wp\/v2\/types\/page"}],"author":[{"embeddable":true,"href":"https:\/\/immobi.co.za\/biuro\/wp-json\/wp\/v2\/users\/1"}],"replies":[{"embeddable":true,"href":"https:\/\/immobi.co.za\/biuro\/wp-json\/wp\/v2\/comments?post=869"}],"version-history":[{"count":7,"href":"https:\/\/immobi.co.za\/biuro\/wp-json\/wp\/v2\/pages\/869\/revisions"}],"predecessor-version":[{"id":1196,"href":"https:\/\/immobi.co.za\/biuro\/wp-json\/wp\/v2\/pages\/869\/revisions\/1196"}],"wp:attachment":[{"href":"https:\/\/immobi.co.za\/biuro\/wp-json\/wp\/v2\/media?parent=869"}],"curies":[{"name":"wp","href":"https:\/\/api.w.org\/{rel}","templated":true}]}}