{"id":872,"date":"2023-01-23T07:40:34","date_gmt":"2023-01-23T06:40:34","guid":{"rendered":"https:\/\/immobi.co.za\/biuro\/?page_id=872"},"modified":"2025-11-17T08:33:31","modified_gmt":"2025-11-17T07:33:31","slug":"posrednik-nieruchomosci-mokotow","status":"publish","type":"page","link":"https:\/\/immobi.co.za\/biuro\/posrednik-nieruchomosci-mokotow\/","title":{"rendered":"Agencja nieruchomo\u015bci Mokot\u00f3w \u2013 szybka i skuteczna sprzeda\u017c mieszka\u0144 w Warszawie"},"content":{"rendered":"\n<p>Rol\u0105 po\u015brednika z <strong>agencji nieruchomo\u015bci<\/strong> jest doprowadzenie do zawarcia umowy mi\u0119dzy w\u0142a\u015bcicielem a nabywc\u0105 lub najemc\u0105. Wyszukiwanie mieszka\u0144 dostosowanych do oczekiwa\u0144 Klienta, przygotowywanie ofert sprzeda\u017cowych, kontakty z osobami zainteresowanymi kupnem \u2013 to tylko niekt\u00f3re z zada\u0144 po\u015brednika nieruchomo\u015bci. Nale\u017cy podkre\u015bli\u0107, \u017ce to w\u0142a\u015bnie w jego kompetencjach le\u017cy r\u00f3wnie\u017c sprawdzenie stanu prawnego mieszkania.<\/p>\n\n\n\n<p>W naszym Warszawskim biurze w dzielnicy Mokot\u00f3w pracuj\u0105 po\u015brednicy w obrocie nieruchomo\u015bciami, kt\u00f3rzy nie tylko \u015bwietnie orientuj\u0105 si\u0119 w sytuacji rynkowej, ale doskonale znaj\u0105 przepisy prawne z zakresu sprzeda\u017cy czy wynajmu. Mamy bogat\u0105 ofert\u0119 <a href=\"https:\/\/immobi.co.za\/biuro\/rynek-wtorny-mieszkan-goclaw\/\">mieszka\u0144 z rynku wt\u00f3rnego<\/a> znajduj\u0105cych si\u0119 na Mokotowie i w innych cz\u0119\u015bciach stolicy. Wiemy, jak w spos\u00f3b bezpieczny i sprawny przeprowadzi\u0107 Klienta przez proces sprzeda\u017cy, zakupu czy wynajmu nieruchomo\u015bci.<\/p>\n\n\n\n<h2 class=\"wp-block-heading\">Dlaczego warto zaufa\u0107 naszym po\u015brednikom nieruchomo\u015bci?<\/h2>\n\n\n\n<p>Po\u015brednictwo w obrocie nieruchomo\u015bciami to praca pe\u0142na wyzwa\u0144, wymagaj\u0105ca nie tylko specjalistycznej wiedzy, ale r\u00f3wnie\u017c sporych umiej\u0119tno\u015bci interpersonalnych. Nasi po\u015brednicy nieruchomo\u015bci to osoby, kt\u00f3re do ka\u017cdego zlecenia podchodz\u0105 z ogromnym zaanga\u017cowaniem i entuzjazmem. Osi\u0105gamy bardzo <strong>wysokie wyniki sprzeda\u017cy<\/strong> nieruchomo\u015bci, kt\u00f3re najlepiej \u015bwiadcz\u0105 o tym, \u017ce naprawd\u0119 znamy si\u0119 na swoim fachu.<\/p>\n\n\n\n<p>Wyr\u00f3\u017cnia nas tak\u017ce podej\u015bcie do Klienta, bo to w\u0142a\u015bnie jego dobro jest dla nas najwa\u017cniejsze. Nie tylko przygotujemy czy znajdziemy dla Pa\u0144stwa atrakcyjn\u0105 ofert\u0119 i we\u017amiemy na siebie kontakty z potencjalnymi nabywcami czy najemcami. B\u0119d\u0105 mogli Pa\u0144stwo liczy\u0107 na nasze wsparcie w ka\u017cdej innej kwestii, tak\u017ce poza oficjalnymi godzinami pracy biura. Pomo\u017cemy w ocenie stanu i sytuacji prawnej nieruchomo\u015bci oraz doradzimy, u kogo zbada\u0107 swoj\u0105 zdolno\u015b\u0107 kredytow\u0105.<\/p>\n\n\n\n<h2 class=\"wp-block-heading\">Jak wygl\u0105da wsp\u00f3\u0142praca z nasz\u0105 agencj\u0105 nieruchomo\u015bci?<\/h2>\n\n\n\n<p><strong>Wsp\u00f3\u0142praca z agencj\u0105 nieruchomo\u015bci mo\u017ce znacznie u\u0142atwi\u0107 sprzeda\u017c, zakup lub wynajem lokalu<\/strong>. Na pocz\u0105tku Klient zg\u0142asza swoje potrzeby i oczekiwania, takie jak lokalizacja, bud\u017cet, metra\u017c czy rodzaj nieruchomo\u015bci. Nast\u0119pnie przygotowujemy ofert\u0119 dostosowan\u0105 do tych wymaga\u0144. W przypadku sprzeda\u017cy nasi agenci oceniaj\u0105 warto\u015b\u0107 nieruchomo\u015bci, organizuj\u0105 profesjonalne zdj\u0119cia i promuj\u0105 og\u0142oszenie na r\u00f3\u017cnych platformach.<\/p>\n\n\n\n<p>Wyszukujemy te\u017c odpowiednie nieruchomo\u015bci, organizujemy prezentacje i negocjujemy warunki. W trakcie wsp\u00f3\u0142pracy nasi Klienci mog\u0105 liczy\u0107 na wsparcie w kwestiach formalnych, takich jak przygotowanie um\u00f3w czy weryfikacja stanu prawnego lokalu b\u0105d\u017a budynku.<\/p>\n\n\n\n<p>Ca\u0142y proces wsp\u00f3\u0142pracy jest oparty na transparentnej komunikacji, a nasze wynagrodzenie przyjmuje form\u0119 prowizji, kt\u00f3rej wysoko\u015b\u0107 jest ustalana na samym pocz\u0105tku. Dzi\u0119ki nam ca\u0142y proces staje si\u0119 szybszy, bezpieczniejszy i mniej stresuj\u0105cy.<\/p>\n\n\n\n<h2 class=\"wp-block-heading\">Szeroki wyb\u00f3r mieszka\u0144 na sprzeda\u017c na Mokotowie<\/h2>\n\n\n\n<p>Oferujemy <strong>mieszkania na sprzeda\u017c na Mokotowie<\/strong> o zr\u00f3\u017cnicowanych parametrach, kt\u00f3re spe\u0142ni\u0105 oczekiwania nawet najbardziej wymagaj\u0105cych Klient\u00f3w. W\u015br\u00f3d nich znajd\u0105 Pa\u0144stwo lokale o dowolnym metra\u017cu, od przytulnych kawalerek, po przestronne apartamenty. S\u0105 one te\u017c rozmieszczone na r\u00f3\u017cnych pi\u0119trach budynk\u00f3w. Prezentujemy mieszkania w stanie deweloperskim i te z drugiej r\u0119ki, co pozwala na wyb\u00f3r idealnego miejsca do zamieszkania zgodnie z indywidualnymi preferencjami.<\/p>\n\n\n\n<p>Dob\u00f3r odpowiedniego lokalu do Pa\u0144stwa potrzeb to nasza specjalno\u015b\u0107. Analizujemy wymagania Klient\u00f3w, aby zaproponowa\u0107 nieruchomo\u015b\u0107, kt\u00f3ra najlepiej odpowiada ich oczekiwaniom i stylowi \u017cycia. Dzi\u0119ki temu proces zakupu lub wynajmu staje si\u0119 prostszy i bardziej efektywny, a Pa\u0144stwo mog\u0105 cieszy\u0107 si\u0119 nowym miejscem bez zb\u0119dnych komplikacji.<\/p>\n\n\n\n<h2 class=\"wp-block-heading\">Sprzedam mieszkanie \u2013 oferta dla w\u0142a\u015bcicieli nieruchomo\u015bci<\/h2>\n\n\n\n<p>Organizacja prezentacji nieruchomo\u015bci przez nasz\u0105 agencj\u0119 to kluczowy element procesu sprzeda\u017cy, kt\u00f3ry znacz\u0105co odci\u0105\u017ca w\u0142a\u015bciciela. Zajmujemy si\u0119 przygotowaniem lokalu do takich pokaz\u00f3w, dbaj\u0105c o ka\u017cdy detal, co zwi\u0119ksza atrakcyjno\u015b\u0107 oferty w oczach potencjalnych nabywc\u00f3w. Dzi\u0119ki temu w\u0142a\u015bciciele mog\u0105 skupi\u0107 si\u0119 na innych aspektach \u017cycia, maj\u0105c pewno\u015b\u0107, \u017ce ich nieruchomo\u015b\u0107 jest w dobrych r\u0119kach.<\/p>\n\n\n\n<p>Dzi\u0119ki wsp\u00f3\u0142pracy z do\u015bwiadczonymi agentami nieruchomo\u015bci na Mokotowie nasi Klienci mog\u0105 liczy\u0107 na <strong>kompleksow\u0105 obs\u0142ug\u0119 i doradztwo na ka\u017cdym etapie transakcji<\/strong>. Nie tylko pomagamy w znalezieniu odpowiedniego lokalu, ale tak\u017ce wspieramy w negocjacjach cenowych oraz dope\u0142nieniu formalno\u015bci. To wszystko sprawia, \u017ce proces zakupu lub wynajmu staje si\u0119 mniej stresuj\u0105cy i bardziej przejrzysty dla wszystkich stron.<\/p>\n","protected":false},"excerpt":{"rendered":"<p>Rol\u0105 po\u015brednika z agencji nieruchomo\u015bci jest doprowadzenie do zawarcia umowy mi\u0119dzy w\u0142a\u015bcicielem a nabywc\u0105 lub najemc\u0105. Wyszukiwanie mieszka\u0144 dostosowanych do oczekiwa\u0144 Klienta, przygotowywanie ofert sprzeda\u017cowych, kontakty z osobami zainteresowanymi kupnem \u2013 to tylko niekt\u00f3re z zada\u0144 po\u015brednika nieruchomo\u015bci. Nale\u017cy podkre\u015bli\u0107, \u017ce to w\u0142a\u015bnie w jego kompetencjach le\u017cy r\u00f3wnie\u017c sprawdzenie stanu prawnego mieszkania. W naszym Warszawskim [&hellip;]<\/p>\n","protected":false},"author":1,"featured_media":0,"parent":0,"menu_order":0,"comment_status":"closed","ping_status":"closed","template":"","meta":{"_acf_changed":false,"inline_featured_image":false,"footnotes":""},"class_list":["post-872","page","type-page","status-publish","hentry"],"acf":[],"yoast_head":"<!-- This site is optimized with the Yoast SEO plugin v27.1.1 - https:\/\/yoast.com\/product\/yoast-seo-wordpress\/ -->\n<title>Sprzeda\u017c mieszkania Mokot\u00f3w Warszawa \u2013 agencja nieruchomo\u015bci Immobi<\/title>\n<meta name=\"description\" content=\"Sprawd\u017a aktualne oferty i skorzystaj z pomocy do\u015bwiadczonej agencji nieruchomo\u015bci. Sprzedaj lub kup mieszkanie na Mokotowie szybko i bezpiecznie.\" \/>\n<meta name=\"robots\" content=\"index, follow, max-snippet:-1, max-image-preview:large, max-video-preview:-1\" \/>\n<link rel=\"canonical\" href=\"https:\/\/immobi.co.za\/biuro\/posrednik-nieruchomosci-mokotow\/\" \/>\n<meta property=\"og:locale\" content=\"pl_PL\" \/>\n<meta property=\"og:type\" content=\"article\" \/>\n<meta property=\"og:title\" content=\"Sprzeda\u017c mieszkania Mokot\u00f3w Warszawa \u2013 agencja nieruchomo\u015bci Immobi\" \/>\n<meta property=\"og:description\" content=\"Sprawd\u017a aktualne oferty i skorzystaj z pomocy do\u015bwiadczonej agencji nieruchomo\u015bci. Sprzedaj lub kup mieszkanie na Mokotowie szybko i bezpiecznie.\" \/>\n<meta property=\"og:url\" content=\"https:\/\/immobi.co.za\/biuro\/posrednik-nieruchomosci-mokotow\/\" \/>\n<meta property=\"og:site_name\" content=\"Immobi\" \/>\n<meta property=\"article:publisher\" content=\"https:\/\/www.facebook.com\/immobi.co.za\" \/>\n<meta property=\"article:modified_time\" content=\"2025-11-17T07:33:31+00:00\" \/>\n<meta name=\"twitter:card\" content=\"summary_large_image\" \/>\n<script type=\"application\/ld+json\" class=\"yoast-schema-graph\">{\"@context\":\"https:\/\/schema.org\",\"@graph\":[{\"@type\":\"WebPage\",\"@id\":\"https:\/\/immobi.co.za\/biuro\/posrednik-nieruchomosci-mokotow\/\",\"url\":\"https:\/\/immobi.co.za\/biuro\/posrednik-nieruchomosci-mokotow\/\",\"name\":\"Sprzeda\u017c mieszkania Mokot\u00f3w Warszawa \u2013 agencja nieruchomo\u015bci Immobi\",\"isPartOf\":{\"@id\":\"https:\/\/immobi.co.za\/biuro\/#website\"},\"datePublished\":\"2023-01-23T06:40:34+00:00\",\"dateModified\":\"2025-11-17T07:33:31+00:00\",\"description\":\"Sprawd\u017a aktualne oferty i skorzystaj z pomocy do\u015bwiadczonej agencji nieruchomo\u015bci. Sprzedaj lub kup mieszkanie na Mokotowie szybko i bezpiecznie.\",\"breadcrumb\":{\"@id\":\"https:\/\/immobi.co.za\/biuro\/posrednik-nieruchomosci-mokotow\/#breadcrumb\"},\"inLanguage\":\"pl-PL\",\"potentialAction\":[{\"@type\":\"ReadAction\",\"target\":[\"https:\/\/immobi.co.za\/biuro\/posrednik-nieruchomosci-mokotow\/\"]}]},{\"@type\":\"BreadcrumbList\",\"@id\":\"https:\/\/immobi.co.za\/biuro\/posrednik-nieruchomosci-mokotow\/#breadcrumb\",\"itemListElement\":[{\"@type\":\"ListItem\",\"position\":1,\"name\":\"Home\",\"item\":\"https:\/\/immobi.co.za\/biuro\/\"},{\"@type\":\"ListItem\",\"position\":2,\"name\":\"Agencja nieruchomo\u015bci Mokot\u00f3w \u2013 szybka i skuteczna sprzeda\u017c mieszka\u0144 w Warszawie\"}]},{\"@type\":\"WebSite\",\"@id\":\"https:\/\/immobi.co.za\/biuro\/#website\",\"url\":\"https:\/\/immobi.co.za\/biuro\/\",\"name\":\"Immobi\",\"description\":\"Ruchliwe Nieruchomo\u015bci\",\"potentialAction\":[{\"@type\":\"SearchAction\",\"target\":{\"@type\":\"EntryPoint\",\"urlTemplate\":\"https:\/\/immobi.co.za\/biuro\/?s={search_term_string}\"},\"query-input\":{\"@type\":\"PropertyValueSpecification\",\"valueRequired\":true,\"valueName\":\"search_term_string\"}}],\"inLanguage\":\"pl-PL\"}]}<\/script>\n<!-- \/ Yoast SEO plugin. -->","yoast_head_json":{"title":"Sprzeda\u017c mieszkania Mokot\u00f3w Warszawa \u2013 agencja nieruchomo\u015bci Immobi","description":"Sprawd\u017a aktualne oferty i skorzystaj z pomocy do\u015bwiadczonej agencji nieruchomo\u015bci. Sprzedaj lub kup mieszkanie na Mokotowie szybko i bezpiecznie.","robots":{"index":"index","follow":"follow","max-snippet":"max-snippet:-1","max-image-preview":"max-image-preview:large","max-video-preview":"max-video-preview:-1"},"canonical":"https:\/\/immobi.co.za\/biuro\/posrednik-nieruchomosci-mokotow\/","og_locale":"pl_PL","og_type":"article","og_title":"Sprzeda\u017c mieszkania Mokot\u00f3w Warszawa \u2013 agencja nieruchomo\u015bci Immobi","og_description":"Sprawd\u017a aktualne oferty i skorzystaj z pomocy do\u015bwiadczonej agencji nieruchomo\u015bci. Sprzedaj lub kup mieszkanie na Mokotowie szybko i bezpiecznie.","og_url":"https:\/\/immobi.co.za\/biuro\/posrednik-nieruchomosci-mokotow\/","og_site_name":"Immobi","article_publisher":"https:\/\/www.facebook.com\/immobi.co.za","article_modified_time":"2025-11-17T07:33:31+00:00","twitter_card":"summary_large_image","schema":{"@context":"https:\/\/schema.org","@graph":[{"@type":"WebPage","@id":"https:\/\/immobi.co.za\/biuro\/posrednik-nieruchomosci-mokotow\/","url":"https:\/\/immobi.co.za\/biuro\/posrednik-nieruchomosci-mokotow\/","name":"Sprzeda\u017c mieszkania Mokot\u00f3w Warszawa \u2013 agencja nieruchomo\u015bci Immobi","isPartOf":{"@id":"https:\/\/immobi.co.za\/biuro\/#website"},"datePublished":"2023-01-23T06:40:34+00:00","dateModified":"2025-11-17T07:33:31+00:00","description":"Sprawd\u017a aktualne oferty i skorzystaj z pomocy do\u015bwiadczonej agencji nieruchomo\u015bci. Sprzedaj lub kup mieszkanie na Mokotowie szybko i bezpiecznie.","breadcrumb":{"@id":"https:\/\/immobi.co.za\/biuro\/posrednik-nieruchomosci-mokotow\/#breadcrumb"},"inLanguage":"pl-PL","potentialAction":[{"@type":"ReadAction","target":["https:\/\/immobi.co.za\/biuro\/posrednik-nieruchomosci-mokotow\/"]}]},{"@type":"BreadcrumbList","@id":"https:\/\/immobi.co.za\/biuro\/posrednik-nieruchomosci-mokotow\/#breadcrumb","itemListElement":[{"@type":"ListItem","position":1,"name":"Home","item":"https:\/\/immobi.co.za\/biuro\/"},{"@type":"ListItem","position":2,"name":"Agencja nieruchomo\u015bci Mokot\u00f3w \u2013 szybka i skuteczna sprzeda\u017c mieszka\u0144 w Warszawie"}]},{"@type":"WebSite","@id":"https:\/\/immobi.co.za\/biuro\/#website","url":"https:\/\/immobi.co.za\/biuro\/","name":"Immobi","description":"Ruchliwe Nieruchomo\u015bci","potentialAction":[{"@type":"SearchAction","target":{"@type":"EntryPoint","urlTemplate":"https:\/\/immobi.co.za\/biuro\/?s={search_term_string}"},"query-input":{"@type":"PropertyValueSpecification","valueRequired":true,"valueName":"search_term_string"}}],"inLanguage":"pl-PL"}]}},"_links":{"self":[{"href":"https:\/\/immobi.co.za\/biuro\/wp-json\/wp\/v2\/pages\/872","targetHints":{"allow":["GET"]}}],"collection":[{"href":"https:\/\/immobi.co.za\/biuro\/wp-json\/wp\/v2\/pages"}],"about":[{"href":"https:\/\/immobi.co.za\/biuro\/wp-json\/wp\/v2\/types\/page"}],"author":[{"embeddable":true,"href":"https:\/\/immobi.co.za\/biuro\/wp-json\/wp\/v2\/users\/1"}],"replies":[{"embeddable":true,"href":"https:\/\/immobi.co.za\/biuro\/wp-json\/wp\/v2\/comments?post=872"}],"version-history":[{"count":9,"href":"https:\/\/immobi.co.za\/biuro\/wp-json\/wp\/v2\/pages\/872\/revisions"}],"predecessor-version":[{"id":1356,"href":"https:\/\/immobi.co.za\/biuro\/wp-json\/wp\/v2\/pages\/872\/revisions\/1356"}],"wp:attachment":[{"href":"https:\/\/immobi.co.za\/biuro\/wp-json\/wp\/v2\/media?parent=872"}],"curies":[{"name":"wp","href":"https:\/\/api.w.org\/{rel}","templated":true}]}}