{"id":878,"date":"2023-01-23T07:43:25","date_gmt":"2023-01-23T06:43:25","guid":{"rendered":"https:\/\/immobi.co.za\/biuro\/?page_id=878"},"modified":"2023-09-06T10:01:02","modified_gmt":"2023-09-06T08:01:02","slug":"sprzedaj-mieszkanie-ochota","status":"publish","type":"page","link":"https:\/\/immobi.co.za\/biuro\/sprzedaj-mieszkanie-ochota\/","title":{"rendered":"Mieszkanie do sprzedania | Warszawa Ochota"},"content":{"rendered":"\n<p>Maj\u0105 Pa\u0144stwo <strong>mieszkanie do sprzedania na warszawskiej Ochocie<\/strong> lub w innej cz\u0119\u015bci stolicy? Zapraszamy do kontaktu! Jeste\u015bmy zespo\u0142em specjalist\u00f3w od szybkiej sprzeda\u017cy nieruchomo\u015bci. Stawiamy na indywidualne podej\u015bcie i transparentno\u015b\u0107 wszystkich dzia\u0142a\u0144. Klienci mog\u0105 liczy\u0107 na nasze pe\u0142ne wsparcie od samego pocz\u0105tku wsp\u00f3\u0142pracy a\u017c do samej finalizacji transakcji.<\/p>\n\n\n\n<p>Nasze \u015bwietne wyniki i pochlebne opinie licznych Klient\u00f3w m\u00f3wi\u0105 same za siebie \u2013 wiemy, <a href=\"\/biuro\/sprzedaj-mieszkanie-praga-polnoc\/\">jak sprzeda\u0107 mieszkanie<\/a>, by obie strony umowy by\u0142y zadowolone. Warto podkre\u015bli\u0107, \u017ce nie tracimy czasu \u2013 zwykle od przyj\u0119cia zlecenia sprzeda\u017cy do jej finalizacji mijaj\u0105 2 miesi\u0105ce. Nasz rekord to natomiast jeden dzie\u0144 \u2013 planujemy jeszcze nie raz go powt\u00f3rzy\u0107. W codziennej pracy kierujemy si\u0119 przede wszystkim uczciwo\u015bci\u0105 \u2013 otwarcie informujemy o trudno\u015bciach, jakie mog\u0105 pojawi\u0107 si\u0119 podczas sprzeda\u017cy, i dzielimy si\u0119 nasz\u0105 eksperck\u0105 wiedz\u0105, udzielaj\u0105c Klientowi wszelkich interesuj\u0105cych go informacji.<\/p>\n\n\n\n<h2 class=\"wp-block-heading\">Dlaczego warto powierzy\u0107 nam mieszkanie do sprzedania?<\/h2>\n\n\n\n<p><strong>Sprzedanie mieszkania<\/strong> to czasoch\u0142onny proces. Na osoby niedo\u015bwiadczone czyha wiele pu\u0142apek \u2013 problemem mo\u017ce by\u0107 ju\u017c sama wycena nieruchomo\u015bci, do kt\u00f3rej potrzebna jest orientacja w bie\u017c\u0105cej sytuacji na rynku. Nie mo\u017cna te\u017c nie wspomnie\u0107 o konieczno\u015bci sporz\u0105dzenia umowy zgodnej z obowi\u0105zuj\u0105cym prawem.<\/p>\n\n\n\n<p>Z tego te\u017c powodu, je\u015bli dysponuj\u0105 Pa\u0144stwo mieszkaniem do sprzedania, warto zdecydowa\u0107 si\u0119 na wsparcie profesjonalist\u00f3w. Nasi agenci czuwaj\u0105 nad przebiegiem ca\u0142ego procesu, dbaj\u0105c o w\u0142a\u015bciwe zabezpieczenie interes\u00f3w Klienta. Zajmujemy si\u0119 stworzeniem oferty sprzeda\u017cowej, kontaktami z potencjalnymi kupcami, pomagamy w uzgodnieniu korzystnych warunk\u00f3w oraz przygotowujemy umow\u0119.<\/p>\n","protected":false},"excerpt":{"rendered":"<p>Maj\u0105 Pa\u0144stwo mieszkanie do sprzedania na warszawskiej Ochocie lub w innej cz\u0119\u015bci stolicy? Zapraszamy do kontaktu! Jeste\u015bmy zespo\u0142em specjalist\u00f3w od szybkiej sprzeda\u017cy nieruchomo\u015bci. Stawiamy na indywidualne podej\u015bcie i transparentno\u015b\u0107 wszystkich dzia\u0142a\u0144. Klienci mog\u0105 liczy\u0107 na nasze pe\u0142ne wsparcie od samego pocz\u0105tku wsp\u00f3\u0142pracy a\u017c do samej finalizacji transakcji. Nasze \u015bwietne wyniki i pochlebne opinie licznych Klient\u00f3w [&hellip;]<\/p>\n","protected":false},"author":1,"featured_media":0,"parent":0,"menu_order":0,"comment_status":"closed","ping_status":"closed","template":"","meta":{"_acf_changed":false,"inline_featured_image":false,"footnotes":""},"class_list":["post-878","page","type-page","status-publish","hentry"],"acf":[],"yoast_head":"<!-- This site is optimized with the Yoast SEO plugin v27.1.1 - https:\/\/yoast.com\/product\/yoast-seo-wordpress\/ -->\n<title>Mieszkanie do sprzedania Warszawa, Ochota \u2013 szybka sprzeda\u017c<\/title>\n<meta name=\"description\" content=\"Je\u015bli maj\u0105 Pa\u0144stwo mieszkanie do sprzedania w Warszawie, zapraszamy. Zapewniamy szybk\u0105 sprzeda\u017c na korzystnych warunkach. Sprawd\u017a szczeg\u00f3\u0142y naszej oferty!\" \/>\n<meta name=\"robots\" content=\"index, follow, max-snippet:-1, max-image-preview:large, max-video-preview:-1\" \/>\n<link rel=\"canonical\" href=\"https:\/\/immobi.co.za\/biuro\/sprzedaj-mieszkanie-ochota\/\" \/>\n<meta property=\"og:locale\" content=\"pl_PL\" \/>\n<meta property=\"og:type\" content=\"article\" \/>\n<meta property=\"og:title\" content=\"Mieszkanie do sprzedania Warszawa, Ochota \u2013 szybka sprzeda\u017c\" \/>\n<meta property=\"og:description\" content=\"Je\u015bli maj\u0105 Pa\u0144stwo mieszkanie do sprzedania w Warszawie, zapraszamy. Zapewniamy szybk\u0105 sprzeda\u017c na korzystnych warunkach. Sprawd\u017a szczeg\u00f3\u0142y naszej oferty!\" \/>\n<meta property=\"og:url\" content=\"https:\/\/immobi.co.za\/biuro\/sprzedaj-mieszkanie-ochota\/\" \/>\n<meta property=\"og:site_name\" content=\"Immobi\" \/>\n<meta property=\"article:publisher\" content=\"https:\/\/www.facebook.com\/immobi.co.za\" \/>\n<meta property=\"article:modified_time\" content=\"2023-09-06T08:01:02+00:00\" \/>\n<meta name=\"twitter:card\" content=\"summary_large_image\" \/>\n<meta name=\"twitter:label1\" content=\"Szacowany czas czytania\" \/>\n\t<meta name=\"twitter:data1\" content=\"2 minuty\" \/>\n<script type=\"application\/ld+json\" class=\"yoast-schema-graph\">{\"@context\":\"https:\/\/schema.org\",\"@graph\":[{\"@type\":\"WebPage\",\"@id\":\"https:\/\/immobi.co.za\/biuro\/sprzedaj-mieszkanie-ochota\/\",\"url\":\"https:\/\/immobi.co.za\/biuro\/sprzedaj-mieszkanie-ochota\/\",\"name\":\"Mieszkanie do sprzedania Warszawa, Ochota \u2013 szybka sprzeda\u017c\",\"isPartOf\":{\"@id\":\"https:\/\/immobi.co.za\/biuro\/#website\"},\"datePublished\":\"2023-01-23T06:43:25+00:00\",\"dateModified\":\"2023-09-06T08:01:02+00:00\",\"description\":\"Je\u015bli maj\u0105 Pa\u0144stwo mieszkanie do sprzedania w Warszawie, zapraszamy. Zapewniamy szybk\u0105 sprzeda\u017c na korzystnych warunkach. Sprawd\u017a szczeg\u00f3\u0142y naszej oferty!\",\"breadcrumb\":{\"@id\":\"https:\/\/immobi.co.za\/biuro\/sprzedaj-mieszkanie-ochota\/#breadcrumb\"},\"inLanguage\":\"pl-PL\",\"potentialAction\":[{\"@type\":\"ReadAction\",\"target\":[\"https:\/\/immobi.co.za\/biuro\/sprzedaj-mieszkanie-ochota\/\"]}]},{\"@type\":\"BreadcrumbList\",\"@id\":\"https:\/\/immobi.co.za\/biuro\/sprzedaj-mieszkanie-ochota\/#breadcrumb\",\"itemListElement\":[{\"@type\":\"ListItem\",\"position\":1,\"name\":\"Home\",\"item\":\"https:\/\/immobi.co.za\/biuro\/\"},{\"@type\":\"ListItem\",\"position\":2,\"name\":\"Mieszkanie do sprzedania | Warszawa Ochota\"}]},{\"@type\":\"WebSite\",\"@id\":\"https:\/\/immobi.co.za\/biuro\/#website\",\"url\":\"https:\/\/immobi.co.za\/biuro\/\",\"name\":\"Immobi\",\"description\":\"Ruchliwe Nieruchomo\u015bci\",\"potentialAction\":[{\"@type\":\"SearchAction\",\"target\":{\"@type\":\"EntryPoint\",\"urlTemplate\":\"https:\/\/immobi.co.za\/biuro\/?s={search_term_string}\"},\"query-input\":{\"@type\":\"PropertyValueSpecification\",\"valueRequired\":true,\"valueName\":\"search_term_string\"}}],\"inLanguage\":\"pl-PL\"}]}<\/script>\n<!-- \/ Yoast SEO plugin. -->","yoast_head_json":{"title":"Mieszkanie do sprzedania Warszawa, Ochota \u2013 szybka sprzeda\u017c","description":"Je\u015bli maj\u0105 Pa\u0144stwo mieszkanie do sprzedania w Warszawie, zapraszamy. Zapewniamy szybk\u0105 sprzeda\u017c na korzystnych warunkach. Sprawd\u017a szczeg\u00f3\u0142y naszej oferty!","robots":{"index":"index","follow":"follow","max-snippet":"max-snippet:-1","max-image-preview":"max-image-preview:large","max-video-preview":"max-video-preview:-1"},"canonical":"https:\/\/immobi.co.za\/biuro\/sprzedaj-mieszkanie-ochota\/","og_locale":"pl_PL","og_type":"article","og_title":"Mieszkanie do sprzedania Warszawa, Ochota \u2013 szybka sprzeda\u017c","og_description":"Je\u015bli maj\u0105 Pa\u0144stwo mieszkanie do sprzedania w Warszawie, zapraszamy. Zapewniamy szybk\u0105 sprzeda\u017c na korzystnych warunkach. Sprawd\u017a szczeg\u00f3\u0142y naszej oferty!","og_url":"https:\/\/immobi.co.za\/biuro\/sprzedaj-mieszkanie-ochota\/","og_site_name":"Immobi","article_publisher":"https:\/\/www.facebook.com\/immobi.co.za","article_modified_time":"2023-09-06T08:01:02+00:00","twitter_card":"summary_large_image","twitter_misc":{"Szacowany czas czytania":"2 minuty"},"schema":{"@context":"https:\/\/schema.org","@graph":[{"@type":"WebPage","@id":"https:\/\/immobi.co.za\/biuro\/sprzedaj-mieszkanie-ochota\/","url":"https:\/\/immobi.co.za\/biuro\/sprzedaj-mieszkanie-ochota\/","name":"Mieszkanie do sprzedania Warszawa, Ochota \u2013 szybka sprzeda\u017c","isPartOf":{"@id":"https:\/\/immobi.co.za\/biuro\/#website"},"datePublished":"2023-01-23T06:43:25+00:00","dateModified":"2023-09-06T08:01:02+00:00","description":"Je\u015bli maj\u0105 Pa\u0144stwo mieszkanie do sprzedania w Warszawie, zapraszamy. Zapewniamy szybk\u0105 sprzeda\u017c na korzystnych warunkach. Sprawd\u017a szczeg\u00f3\u0142y naszej oferty!","breadcrumb":{"@id":"https:\/\/immobi.co.za\/biuro\/sprzedaj-mieszkanie-ochota\/#breadcrumb"},"inLanguage":"pl-PL","potentialAction":[{"@type":"ReadAction","target":["https:\/\/immobi.co.za\/biuro\/sprzedaj-mieszkanie-ochota\/"]}]},{"@type":"BreadcrumbList","@id":"https:\/\/immobi.co.za\/biuro\/sprzedaj-mieszkanie-ochota\/#breadcrumb","itemListElement":[{"@type":"ListItem","position":1,"name":"Home","item":"https:\/\/immobi.co.za\/biuro\/"},{"@type":"ListItem","position":2,"name":"Mieszkanie do sprzedania | Warszawa Ochota"}]},{"@type":"WebSite","@id":"https:\/\/immobi.co.za\/biuro\/#website","url":"https:\/\/immobi.co.za\/biuro\/","name":"Immobi","description":"Ruchliwe Nieruchomo\u015bci","potentialAction":[{"@type":"SearchAction","target":{"@type":"EntryPoint","urlTemplate":"https:\/\/immobi.co.za\/biuro\/?s={search_term_string}"},"query-input":{"@type":"PropertyValueSpecification","valueRequired":true,"valueName":"search_term_string"}}],"inLanguage":"pl-PL"}]}},"_links":{"self":[{"href":"https:\/\/immobi.co.za\/biuro\/wp-json\/wp\/v2\/pages\/878","targetHints":{"allow":["GET"]}}],"collection":[{"href":"https:\/\/immobi.co.za\/biuro\/wp-json\/wp\/v2\/pages"}],"about":[{"href":"https:\/\/immobi.co.za\/biuro\/wp-json\/wp\/v2\/types\/page"}],"author":[{"embeddable":true,"href":"https:\/\/immobi.co.za\/biuro\/wp-json\/wp\/v2\/users\/1"}],"replies":[{"embeddable":true,"href":"https:\/\/immobi.co.za\/biuro\/wp-json\/wp\/v2\/comments?post=878"}],"version-history":[{"count":5,"href":"https:\/\/immobi.co.za\/biuro\/wp-json\/wp\/v2\/pages\/878\/revisions"}],"predecessor-version":[{"id":991,"href":"https:\/\/immobi.co.za\/biuro\/wp-json\/wp\/v2\/pages\/878\/revisions\/991"}],"wp:attachment":[{"href":"https:\/\/immobi.co.za\/biuro\/wp-json\/wp\/v2\/media?parent=878"}],"curies":[{"name":"wp","href":"https:\/\/api.w.org\/{rel}","templated":true}]}}