{"id":881,"date":"2023-01-23T07:44:33","date_gmt":"2023-01-23T06:44:33","guid":{"rendered":"https:\/\/immobi.co.za\/biuro\/?page_id=881"},"modified":"2025-05-14T13:56:32","modified_gmt":"2025-05-14T11:56:32","slug":"sprzedaj-mieszkanie-praga-polnoc","status":"publish","type":"page","link":"https:\/\/immobi.co.za\/biuro\/sprzedaj-mieszkanie-praga-polnoc\/","title":{"rendered":"Jak sprzeda\u0107 mieszkanie? Dzielnica Praga-P\u00f3\u0142noc, Warszawa"},"content":{"rendered":"\n<p>\u201e<strong>Jak sprzeda\u0107 mieszkanie?<\/strong>\u201d \u2013 to pytanie zadaje sobie wielu w\u0142a\u015bcicieli nieruchomo\u015bci, a my znamy na nie odpowied\u017a, o czym \u015bwiadcz\u0105 wysokie wyniki naszych <strong>sprzeda\u017cy mieszka\u0144 w dzielnicy Praga-P\u00f3\u0142noc w Warszawie<\/strong>. Osobom decyduj\u0105cym si\u0119 na sprzeda\u017c mieszkania czy domu zazwyczaj zale\u017cy przede wszystkim na szybkiej realizacji transakcji oraz oczywi\u015bcie wysokim zysku. Jak jednak to osi\u0105gn\u0105\u0107?<\/p>\n\n\n\n<p>Jedn\u0105 z pierwszych czynno\u015bci powinno by\u0107 skompletowanie dokument\u00f3w. Chodzi tu m.in. o odpis z ksi\u0119gi wieczystej czy akt notarialny przeniesienia w\u0142asno\u015bci lub darowizny oraz za\u015bwiadczenia o braku os\u00f3b zameldowanych w lokalu oraz braku zaleg\u0142o\u015bci w op\u0142atach w sp\u00f3\u0142dzielni. Warto przygotowa\u0107 dokumenty ju\u017c na pocz\u0105tku \u2013 aby po znalezieniu nabywcy nie zniech\u0119ci\u0107 go d\u0142ugim oczekiwaniem na dope\u0142nienie formalno\u015bci.<\/p>\n\n\n\n<h2 class=\"wp-block-heading\">Jak przygotowa\u0107 ofert\u0119 sprzeda\u017cy mieszkania?<\/h2>\n\n\n\n<p>Przed wystawieniem oferty w\u0142a\u015bciciel musi wyceni\u0107 swoj\u0105 nieruchomo\u015b\u0107 \u2013 niezb\u0119dna jest tu znajomo\u015b\u0107 rynku, dlatego warto skorzysta\u0107 z us\u0142ug <a href=\"https:\/\/immobi.co.za\/biuro\/\">agencji nieruchomo\u015bci<\/a>. Kluczow\u0105 kwesti\u0105 jest <strong>przygotowanie mieszkania do sprzeda\u017cy<\/strong>. Nale\u017cy zadba\u0107 o to, by prezentowa\u0142o si\u0119 atrakcyjnie zar\u00f3wno na zdj\u0119ciach, jak i podczas wizyt potencjalnych nabywc\u00f3w.<\/p>\n\n\n\n<p>Oferta sprzeda\u017cowa musi by\u0107 konkretna i zawiera\u0107 wszystkie informacje o nieruchomo\u015bci, takie jak rok budowy budynku, metra\u017c, liczba pokoi, wyposa\u017cenie, cena. Trzeba zamie\u015bci\u0107 j\u0105 na portalach internetowych o odpowiednio du\u017cym zasi\u0119gu i ciesz\u0105cych si\u0119 wiarygodno\u015bci\u0105 w\u015br\u00f3d kupuj\u0105cych.<\/p>\n\n\n\n<p>Dobrze <strong>wiemy, jak sprzedawa\u0107 mieszkania<\/strong>, by szybko dosz\u0142o do zawarcia umowy na warunkach satysfakcjonuj\u0105cych obie strony. Nasz \u015bredni czas sprzeda\u017cy to 2 miesi\u0105ce. Serdecznie zapraszamy do kontaktu w\u0142a\u015bcicieli nieruchomo\u015bci w Warszawie.<\/p>\n","protected":false},"excerpt":{"rendered":"<p>\u201eJak sprzeda\u0107 mieszkanie?\u201d \u2013 to pytanie zadaje sobie wielu w\u0142a\u015bcicieli nieruchomo\u015bci, a my znamy na nie odpowied\u017a, o czym \u015bwiadcz\u0105 wysokie wyniki naszych sprzeda\u017cy mieszka\u0144 w dzielnicy Praga-P\u00f3\u0142noc w Warszawie. Osobom decyduj\u0105cym si\u0119 na sprzeda\u017c mieszkania czy domu zazwyczaj zale\u017cy przede wszystkim na szybkiej realizacji transakcji oraz oczywi\u015bcie wysokim zysku. Jak jednak to osi\u0105gn\u0105\u0107? Jedn\u0105 [&hellip;]<\/p>\n","protected":false},"author":1,"featured_media":0,"parent":0,"menu_order":0,"comment_status":"closed","ping_status":"closed","template":"","meta":{"_acf_changed":false,"inline_featured_image":false,"footnotes":""},"class_list":["post-881","page","type-page","status-publish","hentry"],"acf":[],"yoast_head":"<!-- This site is optimized with the Yoast SEO plugin v27.1.1 - https:\/\/yoast.com\/product\/yoast-seo-wordpress\/ -->\n<title>Jak sprzeda\u0107 mieszkanie? Warszawa Praga P\u00f3\u0142noc: doradztwo i pomoc<\/title>\n<meta name=\"description\" content=\"Nasi agenci wiedz\u0105, jak szybko sprzeda\u0107 mieszkanie i osi\u0105gn\u0105\u0107 cen\u0119 satysfakcjonuj\u0105c\u0105 dla klienta. Sprawd\u017a, na co zwr\u00f3ci\u0107 uwag\u0119 przy sprzeda\u017cy nieruchomo\u015bci!\" \/>\n<meta name=\"robots\" content=\"index, follow, max-snippet:-1, max-image-preview:large, max-video-preview:-1\" \/>\n<link rel=\"canonical\" href=\"https:\/\/immobi.co.za\/biuro\/sprzedaj-mieszkanie-praga-polnoc\/\" \/>\n<meta property=\"og:locale\" content=\"pl_PL\" \/>\n<meta property=\"og:type\" content=\"article\" \/>\n<meta property=\"og:title\" content=\"Jak sprzeda\u0107 mieszkanie? Warszawa Praga P\u00f3\u0142noc: doradztwo i pomoc\" \/>\n<meta property=\"og:description\" content=\"Nasi agenci wiedz\u0105, jak szybko sprzeda\u0107 mieszkanie i osi\u0105gn\u0105\u0107 cen\u0119 satysfakcjonuj\u0105c\u0105 dla klienta. Sprawd\u017a, na co zwr\u00f3ci\u0107 uwag\u0119 przy sprzeda\u017cy nieruchomo\u015bci!\" \/>\n<meta property=\"og:url\" content=\"https:\/\/immobi.co.za\/biuro\/sprzedaj-mieszkanie-praga-polnoc\/\" \/>\n<meta property=\"og:site_name\" content=\"Immobi\" \/>\n<meta property=\"article:publisher\" content=\"https:\/\/www.facebook.com\/immobi.co.za\" \/>\n<meta property=\"article:modified_time\" content=\"2025-05-14T11:56:32+00:00\" \/>\n<meta name=\"twitter:card\" content=\"summary_large_image\" \/>\n<script type=\"application\/ld+json\" class=\"yoast-schema-graph\">{\"@context\":\"https:\/\/schema.org\",\"@graph\":[{\"@type\":\"WebPage\",\"@id\":\"https:\/\/immobi.co.za\/biuro\/sprzedaj-mieszkanie-praga-polnoc\/\",\"url\":\"https:\/\/immobi.co.za\/biuro\/sprzedaj-mieszkanie-praga-polnoc\/\",\"name\":\"Jak sprzeda\u0107 mieszkanie? Warszawa Praga P\u00f3\u0142noc: doradztwo i pomoc\",\"isPartOf\":{\"@id\":\"https:\/\/immobi.co.za\/biuro\/#website\"},\"datePublished\":\"2023-01-23T06:44:33+00:00\",\"dateModified\":\"2025-05-14T11:56:32+00:00\",\"description\":\"Nasi agenci wiedz\u0105, jak szybko sprzeda\u0107 mieszkanie i osi\u0105gn\u0105\u0107 cen\u0119 satysfakcjonuj\u0105c\u0105 dla klienta. Sprawd\u017a, na co zwr\u00f3ci\u0107 uwag\u0119 przy sprzeda\u017cy nieruchomo\u015bci!\",\"breadcrumb\":{\"@id\":\"https:\/\/immobi.co.za\/biuro\/sprzedaj-mieszkanie-praga-polnoc\/#breadcrumb\"},\"inLanguage\":\"pl-PL\",\"potentialAction\":[{\"@type\":\"ReadAction\",\"target\":[\"https:\/\/immobi.co.za\/biuro\/sprzedaj-mieszkanie-praga-polnoc\/\"]}]},{\"@type\":\"BreadcrumbList\",\"@id\":\"https:\/\/immobi.co.za\/biuro\/sprzedaj-mieszkanie-praga-polnoc\/#breadcrumb\",\"itemListElement\":[{\"@type\":\"ListItem\",\"position\":1,\"name\":\"Home\",\"item\":\"https:\/\/immobi.co.za\/biuro\/\"},{\"@type\":\"ListItem\",\"position\":2,\"name\":\"Jak sprzeda\u0107 mieszkanie? Dzielnica Praga-P\u00f3\u0142noc, Warszawa\"}]},{\"@type\":\"WebSite\",\"@id\":\"https:\/\/immobi.co.za\/biuro\/#website\",\"url\":\"https:\/\/immobi.co.za\/biuro\/\",\"name\":\"Immobi\",\"description\":\"Ruchliwe Nieruchomo\u015bci\",\"potentialAction\":[{\"@type\":\"SearchAction\",\"target\":{\"@type\":\"EntryPoint\",\"urlTemplate\":\"https:\/\/immobi.co.za\/biuro\/?s={search_term_string}\"},\"query-input\":{\"@type\":\"PropertyValueSpecification\",\"valueRequired\":true,\"valueName\":\"search_term_string\"}}],\"inLanguage\":\"pl-PL\"}]}<\/script>\n<!-- \/ Yoast SEO plugin. -->","yoast_head_json":{"title":"Jak sprzeda\u0107 mieszkanie? Warszawa Praga P\u00f3\u0142noc: doradztwo i pomoc","description":"Nasi agenci wiedz\u0105, jak szybko sprzeda\u0107 mieszkanie i osi\u0105gn\u0105\u0107 cen\u0119 satysfakcjonuj\u0105c\u0105 dla klienta. Sprawd\u017a, na co zwr\u00f3ci\u0107 uwag\u0119 przy sprzeda\u017cy nieruchomo\u015bci!","robots":{"index":"index","follow":"follow","max-snippet":"max-snippet:-1","max-image-preview":"max-image-preview:large","max-video-preview":"max-video-preview:-1"},"canonical":"https:\/\/immobi.co.za\/biuro\/sprzedaj-mieszkanie-praga-polnoc\/","og_locale":"pl_PL","og_type":"article","og_title":"Jak sprzeda\u0107 mieszkanie? Warszawa Praga P\u00f3\u0142noc: doradztwo i pomoc","og_description":"Nasi agenci wiedz\u0105, jak szybko sprzeda\u0107 mieszkanie i osi\u0105gn\u0105\u0107 cen\u0119 satysfakcjonuj\u0105c\u0105 dla klienta. Sprawd\u017a, na co zwr\u00f3ci\u0107 uwag\u0119 przy sprzeda\u017cy nieruchomo\u015bci!","og_url":"https:\/\/immobi.co.za\/biuro\/sprzedaj-mieszkanie-praga-polnoc\/","og_site_name":"Immobi","article_publisher":"https:\/\/www.facebook.com\/immobi.co.za","article_modified_time":"2025-05-14T11:56:32+00:00","twitter_card":"summary_large_image","schema":{"@context":"https:\/\/schema.org","@graph":[{"@type":"WebPage","@id":"https:\/\/immobi.co.za\/biuro\/sprzedaj-mieszkanie-praga-polnoc\/","url":"https:\/\/immobi.co.za\/biuro\/sprzedaj-mieszkanie-praga-polnoc\/","name":"Jak sprzeda\u0107 mieszkanie? Warszawa Praga P\u00f3\u0142noc: doradztwo i pomoc","isPartOf":{"@id":"https:\/\/immobi.co.za\/biuro\/#website"},"datePublished":"2023-01-23T06:44:33+00:00","dateModified":"2025-05-14T11:56:32+00:00","description":"Nasi agenci wiedz\u0105, jak szybko sprzeda\u0107 mieszkanie i osi\u0105gn\u0105\u0107 cen\u0119 satysfakcjonuj\u0105c\u0105 dla klienta. Sprawd\u017a, na co zwr\u00f3ci\u0107 uwag\u0119 przy sprzeda\u017cy nieruchomo\u015bci!","breadcrumb":{"@id":"https:\/\/immobi.co.za\/biuro\/sprzedaj-mieszkanie-praga-polnoc\/#breadcrumb"},"inLanguage":"pl-PL","potentialAction":[{"@type":"ReadAction","target":["https:\/\/immobi.co.za\/biuro\/sprzedaj-mieszkanie-praga-polnoc\/"]}]},{"@type":"BreadcrumbList","@id":"https:\/\/immobi.co.za\/biuro\/sprzedaj-mieszkanie-praga-polnoc\/#breadcrumb","itemListElement":[{"@type":"ListItem","position":1,"name":"Home","item":"https:\/\/immobi.co.za\/biuro\/"},{"@type":"ListItem","position":2,"name":"Jak sprzeda\u0107 mieszkanie? Dzielnica Praga-P\u00f3\u0142noc, Warszawa"}]},{"@type":"WebSite","@id":"https:\/\/immobi.co.za\/biuro\/#website","url":"https:\/\/immobi.co.za\/biuro\/","name":"Immobi","description":"Ruchliwe Nieruchomo\u015bci","potentialAction":[{"@type":"SearchAction","target":{"@type":"EntryPoint","urlTemplate":"https:\/\/immobi.co.za\/biuro\/?s={search_term_string}"},"query-input":{"@type":"PropertyValueSpecification","valueRequired":true,"valueName":"search_term_string"}}],"inLanguage":"pl-PL"}]}},"_links":{"self":[{"href":"https:\/\/immobi.co.za\/biuro\/wp-json\/wp\/v2\/pages\/881","targetHints":{"allow":["GET"]}}],"collection":[{"href":"https:\/\/immobi.co.za\/biuro\/wp-json\/wp\/v2\/pages"}],"about":[{"href":"https:\/\/immobi.co.za\/biuro\/wp-json\/wp\/v2\/types\/page"}],"author":[{"embeddable":true,"href":"https:\/\/immobi.co.za\/biuro\/wp-json\/wp\/v2\/users\/1"}],"replies":[{"embeddable":true,"href":"https:\/\/immobi.co.za\/biuro\/wp-json\/wp\/v2\/comments?post=881"}],"version-history":[{"count":6,"href":"https:\/\/immobi.co.za\/biuro\/wp-json\/wp\/v2\/pages\/881\/revisions"}],"predecessor-version":[{"id":1198,"href":"https:\/\/immobi.co.za\/biuro\/wp-json\/wp\/v2\/pages\/881\/revisions\/1198"}],"wp:attachment":[{"href":"https:\/\/immobi.co.za\/biuro\/wp-json\/wp\/v2\/media?parent=881"}],"curies":[{"name":"wp","href":"https:\/\/api.w.org\/{rel}","templated":true}]}}