{"id":96,"date":"2021-07-02T12:06:27","date_gmt":"2021-07-02T10:06:27","guid":{"rendered":"http:\/\/immoby.local\/?page_id=96"},"modified":"2026-03-17T14:37:06","modified_gmt":"2026-03-17T13:37:06","slug":"aplikacja","status":"publish","type":"page","link":"https:\/\/immobi.co.za\/biuro\/aplikacja\/","title":{"rendered":"Sprzedaj"},"content":{"rendered":"\n<div class=\"wp-block-columns is-layout-flex wp-container-core-columns-is-layout-9d6595d7 wp-block-columns-is-layout-flex\">\n<div class=\"wp-block-column is-layout-flow wp-block-column-is-layout-flow\" style=\"flex-basis:100%\">\n<div class=\"wp-block-group\"><div class=\"wp-block-group__inner-container is-layout-flow wp-block-group-is-layout-flow\">\n\n<section class=\"block-sell-hero\">\n\t<div class=\"container-fluid text-white\">\n\t\t<div class=\"block-sell-hero__block\">\n\t\t\t<div class=\"row no-gutters w-100\">\n\t\t\t\t<div class=\"col-12 col-lg-6 bg-primary d-flex flex-column justify-content-between px-6 px-lg-7 py-8 py-lg-7\">\n\n\t\t\t\t\t<div>\n\t\t\t\t\t\t\t\t\t\t\t\t\t<h1 class=\"display-3 mb-5 pr-lg-10\">Bardzo wysoka skuteczno\u015b\u0107<\/h1>\n\t\t\t\t\t\t\n\t\t\t\t\t\t\t\t\t\t\t\t\t<h2 class=\"h2 mb-5 pr-lg-10\">(bo bardzo si\u0119 staramy).<\/h2>\n\t\t\t\t\t\t\n\t\t\t\t\t\t\t\t\t\t\t\t\t<div class=\"fs-20 fs-lg-24 fw-500 lh-13 pr-lg-10\"><p><span style=\"font-weight: 400\">Sprzedajemy ok. 93% mieszka\u0144, gdy umowa jest na wy\u0142\u0105czno\u015b\u0107 i 75%, gdy w\u0142a\u015bciciel og\u0142asza r\u00f3wnolegle z nami (to bardzo du\u017co).<\/span><\/p>\n<\/div>\n\t\t\t\t\t\t\t\t\t\t\t<\/div>\n\n\t\t\t\t\t<div class=\"mt-8\"><a href=\"#kontakt\" class=\"btn btn-white btn-pill btn-xl maxw-292px w-100 minw-unset d-block d-md-inline-block\">Skontaktuj si\u0119 z nami<\/a><\/div>\t\t\t\t<\/div>\n\t\t\t\t<div class=\"col-12 col-lg-6 minh-456px\">\n\t\t\t\t\t<div class=\"overlay\">\n\t\t\t\t\t\t<div class=\"overlay-inner bg-cover\" style=\"background-image: url(https:\/\/immobi.co.za\/biuro\/wp-content\/uploads\/2021\/07\/0be82bf768ab2609624da6b072ec422c--992x661.jpg);\"><\/div>\t\t\t\t\t<\/div>\n\t\t\t\t<\/div>\n\t\t\t<\/div>\n\t\t<\/div>\n\t<\/div>\n<\/section>\n<\/div><\/div>\n<\/div>\n<\/div>\n\n\n\n\n<section class=\"block-sell-features\">\n\t<div class=\"container container-1210\">\n\t\t\t\t\t<div class=\"row m-n6\">\n\t\t\t\t\t\t\t\t\t<div class=\"col-12 col-lg-4 p-6 block-sell-features__col\">\n\t\t\t\t\t\t<img decoding=\"async\" src=\"https:\/\/immobi.co.za\/biuro\/wp-content\/uploads\/2021\/08\/1.svg\" class=\"number-badge-img ml-sm-2 mb-5\" alt=\"1\" \/>\t\t\t\t\t\t<img loading=\"lazy\" decoding=\"async\" width=\"96\" height=\"96\" src=\"https:\/\/immobi.co.za\/biuro\/wp-content\/uploads\/2021\/08\/Reviews-1.png\" class=\"d-block img-fluid mb-4\" alt=\"chat\" \/>\t\t\t\t\t\t<h3 class=\"mb-2\">24\/7 (nie zawsze, ale czasem)<\/h3>\n\t\t\t\t\t\t<div class=\"fs-15 lh-12 text-gray-600\"><p>Staramy si\u0119 trzyma\u0107 przyj\u0119tych godzin pracy, mimo to zawsze pomagamy w nag\u0142ych sytuacjach \u2013 w \u015bwi\u0105tek czy pi\u0105tek.<\/p>\n<\/div>\n\t\t\t\t\t<\/div>\n\t\t\t\t\t\t\t\t\t<div class=\"col-12 col-lg-4 p-6 block-sell-features__col\">\n\t\t\t\t\t\t<img decoding=\"async\" src=\"https:\/\/immobi.co.za\/biuro\/wp-content\/uploads\/2021\/08\/2.svg\" class=\"number-badge-img ml-sm-2 mb-5\" alt=\"2\" \/>\t\t\t\t\t\t<img loading=\"lazy\" decoding=\"async\" width=\"96\" height=\"96\" src=\"https:\/\/immobi.co.za\/biuro\/wp-content\/uploads\/2021\/08\/Honesty-1.png\" class=\"d-block img-fluid mb-4\" alt=\"check\" \/>\t\t\t\t\t\t<h3 class=\"mb-2\">Klienci nas lubi\u0105<br \/>\r\n<\/h3>\n\t\t\t\t\t\t<div class=\"fs-15 lh-12 text-gray-600\"><p>Cho\u0107 oceniamy si\u0119 bardzo surowo, klienci zdaj\u0105 si\u0119 nas bardzo lubi\u0107. Mo\u017ce dlatego, \u017ce jeste\u015bmy tak zaanga\u017cowani i pracowici. Nie wiemy.<\/p>\n<\/div>\n\t\t\t\t\t<\/div>\n\t\t\t\t\t\t\t\t\t<div class=\"col-12 col-lg-4 p-6 block-sell-features__col\">\n\t\t\t\t\t\t<img decoding=\"async\" src=\"https:\/\/immobi.co.za\/biuro\/wp-content\/uploads\/2021\/08\/3.svg\" class=\"number-badge-img ml-sm-2 mb-5\" alt=\"3\" \/>\t\t\t\t\t\t<img loading=\"lazy\" decoding=\"async\" width=\"96\" height=\"96\" src=\"https:\/\/immobi.co.za\/biuro\/wp-content\/uploads\/2021\/08\/Efficiency-1.png\" class=\"d-block img-fluid mb-4\" alt=\"zasi\u0119g\" \/>\t\t\t\t\t\t<h3 class=\"mb-2\">\u015awietne wyniki<\/h3>\n\t\t\t\t\t\t<div class=\"fs-15 lh-12 text-gray-600\"><p>93% skuteczno\u015bci, 100% (prawie) pozytywnych ocen \u2013 cho\u0107 lubimy statystyki, bardziej skupiamy si\u0119 na ludziach. Dlatego tak dobrze nam idzie.<\/p>\n<\/div>\n\t\t\t\t\t<\/div>\n\t\t\t\t\t\t\t<\/div>\n\t\t\t<\/div>\n<\/section>\n\n\n\n\n<section class=\"block-sell-app-1 bg-light\">\n\t<div class=\"container container-1270\">\n\t\t<div class=\"row align-items-center\">\n\t\t\t<div class=\"col-12 col-lg-6\">\n\t\t\t\t\t\t\t\t\t<h3 class=\"h1 mb-4\">Wszystko jak na d\u0142oni.<br \/>\r\n<\/h3>\n\t\t\t\t\n\t\t\t\t\t\t\t\t\t<div class=\"block-sell-app__content\"><h3><span style=\"font-weight: 400\">Aplikacja daje pe\u0142n\u0105 kontrol\u0119 nad procesem sprzeda\u017cy. To takie biuro nieruchomo\u015bci w kieszeni.<\/span><\/h3>\n<ul>\n<li style=\"font-weight: 400\"><span style=\"font-weight: 400\">Agent prowadz\u0105cy zawsze pod r\u0119k\u0105.<\/span><\/li>\n<li style=\"font-weight: 400\"><span style=\"font-weight: 400\">Raporty statystyk ze wszystkich portali.<\/span><\/li>\n<li style=\"font-weight: 400\"><span style=\"font-weight: 400\">Podgl\u0105d statusu dzia\u0142a\u0144 agenta.<\/span><\/li>\n<\/ul>\n<p><span style=\"font-weight: 400\">I wi\u0119cej rzeczy, kt\u00f3re u\u0142atwiaj\u0105 \u017cycie.<\/span><\/p>\n<\/div>\n\t\t\t\t\n\t\t\t\t<div class=\"mt-7 d-flex flex-column flex-md-row align-items-center flex-wrap text-center mx-n2 mb-n5\"><a class=\"btn btn-primary btn-pill btn-lg mb-5 mx-2\" href=\"https:\/\/play.google.com\/store\/apps\/details?id=co.za.immobi\" target=\"_blank\" rel=\"noopener\">Pobierz aplikacj\u0119<\/a><a class=\"d-inline-block mb-5 mx-2\" href=\"https:\/\/apps.apple.com\/pl\/app\/immobi\/id1579488959\" target=\"_blank\" rel=\"noopener\"><img loading=\"lazy\" decoding=\"async\" src=\"https:\/\/immobi.co.za\/biuro\/wp-content\/themes\/immoby\/assets\/images\/button-app-store.svg\" class=\"img-fluid d-block\" alt=\"Logo AppStore\" width=\"124\" height=\"38\"><\/a><a class=\"d-inline-block mb-5 mx-2\" href=\"https:\/\/play.google.com\/store\/apps\/details?id=co.za.immobi\" target=\"_blank\" rel=\"noopener\"><img loading=\"lazy\" decoding=\"async\" src=\"https:\/\/immobi.co.za\/biuro\/wp-content\/themes\/immoby\/assets\/images\/button-google-play.png\" class=\"img-fluid d-block\" alt=\"Logo Google Play\" width=\"128\" height=\"38\"><\/a><\/div>\t\t\t<\/div>\n\t\t\t\t\t\t\t<div class=\"col-12 col-lg-6 block-sell-app__col-img\">\n\t\t\t\t\t<img loading=\"lazy\" decoding=\"async\" width=\"700\" height=\"1456\" src=\"https:\/\/immobi.co.za\/biuro\/wp-content\/uploads\/2021\/09\/iPhone1@2x-1.png\" class=\"d-block img-fluid mx-auto maxw-260px maxw-lg-350px\" alt=\"Immobi.co.za - Screen aplikacji mobilnej\" srcset=\"https:\/\/immobi.co.za\/biuro\/wp-content\/uploads\/2021\/09\/iPhone1@2x-1.png 700w, https:\/\/immobi.co.za\/biuro\/wp-content\/uploads\/2021\/09\/iPhone1@2x-1-144x300.png 144w, https:\/\/immobi.co.za\/biuro\/wp-content\/uploads\/2021\/09\/iPhone1@2x-1-492x1024.png 492w\" sizes=\"auto, (max-width: 700px) 100vw, 700px\" \/>\t\t\t\t<\/div>\n\t\t\t\t\t<\/div>\n\t<\/div>\n<\/section>\n\n\n\n\n<section class=\"block-sell-app-2 bg-primary\">\n\t<div class=\"container container-1270 text-white\">\n\t\t<div class=\"row align-items-center flex-lg-row-reverse\">\n\t\t\t<div class=\"col-12 col-lg-6\">\n\t\t\t\t\t\t\t\t\t<h3 class=\"h1 mb-4\">Raporty statystyk og\u0142oszenia<br \/>\r\n<\/h3>\n\t\t\t\t\n\t\t\t\t\t\t\t\t\t<div class=\"block-sell-app__content\"><p><span style=\"font-weight: 400\">Informacje co si\u0119 dzieje z og\u0142oszeniem na wszystkich portalach. Wygodniej jest sprawdzi\u0107 to w jednej aplikacji ni\u017c logowa\u0107 si\u0119\u00a0na wiele stron.<\/span><\/p>\n<\/div>\n\t\t\t\t\n\t\t\t\t<div class=\"mt-7 d-flex flex-column flex-md-row align-items-center flex-wrap text-center mx-n3 mb-n5\"><a class=\"btn btn-black btn-pill btn-lg mb-5 mx-3\" href=\"https:\/\/play.google.com\/store\/apps\/details?id=co.za.immobi\" target=\"_blank\" rel=\"noopener\">Pobierz aplikacj\u0119<\/a><a class=\"d-inline-block mb-5 mx-3\" href=\"https:\/\/apps.apple.com\/pl\/app\/immobi\/id1579488959\" target=\"_blank\" rel=\"noopener\"><img loading=\"lazy\" decoding=\"async\" src=\"https:\/\/immobi.co.za\/biuro\/wp-content\/themes\/immoby\/assets\/images\/button-app-store.svg\" class=\"img-fluid d-block\" alt=\"Logo AppStore\" width=\"124\" height=\"38\"><\/a><a class=\"d-inline-block mb-5 mx-3\" href=\"https:\/\/play.google.com\/store\/apps\/details?id=co.za.immobi\" target=\"_blank\" rel=\"noopener\"><img loading=\"lazy\" decoding=\"async\" src=\"https:\/\/immobi.co.za\/biuro\/wp-content\/themes\/immoby\/assets\/images\/button-google-play.png\" class=\"img-fluid d-block\" alt=\"Logo Google Play\" width=\"128\" height=\"38\"><\/a><\/div>\t\t\t<\/div>\n\t\t\t\t\t\t\t<div class=\"col-12 col-lg-6 block-sell-app__col-img\">\n\t\t\t\t\t<img loading=\"lazy\" decoding=\"async\" width=\"700\" height=\"1456\" src=\"https:\/\/immobi.co.za\/biuro\/wp-content\/uploads\/2021\/09\/iPhone2@2x-1.png\" class=\"d-block img-fluid mx-auto maxw-260px maxw-lg-350px\" alt=\"Immobi.co.za - Wygl\u0105d aplikacji mobilnej\" srcset=\"https:\/\/immobi.co.za\/biuro\/wp-content\/uploads\/2021\/09\/iPhone2@2x-1.png 700w, https:\/\/immobi.co.za\/biuro\/wp-content\/uploads\/2021\/09\/iPhone2@2x-1-144x300.png 144w, https:\/\/immobi.co.za\/biuro\/wp-content\/uploads\/2021\/09\/iPhone2@2x-1-492x1024.png 492w\" sizes=\"auto, (max-width: 700px) 100vw, 700px\" \/>\t\t\t\t<\/div>\n\t\t\t\t\t<\/div>\n\t<\/div>\n<\/section>\n\n\n\n\n<section class=\"block-sell-app-3\">\n\t<div class=\"container container-1270\">\n\t\t<div class=\"row align-items-center\">\n\t\t\t<div class=\"col-12 col-lg-6\">\n\t\t\t\t\t\t\t\t\t<h3 class=\"h1 mb-4\">Podgl\u0105d dzia\u0142a\u0144 agenta<\/h3>\n\t\t\t\t\n\t\t\t\t\t\t\t\t\t<div class=\"block-sell-app__content\"><p><span style=\"font-weight: 400\">Wida\u0107 jak na d\u0142oni jak agent opiekuje si\u0119 og\u0142oszeniem \u2013 ile by\u0142o zapyta\u0144, ilu Klientom zaprezentowa\u0142 mieszkanie, jakie s\u0105 szanse na sprzeda\u017c.<\/span><\/p>\n<\/div>\n\t\t\t\t\n\t\t\t\t<div class=\"mt-7 d-flex flex-column flex-md-row align-items-center flex-wrap text-center mx-n3 mb-n5\"><a class=\"btn btn-primary btn-pill btn-lg mb-5 mx-3\" href=\"https:\/\/play.google.com\/store\/apps\/details?id=co.za.immobi\" target=\"_blank\" rel=\"noopener\">Pobierz aplikacj\u0119<\/a><a class=\"d-inline-block mb-5 mx-3\" href=\"https:\/\/apps.apple.com\/pl\/app\/immobi\/id1579488959\" target=\"_blank\" rel=\"noopener\"><img loading=\"lazy\" decoding=\"async\" src=\"https:\/\/immobi.co.za\/biuro\/wp-content\/themes\/immoby\/assets\/images\/button-app-store.svg\" class=\"img-fluid d-block\" alt=\"Logo AppStore\" width=\"124\" height=\"38\"><\/a><a class=\"d-inline-block mb-5 mx-3\" href=\"https:\/\/play.google.com\/store\/apps\/details?id=co.za.immobi\" target=\"_blank\" rel=\"noopener\"><img loading=\"lazy\" decoding=\"async\" src=\"https:\/\/immobi.co.za\/biuro\/wp-content\/themes\/immoby\/assets\/images\/button-google-play.png\" class=\"img-fluid d-block\" alt=\"Logo Google Play\" width=\"128\" height=\"38\"><\/a><\/div>\t\t\t<\/div>\n\t\t\t\t\t\t\t<div class=\"col-12 col-lg-6 block-sell-app__col-img\">\n\t\t\t\t\t<img loading=\"lazy\" decoding=\"async\" width=\"700\" height=\"1456\" src=\"https:\/\/immobi.co.za\/biuro\/wp-content\/uploads\/2021\/09\/iPhone3@2x-1.png\" class=\"d-block img-fluid mx-auto maxw-260px maxw-lg-350px\" alt=\"Immobi.co.za - Aplikacja mobilna - Sprzedaj\" srcset=\"https:\/\/immobi.co.za\/biuro\/wp-content\/uploads\/2021\/09\/iPhone3@2x-1.png 700w, https:\/\/immobi.co.za\/biuro\/wp-content\/uploads\/2021\/09\/iPhone3@2x-1-144x300.png 144w, https:\/\/immobi.co.za\/biuro\/wp-content\/uploads\/2021\/09\/iPhone3@2x-1-492x1024.png 492w\" sizes=\"auto, (max-width: 700px) 100vw, 700px\" \/>\t\t\t\t<\/div>\n\t\t\t\t\t<\/div>\n\t<\/div>\n<\/section>\n\n\n\n\n<section class=\"block-sell-cta\" id=\"Tagline\">\n\t<div class=\"container container-1270 text-white\">\n\t\t<div class=\"block-sell-cta__block bg-black\">\n\t\t\t<div class=\"row no-gutters w-100\">\n\t\t\t\t<div class=\"col-12 col-lg-6 d-flex flex-column justify-content-center px-6 px-lg-9 py-8 py-lg-7\">\n\n\t\t\t\t\t<div>\n\t\t\t\t\t\t\n\t\t\t\t\t\t\t\t\t\t\t\t\t<h4 class=\"h1 mb-4\">100% (prawie) opinii 5\/5. Naprawd\u0119.<\/h4>\n\t\t\t\t\t\t\n\t\t\t\t\t\t\t\t\t\t\t\t\t<div class=\"fs-18 lh-14 pr-lg-10\"><p><span style=\"font-weight: 400\">W momencie pisania tego tekstu, prawie 100% Klient\u00f3w da\u0142o nam ocen\u0119 5\/5 w Google i na Facebook. Staramy si\u0119, by ka\u017cdy nowy Klient chcia\u0142 nam tak\u0105 wystawi\u0107.<\/span><\/p>\n<\/div>\n\t\t\t\t\t\t\t\t\t\t\t<\/div>\n\n\t\t\t\t\t<div class=\"mt-7 d-flex flex-column flex-md-row flex-lg-column flex-xl-row align-items-center flex-wrap text-center mx-n3 mr-xl-n10 mb-n5\"><a class=\"btn btn-primary btn-pill btn-lg mb-5 mx-3\" href=\"https:\/\/immobi.co.za\/oferty\/login\" target=\"_blank\" rel=\"noopener\">Zaloguj si\u0119<\/a><\/div>\t\t\t\t<\/div>\n\t\t\t\t<div class=\"col-12 col-lg-6 minh-525px\">\n\t\t\t\t\t<div class=\"overlay zindex-0\">\n\t\t\t\t\t\t<div class=\"overlay-inner bg-cover d-lg-none\" style=\"background-image: url(https:\/\/immobi.co.za\/biuro\/wp-content\/uploads\/2021\/07\/2c2dd1f6fe0b19c789223dcbb3e01cb4-992x992.jpg);\"><\/div><div class=\"overlay-inner bg-cover bg-center-left d-none d-lg-block\" style=\"background-image: url(https:\/\/immobi.co.za\/biuro\/wp-content\/uploads\/2021\/07\/sell-cta-bg-992x992.png);\"><\/div>\t\t\t\t\t<\/div>\n\t\t\t\t<\/div>\n\t\t\t<\/div>\n\t\t<\/div>\n\t<\/div>\n<\/section>\n\n\n\n\n<section class=\"block-home-cta overflow-hidden\" id=\"kontakt\">\n\t\t\t<div class=\"container mb-7\">\n\t\t\t<div class=\"row justify-content-center text-center\">\n\t\t\t\t<div class=\"col-12 col-md-9 col-lg-8\">\n\t\t\t\t\t\t\t\t\t\t\t<p class=\"mb-3\">IMMOBI<\/p>\n\t\t\t\t\t\n\t\t\t\t\t\t\t\t\t\t\t<h4 class=\"h2 mb-0\">To prawda, \u017ce jeste\u015bmy jednym z najbardziej lubianych biur nieruchomo\u015bci w Warszawie, jednak czy mog\u0105 Pa\u0144stwo kojarzy\u0107 nas z nasz\u0105 aplikacj\u0105 mobiln\u0105? <br \/>\r\nJest super.<\/h4>\n\t\t\t\t\t\t\t\t\t<\/div>\n\t\t\t<\/div>\n\t\t<\/div>\n\t\t<div class=\"container text-white text-center\">\n\t\t<div class=\"row align-items-stretch\">\n\t\t\t<div class=\"block-home-cta__left col-12 col-lg-6 d-flex align-items-center justify-content-center py-7\">\n\t\t\t\t<div class=\"overlay block-home-cta__overlay-left bg-black\"><\/div>\n\t\t\t\t<a href=\"tel:+48%20575%20595%20800\" class=\"btn btn-primary btn-pill btn-xl d-block d-md-inline-block\">Kliknij i um\u00f3w si\u0119 na spotkanie<\/a>\t\t\t<\/div>\n\t\t\t<div class=\"block-home-cta__right ol-12 col-lg-6 d-flex align-items-center justify-content-center py-7\">\n\t\t\t\t<div class=\"overlay block-home-cta__overlay-right bg-primary\"><\/div>\n\t\t\t\t<div>\n\t\t\t\t\t\t\t\t\t\t\t<p class=\"h2 mb-0\">lub zadzwo\u0144 <\/p>\n\t\t\t\t\t\n\t\t\t\t\t\t\t\t\t\t\t<div class=\"h1 mb-0\">575 595 800<\/div>\n\t\t\t\t\t\t\t\t\t<\/div>\n\t\t\t<\/div>\n\t\t<\/div>\n\t<\/div>\n<\/section>\n\n\n<div class=\"text-section\">\n<h2>Aplikacja do sprzedawania mieszka\u0144 \u2013 Immobi<\/h2>\n<p>Aplikacja Immobi to nowoczesne narz\u0119dzie wspieraj\u0105ce proces sprzeda\u017cy i wynajmu nieruchomo\u015bci. Dzi\u0119ki intuicyjnemu interfejsowi u\u017cytkownicy mog\u0105 \u0142atwo publikowa\u0107 oferty, negocjowa\u0107 ceny oraz ustala\u0107 terminy prezentacji. Nasza <strong>aplikacja do sprzedawania<\/strong> jest kompatybilna z systemami iOS i Android, co pozwala na szerokie dotarcie do potencjalnych Klient\u00f3w. Rejestracja wymaga natomiast podania podstawowych danych osobowych, co zapewnia bezpiecze\u0144stwo transakcji. U\u017cytkownicy maj\u0105 te\u017c mo\u017cliwo\u015b\u0107 edytowania informacji oraz zmiany has\u0142a, co daje pe\u0142n\u0105 kontrol\u0119 nad kontem.<\/p>\n<p><strong>Immobi wysy\u0142a r\u00f3wnie\u017c powiadomienia o spotkaniach i propozycjach cenowych<\/strong>, co u\u0142atwia zarz\u0105dzanie ofertami. Dzi\u0119ki niej proces sprzeda\u017cy nieruchomo\u015bci staje si\u0119 prostszy i bardziej efektywny, a u\u017cytkownicy mog\u0105 skupi\u0107 si\u0119 na najwa\u017cniejszych aspektach transakcji. To nowoczesne rozwi\u0105zanie, kt\u00f3re znacznie usprawnia formalno\u015bci.<\/p>\n<\/div>","protected":false},"excerpt":{"rendered":"<p>Aplikacja do sprzedawania mieszka\u0144 \u2013 Immobi Aplikacja Immobi to nowoczesne narz\u0119dzie wspieraj\u0105ce proces sprzeda\u017cy i wynajmu nieruchomo\u015bci. Dzi\u0119ki intuicyjnemu interfejsowi u\u017cytkownicy mog\u0105 \u0142atwo publikowa\u0107 oferty, negocjowa\u0107 ceny oraz ustala\u0107 terminy prezentacji. Nasza aplikacja do sprzedawania jest kompatybilna z systemami iOS i Android, co pozwala na szerokie dotarcie do potencjalnych Klient\u00f3w. Rejestracja wymaga natomiast podania podstawowych [&hellip;]<\/p>\n","protected":false},"author":1,"featured_media":0,"parent":0,"menu_order":0,"comment_status":"closed","ping_status":"closed","template":"templates\/template-fullwidth.php","meta":{"_acf_changed":false,"inline_featured_image":false,"footnotes":""},"class_list":["post-96","page","type-page","status-publish","hentry"],"acf":[],"yoast_head":"<!-- This site is optimized with the Yoast SEO plugin v27.1.1 - https:\/\/yoast.com\/product\/yoast-seo-wordpress\/ -->\n<title>Aplikacja do sprzedawania mieszka\u0144 | Immobi<\/title>\n<meta name=\"description\" content=\"Poznaj aplikacj\u0119 do sprzedawania mieszka\u0144, kt\u00f3ra u\u0142atwia zarz\u0105dzanie ofertami i klientami. Zwi\u0119ksz efektywno\u015b\u0107 swojego biznesu dzi\u0119ki zaawansowanym funkcjom.\" \/>\n<meta name=\"robots\" content=\"index, follow, max-snippet:-1, max-image-preview:large, max-video-preview:-1\" \/>\n<link rel=\"canonical\" href=\"https:\/\/immobi.co.za\/biuro\/aplikacja\/\" \/>\n<meta property=\"og:locale\" content=\"pl_PL\" \/>\n<meta property=\"og:type\" content=\"article\" \/>\n<meta property=\"og:title\" content=\"Aplikacja do sprzedawania mieszka\u0144 | Immobi\" \/>\n<meta property=\"og:description\" content=\"Poznaj aplikacj\u0119 do sprzedawania mieszka\u0144, kt\u00f3ra u\u0142atwia zarz\u0105dzanie ofertami i klientami. Zwi\u0119ksz efektywno\u015b\u0107 swojego biznesu dzi\u0119ki zaawansowanym funkcjom.\" \/>\n<meta property=\"og:url\" content=\"https:\/\/immobi.co.za\/biuro\/aplikacja\/\" \/>\n<meta property=\"og:site_name\" content=\"Immobi\" \/>\n<meta property=\"article:publisher\" content=\"https:\/\/www.facebook.com\/immobi.co.za\" \/>\n<meta property=\"article:modified_time\" content=\"2026-03-17T13:37:06+00:00\" \/>\n<meta name=\"twitter:card\" content=\"summary_large_image\" \/>\n<meta name=\"twitter:label1\" content=\"Szacowany czas czytania\" \/>\n\t<meta name=\"twitter:data1\" content=\"1 minuta\" \/>\n<script type=\"application\/ld+json\" class=\"yoast-schema-graph\">{\"@context\":\"https:\/\/schema.org\",\"@graph\":[{\"@type\":\"WebPage\",\"@id\":\"https:\/\/immobi.co.za\/biuro\/aplikacja\/\",\"url\":\"https:\/\/immobi.co.za\/biuro\/aplikacja\/\",\"name\":\"Aplikacja do sprzedawania mieszka\u0144 | Immobi\",\"isPartOf\":{\"@id\":\"https:\/\/immobi.co.za\/biuro\/#website\"},\"datePublished\":\"2021-07-02T10:06:27+00:00\",\"dateModified\":\"2026-03-17T13:37:06+00:00\",\"description\":\"Poznaj aplikacj\u0119 do sprzedawania mieszka\u0144, kt\u00f3ra u\u0142atwia zarz\u0105dzanie ofertami i klientami. Zwi\u0119ksz efektywno\u015b\u0107 swojego biznesu dzi\u0119ki zaawansowanym funkcjom.\",\"breadcrumb\":{\"@id\":\"https:\/\/immobi.co.za\/biuro\/aplikacja\/#breadcrumb\"},\"inLanguage\":\"pl-PL\",\"potentialAction\":[{\"@type\":\"ReadAction\",\"target\":[\"https:\/\/immobi.co.za\/biuro\/aplikacja\/\"]}]},{\"@type\":\"BreadcrumbList\",\"@id\":\"https:\/\/immobi.co.za\/biuro\/aplikacja\/#breadcrumb\",\"itemListElement\":[{\"@type\":\"ListItem\",\"position\":1,\"name\":\"Home\",\"item\":\"https:\/\/immobi.co.za\/biuro\/\"},{\"@type\":\"ListItem\",\"position\":2,\"name\":\"Sprzedaj\"}]},{\"@type\":\"WebSite\",\"@id\":\"https:\/\/immobi.co.za\/biuro\/#website\",\"url\":\"https:\/\/immobi.co.za\/biuro\/\",\"name\":\"Immobi\",\"description\":\"Ruchliwe Nieruchomo\u015bci\",\"potentialAction\":[{\"@type\":\"SearchAction\",\"target\":{\"@type\":\"EntryPoint\",\"urlTemplate\":\"https:\/\/immobi.co.za\/biuro\/?s={search_term_string}\"},\"query-input\":{\"@type\":\"PropertyValueSpecification\",\"valueRequired\":true,\"valueName\":\"search_term_string\"}}],\"inLanguage\":\"pl-PL\"}]}<\/script>\n<!-- \/ Yoast SEO plugin. -->","yoast_head_json":{"title":"Aplikacja do sprzedawania mieszka\u0144 | Immobi","description":"Poznaj aplikacj\u0119 do sprzedawania mieszka\u0144, kt\u00f3ra u\u0142atwia zarz\u0105dzanie ofertami i klientami. Zwi\u0119ksz efektywno\u015b\u0107 swojego biznesu dzi\u0119ki zaawansowanym funkcjom.","robots":{"index":"index","follow":"follow","max-snippet":"max-snippet:-1","max-image-preview":"max-image-preview:large","max-video-preview":"max-video-preview:-1"},"canonical":"https:\/\/immobi.co.za\/biuro\/aplikacja\/","og_locale":"pl_PL","og_type":"article","og_title":"Aplikacja do sprzedawania mieszka\u0144 | Immobi","og_description":"Poznaj aplikacj\u0119 do sprzedawania mieszka\u0144, kt\u00f3ra u\u0142atwia zarz\u0105dzanie ofertami i klientami. Zwi\u0119ksz efektywno\u015b\u0107 swojego biznesu dzi\u0119ki zaawansowanym funkcjom.","og_url":"https:\/\/immobi.co.za\/biuro\/aplikacja\/","og_site_name":"Immobi","article_publisher":"https:\/\/www.facebook.com\/immobi.co.za","article_modified_time":"2026-03-17T13:37:06+00:00","twitter_card":"summary_large_image","twitter_misc":{"Szacowany czas czytania":"1 minuta"},"schema":{"@context":"https:\/\/schema.org","@graph":[{"@type":"WebPage","@id":"https:\/\/immobi.co.za\/biuro\/aplikacja\/","url":"https:\/\/immobi.co.za\/biuro\/aplikacja\/","name":"Aplikacja do sprzedawania mieszka\u0144 | Immobi","isPartOf":{"@id":"https:\/\/immobi.co.za\/biuro\/#website"},"datePublished":"2021-07-02T10:06:27+00:00","dateModified":"2026-03-17T13:37:06+00:00","description":"Poznaj aplikacj\u0119 do sprzedawania mieszka\u0144, kt\u00f3ra u\u0142atwia zarz\u0105dzanie ofertami i klientami. Zwi\u0119ksz efektywno\u015b\u0107 swojego biznesu dzi\u0119ki zaawansowanym funkcjom.","breadcrumb":{"@id":"https:\/\/immobi.co.za\/biuro\/aplikacja\/#breadcrumb"},"inLanguage":"pl-PL","potentialAction":[{"@type":"ReadAction","target":["https:\/\/immobi.co.za\/biuro\/aplikacja\/"]}]},{"@type":"BreadcrumbList","@id":"https:\/\/immobi.co.za\/biuro\/aplikacja\/#breadcrumb","itemListElement":[{"@type":"ListItem","position":1,"name":"Home","item":"https:\/\/immobi.co.za\/biuro\/"},{"@type":"ListItem","position":2,"name":"Sprzedaj"}]},{"@type":"WebSite","@id":"https:\/\/immobi.co.za\/biuro\/#website","url":"https:\/\/immobi.co.za\/biuro\/","name":"Immobi","description":"Ruchliwe Nieruchomo\u015bci","potentialAction":[{"@type":"SearchAction","target":{"@type":"EntryPoint","urlTemplate":"https:\/\/immobi.co.za\/biuro\/?s={search_term_string}"},"query-input":{"@type":"PropertyValueSpecification","valueRequired":true,"valueName":"search_term_string"}}],"inLanguage":"pl-PL"}]}},"_links":{"self":[{"href":"https:\/\/immobi.co.za\/biuro\/wp-json\/wp\/v2\/pages\/96","targetHints":{"allow":["GET"]}}],"collection":[{"href":"https:\/\/immobi.co.za\/biuro\/wp-json\/wp\/v2\/pages"}],"about":[{"href":"https:\/\/immobi.co.za\/biuro\/wp-json\/wp\/v2\/types\/page"}],"author":[{"embeddable":true,"href":"https:\/\/immobi.co.za\/biuro\/wp-json\/wp\/v2\/users\/1"}],"replies":[{"embeddable":true,"href":"https:\/\/immobi.co.za\/biuro\/wp-json\/wp\/v2\/comments?post=96"}],"version-history":[{"count":133,"href":"https:\/\/immobi.co.za\/biuro\/wp-json\/wp\/v2\/pages\/96\/revisions"}],"predecessor-version":[{"id":1684,"href":"https:\/\/immobi.co.za\/biuro\/wp-json\/wp\/v2\/pages\/96\/revisions\/1684"}],"wp:attachment":[{"href":"https:\/\/immobi.co.za\/biuro\/wp-json\/wp\/v2\/media?parent=96"}],"curies":[{"name":"wp","href":"https:\/\/api.w.org\/{rel}","templated":true}]}}